{"id":5714,"date":"2019-10-14T13:50:56","date_gmt":"2019-10-14T13:50:56","guid":{"rendered":"https:\/\/www.palmaequipmentrental.com\/?post_type=product&#038;p=5714"},"modified":"2023-10-11T17:51:35","modified_gmt":"2023-10-11T17:51:35","slug":"pro-a1x-wide-lens","status":"publish","type":"product","link":"https:\/\/palmaequipmentrental.com\/de\/photo-video-equipment-mallorca\/pro-a1x-wide-lens\/","title":{"rendered":"Profoto Wide Lens"},"content":{"rendered":"<p>Mit der Wide Lens k\u00f6nnen Sie den Leuchtwinkel des A10, A1X- oder A1-Blitzkopfes erweitern, was speziell bei der Verwendung eines Weitwinkelobjektivs zum Tragen kommt. Ganz besonders praktisch ist jedoch, dass Sie mit dieser Wide Lens auch weiterhin die Zoom-Funktion nutzen k\u00f6nnen, um den Leuchtwinkel anzupassen. Auf diese Weise erzeugen Sie ein ansprechendes Licht mit gro\u00dfem Leuchtwinkel, das ideal f\u00fcr Gruppenportr\u00e4ts ist.<\/p>\n<p>Dank der magnetischen Halterung l\u00e4sst sie sich einfach anbringen und auch wieder entfernen. Sie ist zudem stapelbar, sodass sie zusammen mit anderen A1X- oder A1-Lichtformern wie etwa Farbfolien genutzt werden kann. Damit erweitern sich Ihre kreativen M\u00f6glichkeiten bei der Lichtgestaltung.<\/p>\n<h3 class=\"tab__content-subtitle\">Eigenschaften<\/h3>\n<ul>\n<li>Erzeugt Licht mit weitem Leuchtwinkel\u00a0\u2013 perfekt f\u00fcr Gruppenportr\u00e4ts.<\/li>\n<li>L\u00e4sst sich einfach an der magnetischen Halterung des A1X oder A1 montieren und wieder entfernen.<\/li>\n<li>Kann zusammen mit anderen A1X- oder A1-Lichtformern verwendet werden.<\/li>\n<li>Leicht und mobil.<\/li>\n<\/ul>\n","protected":false},"excerpt":{"rendered":"<p>Mit der Wide Lens k\u00f6nnen Sie den Leuchtwinkel des A10, A1X- oder A1-Blitzkopfes erweitern, was speziell bei der Verwendung eines Weitwinkelobjektivs zum Tragen kommt. Ganz besonders praktisch ist jedoch, dass Sie mit dieser Wide Lens auch weiterhin die Zoom-Funktion nutzen k\u00f6nnen, um den Leuchtwinkel anzupassen. Auf diese Weise erzeugen Sie ein ansprechendes Licht mit gro\u00dfem Leuchtwinkel, das ideal f\u00fcr Gruppenportr\u00e4ts [&hellip;]<\/p>\n","protected":false},"featured_media":5837,"template":"","meta":[],"product_cat":[788],"product_tag":[],"class_list":{"0":"post-5714","1":"product","2":"type-product","3":"status-publish","4":"has-post-thumbnail","6":"product_cat-click-lichtformer","8":"first","9":"instock","10":"shipping-taxable","11":"purchasable","12":"product-type-simple"},"_links":{"self":[{"href":"https:\/\/palmaequipmentrental.com\/de\/wp-json\/wp\/v2\/product\/5714","targetHints":{"allow":["GET"]}}],"collection":[{"href":"https:\/\/palmaequipmentrental.com\/de\/wp-json\/wp\/v2\/product"}],"about":[{"href":"https:\/\/palmaequipmentrental.com\/de\/wp-json\/wp\/v2\/types\/product"}],"wp:featuredmedia":[{"embeddable":true,"href":"https:\/\/palmaequipmentrental.com\/de\/wp-json\/wp\/v2\/media\/5837"}],"wp:attachment":[{"href":"https:\/\/palmaequipmentrental.com\/de\/wp-json\/wp\/v2\/media?parent=5714"}],"wp:term":[{"taxonomy":"product_cat","embeddable":true,"href":"https:\/\/palmaequipmentrental.com\/de\/wp-json\/wp\/v2\/product_cat?post=5714"},{"taxonomy":"product_tag","embeddable":true,"href":"https:\/\/palmaequipmentrental.com\/de\/wp-json\/wp\/v2\/product_tag?post=5714"}],"curies":[{"name":"wp","href":"https:\/\/api.w.org\/{rel}","templated":true}]}}