{"id":5717,"date":"2019-10-14T13:55:58","date_gmt":"2019-10-14T13:55:58","guid":{"rendered":"https:\/\/www.palmaequipmentrental.com\/?post_type=product&#038;p=5717"},"modified":"2024-01-16T18:21:30","modified_gmt":"2024-01-16T18:21:30","slug":"pro-a1x-li-ion-battery","status":"publish","type":"product","link":"https:\/\/palmaequipmentrental.com\/de\/photo-video-equipment-mallorca\/pro-a1x-li-ion-battery\/","title":{"rendered":"Profoto A1\/A1X\/A10 Li-Ion Akku"},"content":{"rendered":"<p>Li-Ion Akku f\u00fcr den Profoto A1X<\/p>\n<h3 class=\"tab__content-subtitle\">Eigenschaften<\/h3>\n<ul>\n<li>Reicht f\u00fcr bis zu 450\u00a0Blitze bei voller Leistung.<\/li>\n<li>H\u00e4lt viermal l\u00e4nger als AA-Batterien.<\/li>\n<li>Ist mit dem Akkuladeger\u00e4t f\u00fcr den A1X und A1 in 115\u00a0Minuten geladen.<\/li>\n<\/ul>\n","protected":false},"excerpt":{"rendered":"<p>Li-Ion Akku f\u00fcr den Profoto A1X Eigenschaften Reicht f\u00fcr bis zu 450\u00a0Blitze bei voller Leistung. H\u00e4lt viermal l\u00e4nger als AA-Batterien. Ist mit dem Akkuladeger\u00e4t f\u00fcr den A1X und A1 in 115\u00a0Minuten geladen.<\/p>\n","protected":false},"featured_media":5822,"template":"","meta":[],"product_cat":[388],"product_tag":[],"class_list":{"0":"post-5717","1":"product","2":"type-product","3":"status-publish","4":"has-post-thumbnail","6":"product_cat-batterien-ladegeraete","8":"first","9":"instock","10":"shipping-taxable","11":"purchasable","12":"product-type-simple"},"_links":{"self":[{"href":"https:\/\/palmaequipmentrental.com\/de\/wp-json\/wp\/v2\/product\/5717","targetHints":{"allow":["GET"]}}],"collection":[{"href":"https:\/\/palmaequipmentrental.com\/de\/wp-json\/wp\/v2\/product"}],"about":[{"href":"https:\/\/palmaequipmentrental.com\/de\/wp-json\/wp\/v2\/types\/product"}],"wp:featuredmedia":[{"embeddable":true,"href":"https:\/\/palmaequipmentrental.com\/de\/wp-json\/wp\/v2\/media\/5822"}],"wp:attachment":[{"href":"https:\/\/palmaequipmentrental.com\/de\/wp-json\/wp\/v2\/media?parent=5717"}],"wp:term":[{"taxonomy":"product_cat","embeddable":true,"href":"https:\/\/palmaequipmentrental.com\/de\/wp-json\/wp\/v2\/product_cat?post=5717"},{"taxonomy":"product_tag","embeddable":true,"href":"https:\/\/palmaequipmentrental.com\/de\/wp-json\/wp\/v2\/product_tag?post=5717"}],"curies":[{"name":"wp","href":"https:\/\/api.w.org\/{rel}","templated":true}]}}