{"id":5720,"date":"2019-10-14T13:57:47","date_gmt":"2019-10-14T13:57:47","guid":{"rendered":"https:\/\/www.palmaequipmentrental.com\/?post_type=product&#038;p=5720"},"modified":"2024-01-16T18:12:51","modified_gmt":"2024-01-16T18:12:51","slug":"pro-a1x-battery-charger","status":"publish","type":"product","link":"https:\/\/palmaequipmentrental.com\/de\/photo-video-equipment-mallorca\/pro-a1x-battery-charger\/","title":{"rendered":"Profoto A1\/A1X\/A10 Akkuladeger\u00e4t"},"content":{"rendered":"<p>Mit diesem kleinen und kompakten Ladeger\u00e4t k\u00f6nnen Sie den Li-Ion-Akku des A1X oder des A1 schnell und einfach aufladen. Der Akku wird oben in das Ladeger\u00e4t eingesetzt und eine LED-Leuchte zeigt an, wenn er voll aufgeladen ist. Das dauert f\u00fcr den A1X lediglich 115\u00a0Minuten und f\u00fcr den A1 80\u00a0Minuten.<\/p>\n","protected":false},"excerpt":{"rendered":"<p>Mit diesem kleinen und kompakten Ladeger\u00e4t k\u00f6nnen Sie den Li-Ion-Akku des A1X oder des A1 schnell und einfach aufladen. Der Akku wird oben in das Ladeger\u00e4t eingesetzt und eine LED-Leuchte zeigt an, wenn er voll aufgeladen ist. Das dauert f\u00fcr den A1X lediglich 115\u00a0Minuten und f\u00fcr den A1 80\u00a0Minuten.<\/p>\n","protected":false},"featured_media":5840,"template":"","meta":[],"product_cat":[388],"product_tag":[],"class_list":{"0":"post-5720","1":"product","2":"type-product","3":"status-publish","4":"has-post-thumbnail","6":"product_cat-batterien-ladegeraete","8":"first","9":"instock","10":"shipping-taxable","11":"purchasable","12":"product-type-simple"},"_links":{"self":[{"href":"https:\/\/palmaequipmentrental.com\/de\/wp-json\/wp\/v2\/product\/5720","targetHints":{"allow":["GET"]}}],"collection":[{"href":"https:\/\/palmaequipmentrental.com\/de\/wp-json\/wp\/v2\/product"}],"about":[{"href":"https:\/\/palmaequipmentrental.com\/de\/wp-json\/wp\/v2\/types\/product"}],"wp:featuredmedia":[{"embeddable":true,"href":"https:\/\/palmaequipmentrental.com\/de\/wp-json\/wp\/v2\/media\/5840"}],"wp:attachment":[{"href":"https:\/\/palmaequipmentrental.com\/de\/wp-json\/wp\/v2\/media?parent=5720"}],"wp:term":[{"taxonomy":"product_cat","embeddable":true,"href":"https:\/\/palmaequipmentrental.com\/de\/wp-json\/wp\/v2\/product_cat?post=5720"},{"taxonomy":"product_tag","embeddable":true,"href":"https:\/\/palmaequipmentrental.com\/de\/wp-json\/wp\/v2\/product_tag?post=5720"}],"curies":[{"name":"wp","href":"https:\/\/api.w.org\/{rel}","templated":true}]}}