{"id":5761,"date":"2012-03-21T17:49:35","date_gmt":"2012-03-21T17:49:35","guid":{"rendered":"https:\/\/www.palmaequipmentrental.com\/product\/unkategorisiert\/profoto-1200-7a-pack\/"},"modified":"2024-01-14T15:39:45","modified_gmt":"2024-01-14T15:39:45","slug":"profoto-1200-7a-pack","status":"publish","type":"product","link":"https:\/\/palmaequipmentrental.com\/de\/photo-video-equipment-mallorca\/profoto-1200-7a-pack\/","title":{"rendered":"Profoto Pro-7A 1200"},"content":{"rendered":"<p><strong>Profoto 7a 1200 Packung<\/strong><br \/>\nUnser Pro-7a 1200 Pack enth\u00e4lt 2x Synchrokabel.<\/p>\n<p>Der Pro-7a bietet superschnelles Recycling, ultrakurze Blitzdauer und symmetrische\/asymmetrische Leistungsverteilung f\u00fcr bis zu drei Lampenk\u00f6pfe.<\/p>\n<p><strong>Merkmale<\/strong><\/p>\n<ul>\n<li>Superschnelle Ausl\u00f6sezeit von 0,08-0,7 s<\/li>\n<li>Kurze Blitzdauer von 1\/2.200-1\/12000 s<\/li>\n<li>6 Blendenstufen in 1\/3- und 1\/6-Schritten mit zwei ergonomischen Reglern<\/li>\n<li>Selbstsuchende Multispannungsautomatik mit allen Wechselspannungen zwischen 90-260 V, 50-60 Hz<\/li>\n<li>Symmetrische\/asymmetrische Lichtverteilung auf drei Lampenkopfausg\u00e4nge<\/li>\n<li>Robustes, ergonomisches Design<\/li>\n<li>Gleichbleibende Farbtemperatur und Belichtungsst\u00e4rke bei allen Leistungseinstellungen<\/li>\n<\/ul>\n","protected":false},"excerpt":{"rendered":"<p>Profoto 7a 1200 Packung Unser Pro-7a 1200 Pack enth\u00e4lt 2x Synchrokabel. Der Pro-7a bietet superschnelles Recycling, ultrakurze Blitzdauer und symmetrische\/asymmetrische Leistungsverteilung f\u00fcr bis zu drei Lampenk\u00f6pfe. Merkmale Superschnelle Ausl\u00f6sezeit von 0,08-0,7 s Kurze Blitzdauer von 1\/2.200-1\/12000 s 6 Blendenstufen in 1\/3- und 1\/6-Schritten mit zwei ergonomischen Reglern Selbstsuchende Multispannungsautomatik mit allen Wechselspannungen zwischen 90-260 V, 50-60 Hz Symmetrische\/asymmetrische Lichtverteilung auf [&hellip;]<\/p>\n","protected":false},"featured_media":5143,"template":"","meta":[],"product_cat":[116],"product_tag":[],"class_list":{"0":"post-5761","1":"product","2":"type-product","3":"status-publish","4":"has-post-thumbnail","6":"product_cat-flash-generators-de","8":"first","9":"instock","10":"shipping-taxable","11":"purchasable","12":"product-type-simple"},"_links":{"self":[{"href":"https:\/\/palmaequipmentrental.com\/de\/wp-json\/wp\/v2\/product\/5761","targetHints":{"allow":["GET"]}}],"collection":[{"href":"https:\/\/palmaequipmentrental.com\/de\/wp-json\/wp\/v2\/product"}],"about":[{"href":"https:\/\/palmaequipmentrental.com\/de\/wp-json\/wp\/v2\/types\/product"}],"wp:featuredmedia":[{"embeddable":true,"href":"https:\/\/palmaequipmentrental.com\/de\/wp-json\/wp\/v2\/media\/5143"}],"wp:attachment":[{"href":"https:\/\/palmaequipmentrental.com\/de\/wp-json\/wp\/v2\/media?parent=5761"}],"wp:term":[{"taxonomy":"product_cat","embeddable":true,"href":"https:\/\/palmaequipmentrental.com\/de\/wp-json\/wp\/v2\/product_cat?post=5761"},{"taxonomy":"product_tag","embeddable":true,"href":"https:\/\/palmaequipmentrental.com\/de\/wp-json\/wp\/v2\/product_tag?post=5761"}],"curies":[{"name":"wp","href":"https:\/\/api.w.org\/{rel}","templated":true}]}}