{"id":5768,"date":"2019-02-05T17:03:04","date_gmt":"2019-02-05T17:03:04","guid":{"rendered":"https:\/\/www.palmaequipmentrental.com\/product\/unkategorisiert\/headphones-audio-technica-m40x\/"},"modified":"2023-01-24T10:54:35","modified_gmt":"2023-01-24T10:54:35","slug":"headphones-audio-technica-m40x","status":"publish","type":"product","link":"https:\/\/palmaequipmentrental.com\/de\/photo-video-equipment-mallorca\/headphones-audio-technica-m40x\/","title":{"rendered":"Kopfh\u00f6rer ATH-M40x"},"content":{"rendered":"<p>Die professionellen <strong>Monitor-Kopfh\u00f6rer der M-Serie Audio-Technica ATH-M40x<\/strong> sind flach abgestimmt und erm\u00f6glichen eine unglaublich pr\u00e4zise Audio\u00fcberwachung \u00fcber einen erweiterten Frequenzbereich. Ihr Studioerlebnis wird durch hervorragende Schallisolierung und schwenkbare Ohrmuscheln f\u00fcr bequemes Ein-Ohr-Monitoring verbessert.<\/p>\n","protected":false},"excerpt":{"rendered":"<p>Die professionellen Monitor-Kopfh\u00f6rer der M-Serie Audio-Technica ATH-M40x sind flach abgestimmt und erm\u00f6glichen eine unglaublich pr\u00e4zise Audio\u00fcberwachung \u00fcber einen erweiterten Frequenzbereich. Ihr Studioerlebnis wird durch hervorragende Schallisolierung und schwenkbare Ohrmuscheln f\u00fcr bequemes Ein-Ohr-Monitoring verbessert.<\/p>\n","protected":false},"featured_media":5522,"template":"","meta":[],"product_cat":[184],"product_tag":[],"class_list":{"0":"post-5768","1":"product","2":"type-product","3":"status-publish","4":"has-post-thumbnail","6":"product_cat-audio-de","8":"first","9":"instock","10":"shipping-taxable","11":"purchasable","12":"product-type-simple"},"_links":{"self":[{"href":"https:\/\/palmaequipmentrental.com\/de\/wp-json\/wp\/v2\/product\/5768","targetHints":{"allow":["GET"]}}],"collection":[{"href":"https:\/\/palmaequipmentrental.com\/de\/wp-json\/wp\/v2\/product"}],"about":[{"href":"https:\/\/palmaequipmentrental.com\/de\/wp-json\/wp\/v2\/types\/product"}],"wp:featuredmedia":[{"embeddable":true,"href":"https:\/\/palmaequipmentrental.com\/de\/wp-json\/wp\/v2\/media\/5522"}],"wp:attachment":[{"href":"https:\/\/palmaequipmentrental.com\/de\/wp-json\/wp\/v2\/media?parent=5768"}],"wp:term":[{"taxonomy":"product_cat","embeddable":true,"href":"https:\/\/palmaequipmentrental.com\/de\/wp-json\/wp\/v2\/product_cat?post=5768"},{"taxonomy":"product_tag","embeddable":true,"href":"https:\/\/palmaequipmentrental.com\/de\/wp-json\/wp\/v2\/product_tag?post=5768"}],"curies":[{"name":"wp","href":"https:\/\/api.w.org\/{rel}","templated":true}]}}