{"id":5792,"date":"2017-09-05T10:17:45","date_gmt":"2017-09-05T10:17:45","guid":{"rendered":"https:\/\/www.palmaequipmentrental.com\/product\/unkategorisiert\/canon-ef-14mm-f2-8l-ii\/"},"modified":"2022-10-17T14:04:14","modified_gmt":"2022-10-17T14:04:14","slug":"canon-ef-14mm-f2-8l-ii","status":"publish","type":"product","link":"https:\/\/palmaequipmentrental.com\/de\/photo-video-equipment-mallorca\/canon-ef-14mm-f2-8l-ii\/","title":{"rendered":"Canon EF 14mm f\/2.8L II USM"},"content":{"rendered":"<p>Das <strong>Canon-Objektiv EF 14mm f\/2.8L II USM ULTRA WIDE ANGLE<\/strong>\u00a0bietet eine lichtstarke maximale Blende von 2,8 und erm\u00f6glicht einen Ultra-Weitwinkel-Blickwinkel mit der k\u00fcrzesten Brennweite der L-Serie.<\/p>\n<p>Dieses Objektiv geht \u00fcber die menschliche Perspektive hinaus und erfasst ein riesiges 114\u02da-Sichtfeld. Das korrigierte, geradlinige Design macht es zu einem idealen Objektiv f\u00fcr Architektur, Innenr\u00e4ume und Landschaften. Sein Ultraweitwinkelcharakter sorgt f\u00fcr eine starke Trennung zwischen Vorder- und Hintergrundelementen.<br \/>\nF\u00fcr eine optimale visuelle Leistung verf\u00fcgt das Objektiv \u00fcber asph\u00e4rische Elemente zur Korrektur sph\u00e4rischer Aberrationen und Super-UD-Elemente (Ultra-Low-Dispersion) zur Beseitigung chromatischer Aberrationen. Das Ergebnis sind scharfe, kontrastreiche Bilder, die \u00fcber den gesamten Bildausschnitt hinweg frei von Verzeichnungen sind.<\/p>\n<ul>\n<li>Maximale\/Minimale Blenden\u00f6ffnung f2.8\/22<\/li>\n<li>Naheinstellgrenze (m) 0.2<\/li>\n<li>Maximale Vergr\u00f6\u00dferung (x) 0.15<\/li>\n<\/ul>\n","protected":false},"excerpt":{"rendered":"<p>Das Canon-Objektiv EF 14mm f\/2.8L II USM ULTRA WIDE ANGLE\u00a0bietet eine lichtstarke maximale Blende von 2,8 und erm\u00f6glicht einen Ultra-Weitwinkel-Blickwinkel mit der k\u00fcrzesten Brennweite der L-Serie. Dieses Objektiv geht \u00fcber die menschliche Perspektive hinaus und erfasst ein riesiges 114\u02da-Sichtfeld. Das korrigierte, geradlinige Design macht es zu einem idealen Objektiv f\u00fcr Architektur, Innenr\u00e4ume und Landschaften. Sein Ultraweitwinkelcharakter sorgt f\u00fcr eine starke [&hellip;]<\/p>\n","protected":false},"featured_media":9523,"template":"","meta":[],"product_cat":[794,800],"product_tag":[],"class_list":{"0":"post-5792","1":"product","2":"type-product","3":"status-publish","4":"has-post-thumbnail","6":"product_cat-ef-objektive","7":"product_cat-ef-objektive-v","9":"first","10":"instock","11":"shipping-taxable","12":"purchasable","13":"product-type-simple"},"_links":{"self":[{"href":"https:\/\/palmaequipmentrental.com\/de\/wp-json\/wp\/v2\/product\/5792","targetHints":{"allow":["GET"]}}],"collection":[{"href":"https:\/\/palmaequipmentrental.com\/de\/wp-json\/wp\/v2\/product"}],"about":[{"href":"https:\/\/palmaequipmentrental.com\/de\/wp-json\/wp\/v2\/types\/product"}],"wp:featuredmedia":[{"embeddable":true,"href":"https:\/\/palmaequipmentrental.com\/de\/wp-json\/wp\/v2\/media\/9523"}],"wp:attachment":[{"href":"https:\/\/palmaequipmentrental.com\/de\/wp-json\/wp\/v2\/media?parent=5792"}],"wp:term":[{"taxonomy":"product_cat","embeddable":true,"href":"https:\/\/palmaequipmentrental.com\/de\/wp-json\/wp\/v2\/product_cat?post=5792"},{"taxonomy":"product_tag","embeddable":true,"href":"https:\/\/palmaequipmentrental.com\/de\/wp-json\/wp\/v2\/product_tag?post=5792"}],"curies":[{"name":"wp","href":"https:\/\/api.w.org\/{rel}","templated":true}]}}