{"id":5794,"date":"2017-06-26T11:31:44","date_gmt":"2017-06-26T11:31:44","guid":{"rendered":"https:\/\/www.palmaequipmentrental.com\/product\/unkategorisiert\/ewa-marine-splash-bag\/"},"modified":"2022-08-17T07:24:30","modified_gmt":"2022-08-17T07:24:30","slug":"ewa-marine-splash-bag","status":"publish","type":"product","link":"https:\/\/palmaequipmentrental.com\/de\/photo-video-equipment-mallorca\/ewa-marine-splash-bag\/","title":{"rendered":"Ewa Marine Unterwassergeh\u00e4use"},"content":{"rendered":"<p><strong>Ewa Marine Splash Bag U-BF100<\/strong> Unterwassergeh\u00e4use f\u00fcr professionelle dSLR-Kameras.<\/p>\n<p>Speziell entwickelt f\u00fcr gro\u00dfe, professionelle digitale dSLR-Kameras. Das U-BF100 Geh\u00e4use ist aus doppelt laminiertem PVC gefertigt und hat einen integrierten, optisch neutralen Flachglasanschluss.<br \/>\nEs verf\u00fcgt \u00fcber ein Paar korrosions- und seewasserbest\u00e4ndiger Klemmschienen, die f\u00fcr eine perfekte Abdichtung zusammenpassen. Sie werden mit Hilfe von drei Schraubkn\u00f6pfen festgezogen.<\/p>\n<ul>\n<li>Durchmesser des Frontglases: 95 mm<\/li>\n<li>Max. Filtergewinde Durchmesser Objektiv: 77\/ 82 mm<\/li>\n<li>Bitte beachten Sie: Alle Objektive, die mit diesem Geh\u00e4use verwendet werden, m\u00fcssen einen Innenfokus haben!<\/li>\n<\/ul>\n","protected":false},"excerpt":{"rendered":"<p>Ewa Marine Splash Bag U-BF100 Unterwassergeh\u00e4use f\u00fcr professionelle dSLR-Kameras. Speziell entwickelt f\u00fcr gro\u00dfe, professionelle digitale dSLR-Kameras. Das U-BF100 Geh\u00e4use ist aus doppelt laminiertem PVC gefertigt und hat einen integrierten, optisch neutralen Flachglasanschluss. Es verf\u00fcgt \u00fcber ein Paar korrosions- und seewasserbest\u00e4ndiger Klemmschienen, die f\u00fcr eine perfekte Abdichtung zusammenpassen. Sie werden mit Hilfe von drei Schraubkn\u00f6pfen festgezogen. Durchmesser des Frontglases: 95 mm [&hellip;]<\/p>\n","protected":false},"featured_media":9772,"template":"","meta":[],"product_cat":[121,172],"product_tag":[],"class_list":{"0":"post-5794","1":"product","2":"type-product","3":"status-publish","4":"has-post-thumbnail","6":"product_cat-kamera-zubehor","7":"product_cat-kamera-zubehor-de","9":"first","10":"instock","11":"shipping-taxable","12":"purchasable","13":"product-type-simple"},"_links":{"self":[{"href":"https:\/\/palmaequipmentrental.com\/de\/wp-json\/wp\/v2\/product\/5794","targetHints":{"allow":["GET"]}}],"collection":[{"href":"https:\/\/palmaequipmentrental.com\/de\/wp-json\/wp\/v2\/product"}],"about":[{"href":"https:\/\/palmaequipmentrental.com\/de\/wp-json\/wp\/v2\/types\/product"}],"wp:featuredmedia":[{"embeddable":true,"href":"https:\/\/palmaequipmentrental.com\/de\/wp-json\/wp\/v2\/media\/9772"}],"wp:attachment":[{"href":"https:\/\/palmaequipmentrental.com\/de\/wp-json\/wp\/v2\/media?parent=5794"}],"wp:term":[{"taxonomy":"product_cat","embeddable":true,"href":"https:\/\/palmaequipmentrental.com\/de\/wp-json\/wp\/v2\/product_cat?post=5794"},{"taxonomy":"product_tag","embeddable":true,"href":"https:\/\/palmaequipmentrental.com\/de\/wp-json\/wp\/v2\/product_tag?post=5794"}],"curies":[{"name":"wp","href":"https:\/\/api.w.org\/{rel}","templated":true}]}}