{"id":6234,"date":"2020-03-05T11:02:56","date_gmt":"2020-03-05T11:02:56","guid":{"rendered":"https:\/\/www.palmaequipmentrental.com\/?post_type=product&#038;p=6234"},"modified":"2022-08-05T11:37:53","modified_gmt":"2022-08-05T11:37:53","slug":"kenair","status":"publish","type":"product","link":"https:\/\/palmaequipmentrental.com\/de\/photo-video-equipment-mallorca\/kenair\/","title":{"rendered":"Kenair"},"content":{"rendered":"<p>Kenair Air Duster mit D\u00fcse<\/p>\n<p>Ein Muss f\u00fcr jeden in der Foto- und Filmindustrie<\/p>\n<ul>\n<li>Entfernen Sie schnell und einfach Staub und Schmutz von allen empfindlichen Materialien und schwer zug\u00e4nglichen Stellen.<\/li>\n<li>Mit diesem Produkt k\u00f6nnen Sie empfindliche Oberfl\u00e4chen reinigen, ohne zu kratzen oder zu schmieren.<\/li>\n<\/ul>\n<p>&nbsp;<\/p>\n","protected":false},"excerpt":{"rendered":"<p>Kenair Air Duster mit D\u00fcse Ein Muss f\u00fcr jeden in der Foto- und Filmindustrie Entfernen Sie schnell und einfach Staub und Schmutz von allen empfindlichen Materialien und schwer zug\u00e4nglichen Stellen. Mit diesem Produkt k\u00f6nnen Sie empfindliche Oberfl\u00e4chen reinigen, ohne zu kratzen oder zu schmieren. &nbsp;<\/p>\n","protected":false},"featured_media":6472,"template":"","meta":[],"product_cat":[422,428],"product_tag":[],"class_list":{"0":"post-6234","1":"product","2":"type-product","3":"status-publish","4":"has-post-thumbnail","6":"product_cat-digitale-verbrauchsgueter-de","7":"product_cat-sonstiges-de-3","9":"first","10":"instock","11":"shipping-taxable","12":"purchasable","13":"product-type-simple"},"_links":{"self":[{"href":"https:\/\/palmaequipmentrental.com\/de\/wp-json\/wp\/v2\/product\/6234","targetHints":{"allow":["GET"]}}],"collection":[{"href":"https:\/\/palmaequipmentrental.com\/de\/wp-json\/wp\/v2\/product"}],"about":[{"href":"https:\/\/palmaequipmentrental.com\/de\/wp-json\/wp\/v2\/types\/product"}],"wp:featuredmedia":[{"embeddable":true,"href":"https:\/\/palmaequipmentrental.com\/de\/wp-json\/wp\/v2\/media\/6472"}],"wp:attachment":[{"href":"https:\/\/palmaequipmentrental.com\/de\/wp-json\/wp\/v2\/media?parent=6234"}],"wp:term":[{"taxonomy":"product_cat","embeddable":true,"href":"https:\/\/palmaequipmentrental.com\/de\/wp-json\/wp\/v2\/product_cat?post=6234"},{"taxonomy":"product_tag","embeddable":true,"href":"https:\/\/palmaequipmentrental.com\/de\/wp-json\/wp\/v2\/product_tag?post=6234"}],"curies":[{"name":"wp","href":"https:\/\/api.w.org\/{rel}","templated":true}]}}