{"id":6387,"date":"2021-08-18T10:26:29","date_gmt":"2021-08-18T10:26:29","guid":{"rendered":"https:\/\/www.palmaequipmentrental.com\/?post_type=product&#038;p=6387"},"modified":"2024-01-11T12:12:43","modified_gmt":"2024-01-11T12:12:43","slug":"v-mount-battery-95wh","status":"publish","type":"product","link":"https:\/\/palmaequipmentrental.com\/de\/photo-video-equipment-mallorca\/v-mount-battery-95wh\/","title":{"rendered":"V-Lock Akku 95Wh"},"content":{"rendered":"<p><strong>V-Mount-Akku 95Wh<\/strong><\/p>\n<p>Haben Sie Probleme auf Reisen mit Ihren V-Mount Li-Ionen-Akkus? \u00a0Wir haben die perfekte L\u00f6sung f\u00fcr alle Ihre Batterieprobleme!<br \/>\nKombinieren Sie unser V-Mount-Batterie-Kit mit unserem Lanparte Battery Pinch, um alle Ihre Probleme zu l\u00f6sen.<\/p>\n<p>Beillen BL-BP95 ist eine 95 Wh V-Lock-Batterie f\u00fcr den Rundfunk. Mit seiner 95-Wh-Kapazit\u00e4t versorgt dieser Akku einen typischen professionellen 25-Watt-Camcorder f\u00fcr fast 4 Stunden Daueraufnahmen. Der BL-BP95 ist mit einem Power-Tap-Anschluss ausgestattet und kann somit auch f\u00fcr die Stromversorgung von Kameraleuchten und Zubeh\u00f6r verwendet werden.<\/p>\n<p><strong>Merkmale<\/strong><\/p>\n<ul>\n<li>Volle Kapazit\u00e4t: 95 Wh<\/li>\n<li>Maximale Leistungsabgabe:\u00a054 W<\/li>\n<li>Akkulaufzeit bei 30 W Leistungsaufnahme:\u00a0193 Minuten<\/li>\n<li>Ladezeit mit dem Ladeger\u00e4t BLB1703-BP2: 145 Minuten<\/li>\n<li>Typ des Ausgangssteckers:\u00a0Stromanschluss, 2-polig (F)<\/li>\n<li>Typ:\u00a0V-Mount V-Lock<\/li>\n<\/ul>\n","protected":false},"excerpt":{"rendered":"<p>V-Mount-Akku 95Wh Haben Sie Probleme auf Reisen mit Ihren V-Mount Li-Ionen-Akkus? \u00a0Wir haben die perfekte L\u00f6sung f\u00fcr alle Ihre Batterieprobleme! Kombinieren Sie unser V-Mount-Batterie-Kit mit unserem Lanparte Battery Pinch, um alle Ihre Probleme zu l\u00f6sen. Beillen BL-BP95 ist eine 95 Wh V-Lock-Batterie f\u00fcr den Rundfunk. Mit seiner 95-Wh-Kapazit\u00e4t versorgt dieser Akku einen typischen professionellen 25-Watt-Camcorder f\u00fcr fast 4 Stunden Daueraufnahmen. [&hellip;]<\/p>\n","protected":false},"featured_media":6691,"template":"","meta":[],"product_cat":[441,748,751,129],"product_tag":[],"class_list":{"0":"post-6387","1":"product","2":"type-product","3":"status-publish","4":"has-post-thumbnail","6":"product_cat-batterien-ladegeraet","7":"product_cat-v-lock-akkus","8":"product_cat-v-lock-akkus-v","9":"product_cat-batterien","11":"first","12":"instock","13":"shipping-taxable","14":"purchasable","15":"product-type-simple"},"_links":{"self":[{"href":"https:\/\/palmaequipmentrental.com\/de\/wp-json\/wp\/v2\/product\/6387","targetHints":{"allow":["GET"]}}],"collection":[{"href":"https:\/\/palmaequipmentrental.com\/de\/wp-json\/wp\/v2\/product"}],"about":[{"href":"https:\/\/palmaequipmentrental.com\/de\/wp-json\/wp\/v2\/types\/product"}],"wp:featuredmedia":[{"embeddable":true,"href":"https:\/\/palmaequipmentrental.com\/de\/wp-json\/wp\/v2\/media\/6691"}],"wp:attachment":[{"href":"https:\/\/palmaequipmentrental.com\/de\/wp-json\/wp\/v2\/media?parent=6387"}],"wp:term":[{"taxonomy":"product_cat","embeddable":true,"href":"https:\/\/palmaequipmentrental.com\/de\/wp-json\/wp\/v2\/product_cat?post=6387"},{"taxonomy":"product_tag","embeddable":true,"href":"https:\/\/palmaequipmentrental.com\/de\/wp-json\/wp\/v2\/product_tag?post=6387"}],"curies":[{"name":"wp","href":"https:\/\/api.w.org\/{rel}","templated":true}]}}