{"id":6390,"date":"2021-08-18T10:30:53","date_gmt":"2021-08-18T10:30:53","guid":{"rendered":"https:\/\/www.palmaequipmentrental.com\/?post_type=product&#038;p=6390"},"modified":"2024-01-11T12:12:03","modified_gmt":"2024-01-11T12:12:03","slug":"v-mount-dual-battery-charger","status":"publish","type":"product","link":"https:\/\/palmaequipmentrental.com\/de\/photo-video-equipment-mallorca\/v-mount-dual-battery-charger\/","title":{"rendered":"V-Lock Duales Akkuladeger\u00e4t"},"content":{"rendered":"<p><strong>V-Mount-Doppelakku-Ladeger\u00e4t<\/strong><\/p>\n<p>Tragbares sequentielles 2-Kanal-Ladeger\u00e4t zur Verwendung mit V-Mount-Akkus. Dieses Ladeger\u00e4t kann automatisch den Typ des zu ladenden Akkus erkennen (Li-Ion, Ni-HM und Ni-Cd). \u00dcber seinen 4-poligen XLR-DC-Ausgang kann es auch als AC-Adapter verwendet werden.<\/p>\n<p><strong>Merkmale<\/strong><\/p>\n<ul>\n<li>2x gleichzeitiges sequenzielles Laden von Batterien<\/li>\n<li>4-poliger XLR-Adapterausgang<\/li>\n<li>Kompatibel mit Li-Ion, Ni-MH und Ni-Cd Akkus<\/li>\n<li>V-Mount V-Lock Platte<\/li>\n<\/ul>\n","protected":false},"excerpt":{"rendered":"<p>V-Mount-Doppelakku-Ladeger\u00e4t Tragbares sequentielles 2-Kanal-Ladeger\u00e4t zur Verwendung mit V-Mount-Akkus. Dieses Ladeger\u00e4t kann automatisch den Typ des zu ladenden Akkus erkennen (Li-Ion, Ni-HM und Ni-Cd). \u00dcber seinen 4-poligen XLR-DC-Ausgang kann es auch als AC-Adapter verwendet werden. Merkmale 2x gleichzeitiges sequenzielles Laden von Batterien 4-poliger XLR-Adapterausgang Kompatibel mit Li-Ion, Ni-MH und Ni-Cd Akkus V-Mount V-Lock Platte<\/p>\n","protected":false},"featured_media":6694,"template":"","meta":[],"product_cat":[441,748,751,129],"product_tag":[],"class_list":{"0":"post-6390","1":"product","2":"type-product","3":"status-publish","4":"has-post-thumbnail","6":"product_cat-batterien-ladegeraet","7":"product_cat-v-lock-akkus","8":"product_cat-v-lock-akkus-v","9":"product_cat-batterien","11":"first","12":"instock","13":"shipping-taxable","14":"purchasable","15":"product-type-simple"},"_links":{"self":[{"href":"https:\/\/palmaequipmentrental.com\/de\/wp-json\/wp\/v2\/product\/6390","targetHints":{"allow":["GET"]}}],"collection":[{"href":"https:\/\/palmaequipmentrental.com\/de\/wp-json\/wp\/v2\/product"}],"about":[{"href":"https:\/\/palmaequipmentrental.com\/de\/wp-json\/wp\/v2\/types\/product"}],"wp:featuredmedia":[{"embeddable":true,"href":"https:\/\/palmaequipmentrental.com\/de\/wp-json\/wp\/v2\/media\/6694"}],"wp:attachment":[{"href":"https:\/\/palmaequipmentrental.com\/de\/wp-json\/wp\/v2\/media?parent=6390"}],"wp:term":[{"taxonomy":"product_cat","embeddable":true,"href":"https:\/\/palmaequipmentrental.com\/de\/wp-json\/wp\/v2\/product_cat?post=6390"},{"taxonomy":"product_tag","embeddable":true,"href":"https:\/\/palmaequipmentrental.com\/de\/wp-json\/wp\/v2\/product_tag?post=6390"}],"curies":[{"name":"wp","href":"https:\/\/api.w.org\/{rel}","templated":true}]}}