{"id":6399,"date":"2021-08-18T10:40:31","date_gmt":"2021-08-18T10:40:31","guid":{"rendered":"https:\/\/www.palmaequipmentrental.com\/?post_type=product&#038;p=6399"},"modified":"2022-08-10T08:03:56","modified_gmt":"2022-08-10T08:03:56","slug":"12x12-silent-grid-cloth-quarter","status":"publish","type":"product","link":"https:\/\/palmaequipmentrental.com\/de\/photo-video-equipment-mallorca\/12x12-silent-grid-cloth-quarter\/","title":{"rendered":"12&#215;12&#8242; Silent Grid Cloth Quarter"},"content":{"rendered":"<p><strong>12&#8242; x 12&#8242; (360 cm x 360 cm) Silent Grid Cloth Quarter Stop.<\/strong><\/p>\n<p>Ideal f\u00fcr Au\u00dfenaufnahmen.<\/p>\n<p>Bei denen Wind Tonprobleme verursachen k\u00f6nnte.<\/p>\n","protected":false},"excerpt":{"rendered":"<p>12&#8242; x 12&#8242; (360 cm x 360 cm) Silent Grid Cloth Quarter Stop. Ideal f\u00fcr Au\u00dfenaufnahmen. Bei denen Wind Tonprobleme verursachen k\u00f6nnte.<\/p>\n","protected":false},"featured_media":6678,"template":"","meta":[],"product_cat":[816,823],"product_tag":[],"class_list":{"0":"post-6399","1":"product","2":"type-product","3":"status-publish","4":"has-post-thumbnail","6":"product_cat-12x12-butterfly-v-de","7":"product_cat-12x12-butterfly-de","9":"first","10":"instock","11":"shipping-taxable","12":"purchasable","13":"product-type-simple"},"_links":{"self":[{"href":"https:\/\/palmaequipmentrental.com\/de\/wp-json\/wp\/v2\/product\/6399","targetHints":{"allow":["GET"]}}],"collection":[{"href":"https:\/\/palmaequipmentrental.com\/de\/wp-json\/wp\/v2\/product"}],"about":[{"href":"https:\/\/palmaequipmentrental.com\/de\/wp-json\/wp\/v2\/types\/product"}],"wp:featuredmedia":[{"embeddable":true,"href":"https:\/\/palmaequipmentrental.com\/de\/wp-json\/wp\/v2\/media\/6678"}],"wp:attachment":[{"href":"https:\/\/palmaequipmentrental.com\/de\/wp-json\/wp\/v2\/media?parent=6399"}],"wp:term":[{"taxonomy":"product_cat","embeddable":true,"href":"https:\/\/palmaequipmentrental.com\/de\/wp-json\/wp\/v2\/product_cat?post=6399"},{"taxonomy":"product_tag","embeddable":true,"href":"https:\/\/palmaequipmentrental.com\/de\/wp-json\/wp\/v2\/product_tag?post=6399"}],"curies":[{"name":"wp","href":"https:\/\/api.w.org\/{rel}","templated":true}]}}