{"id":6505,"date":"2022-01-19T14:36:43","date_gmt":"2022-01-19T14:36:43","guid":{"rendered":"https:\/\/www.palmaequipmentrental.com\/?post_type=product&#038;p=6505"},"modified":"2023-02-17T09:37:35","modified_gmt":"2023-02-17T09:37:35","slug":"skypanel-s60","status":"publish","type":"product","link":"https:\/\/palmaequipmentrental.com\/de\/photo-video-equipment-mallorca\/skypanel-s60\/","title":{"rendered":"Skypanel S60"},"content":{"rendered":"<p><strong>SkyPanel S60<\/strong> gibt eine enorme Lichtmenge in einem weichen und gleichm\u00e4\u00dfigen Strahlenfeld ab. Es ist heller als ein 2-kW-Wolfram-Softlight oder ein 6-kW-Wolfram-Raumlicht. Gleichzeitig ist der Lampenkopf in der Lage, auch bei niedrigeren Lichtst\u00e4rken hervorragende Leistungen zu erbringen. Diese Bandbreite an Beleuchtungsst\u00e4rken und Farben gibt dem Benutzer eine noch nie dagewesene Menge an Kontrolle.<\/p>\n<p>Das SkyPanel S60-C kann so eingestellt werden, dass es warmes Licht mit 2800 K bis zu eisblauem Licht mit 10.000 K ausstrahlt, und es nutzt die gesamte RGB+W-Farbskala mit Farbton- und S\u00e4ttigungssteuerung f\u00fcr Feineinstellungen. Auch die Einstellung von Minusgr\u00fcn bis Plusgr\u00fcn ist m\u00f6glich. Wenn Sie also eine blaue oder gr\u00fcne Leinwand beleuchten m\u00f6chten, k\u00f6nnen Sie einfach die gew\u00fcnschte Farbe einstellen.<\/p>\n<p><strong>Merkmale<\/strong><\/p>\n<ul>\n<li>Panel-Fl\u00e4che: 64x30cm (25.4&#215;11.8&#8243;)<\/li>\n<li>115\u00b0 Abstrahlwinkel, Adapter f\u00fcr Schienenmontage<\/li>\n<li>Farbtemperatur von 2800-10.000K<\/li>\n<li>Farbmischung mit vollem Gamut<\/li>\n<li>Steuerung von Farbton und S\u00e4ttigung<\/li>\n<li>Volles Minus bis volles Plusgr\u00fcn<\/li>\n<li>CRI: 95, TLCI: 90<\/li>\n<li>0-100% Dimmen, DMX-Steuerung<\/li>\n<li>Multi-Voltage AC, optionale Batterieversorgung<\/li>\n<\/ul>\n","protected":false},"excerpt":{"rendered":"<p>SkyPanel S60 gibt eine enorme Lichtmenge in einem weichen und gleichm\u00e4\u00dfigen Strahlenfeld ab. Es ist heller als ein 2-kW-Wolfram-Softlight oder ein 6-kW-Wolfram-Raumlicht. Gleichzeitig ist der Lampenkopf in der Lage, auch bei niedrigeren Lichtst\u00e4rken hervorragende Leistungen zu erbringen. Diese Bandbreite an Beleuchtungsst\u00e4rken und Farben gibt dem Benutzer eine noch nie dagewesene Menge an Kontrolle. Das SkyPanel S60-C kann so eingestellt werden, [&hellip;]<\/p>\n","protected":false},"featured_media":6669,"template":"","meta":[],"product_cat":[763,766],"product_tag":[],"class_list":{"0":"post-6505","1":"product","2":"type-product","3":"status-publish","4":"has-post-thumbnail","6":"product_cat-skypanel-de","7":"product_cat-skypanel-v-de","9":"first","10":"instock","11":"shipping-taxable","12":"purchasable","13":"product-type-simple"},"_links":{"self":[{"href":"https:\/\/palmaequipmentrental.com\/de\/wp-json\/wp\/v2\/product\/6505","targetHints":{"allow":["GET"]}}],"collection":[{"href":"https:\/\/palmaequipmentrental.com\/de\/wp-json\/wp\/v2\/product"}],"about":[{"href":"https:\/\/palmaequipmentrental.com\/de\/wp-json\/wp\/v2\/types\/product"}],"wp:featuredmedia":[{"embeddable":true,"href":"https:\/\/palmaequipmentrental.com\/de\/wp-json\/wp\/v2\/media\/6669"}],"wp:attachment":[{"href":"https:\/\/palmaequipmentrental.com\/de\/wp-json\/wp\/v2\/media?parent=6505"}],"wp:term":[{"taxonomy":"product_cat","embeddable":true,"href":"https:\/\/palmaequipmentrental.com\/de\/wp-json\/wp\/v2\/product_cat?post=6505"},{"taxonomy":"product_tag","embeddable":true,"href":"https:\/\/palmaequipmentrental.com\/de\/wp-json\/wp\/v2\/product_tag?post=6505"}],"curies":[{"name":"wp","href":"https:\/\/api.w.org\/{rel}","templated":true}]}}