{"id":6519,"date":"2022-01-31T10:41:30","date_gmt":"2022-01-31T10:41:30","guid":{"rendered":"https:\/\/www.palmaequipmentrental.com\/?post_type=product&#038;p=6519"},"modified":"2025-08-05T13:02:38","modified_gmt":"2025-08-05T13:02:38","slug":"honda-7k-generator","status":"publish","type":"product","link":"https:\/\/palmaequipmentrental.com\/de\/photo-video-equipment-mallorca\/honda-7k-generator\/","title":{"rendered":"Honda 7k Stromerzeuger"},"content":{"rendered":"<p>Betreiben Sie Ihre Foto- und Videoshootings nahtlos mit dem Honda 7k Generator, auch bekannt als Honda 70is, eine zuverl\u00e4ssige und effiziente L\u00f6sung von Palma Equipment Rental. Ideal f\u00fcr Produktionen an Standorten in Palma de Mallorca, den Balearen und dem spanischen Festland, sorgt dieser Generator f\u00fcr eine ununterbrochene Stromversorgung Ihrer Mode- und Werbekampagnen.<\/p>\n<p><strong>Technische Spezifikationen:<\/strong><\/p>\n<ul>\n<li><strong>Modell<\/strong>: Honda 70is (7k)<\/li>\n<li><strong>Leistung<\/strong>: 7.000 Watt &#8211; Ideal f\u00fcr anspruchsvolle Ausr\u00fcstungen<\/li>\n<li><strong>Ger\u00e4uschpegel<\/strong>: Ultra-leiser Betrieb, geeignet f\u00fcr Filmsets<\/li>\n<li><strong>Kraftstoffeffizienz<\/strong>: Erweiterte Laufzeit mit dem Eco-Throttle-System<\/li>\n<li><strong>Tragbarkeit<\/strong>: Kompaktes Design mit einfachen Transportfunktionen<\/li>\n<li><strong>Benutzerfreundlich<\/strong>: Einfaches Bedienfeld f\u00fcr problemlosen Betrieb<\/li>\n<li><strong>Sicherheitsmerkmale<\/strong>: Ausgestattet mit Schutzschaltern und Warnung bei niedrigem \u00d6lstand<\/li>\n<\/ul>\n<p>Bei Palma Equipment Rental sind wir stolz darauf, professionelle Ausr\u00fcstung auf Industriestandard anzubieten. Wir decken eine breite Palette von Bed\u00fcrfnissen ab und bieten Beleuchtung, Kameras, Grip-Equipment und mehr, um sicherzustellen, dass Ihr Projekt mit dem Besten ausgestattet ist. Unser Engagement f\u00fcr Flexibilit\u00e4t, Effizienz und 24\/7 technischen Support macht uns zur ersten Wahl f\u00fcr Fachleute in der Branche. Verbessern Sie die Qualit\u00e4t Ihrer Produktion mit unseren vertrauensw\u00fcrdigen Marken wie Profoto, Arri, Manfrotto und anderen. Besuchen Sie uns f\u00fcr zuverl\u00e4ssige L\u00f6sungen im Bereich der Vermietung von Foto- und Videoausr\u00fcstung.<\/p>\n<p><a href=\"https:\/\/youtu.be\/m448xs1x0T4\">Check our video!<\/a><\/p>\n<p>&nbsp;<\/p>\n","protected":false},"excerpt":{"rendered":"<p>Betreiben Sie Ihre Foto- und Videoshootings nahtlos mit dem Honda 7k Generator, auch bekannt als Honda 70is, eine zuverl\u00e4ssige und effiziente L\u00f6sung von Palma Equipment Rental. Ideal f\u00fcr Produktionen an Standorten in Palma de Mallorca, den Balearen und dem spanischen Festland, sorgt dieser Generator f\u00fcr eine ununterbrochene Stromversorgung Ihrer Mode- und Werbekampagnen. Technische Spezifikationen: Modell: Honda 70is (7k) Leistung: 7.000 [&hellip;]<\/p>\n","protected":false},"featured_media":6731,"template":"","meta":[],"product_cat":[155,182],"product_tag":[],"class_list":{"0":"post-6519","1":"product","2":"type-product","3":"status-publish","4":"has-post-thumbnail","6":"product_cat-stromaggregat","7":"product_cat-stromaggregat-de","9":"first","10":"instock","11":"shipping-taxable","12":"purchasable","13":"product-type-simple"},"_links":{"self":[{"href":"https:\/\/palmaequipmentrental.com\/de\/wp-json\/wp\/v2\/product\/6519","targetHints":{"allow":["GET"]}}],"collection":[{"href":"https:\/\/palmaequipmentrental.com\/de\/wp-json\/wp\/v2\/product"}],"about":[{"href":"https:\/\/palmaequipmentrental.com\/de\/wp-json\/wp\/v2\/types\/product"}],"wp:featuredmedia":[{"embeddable":true,"href":"https:\/\/palmaequipmentrental.com\/de\/wp-json\/wp\/v2\/media\/6731"}],"wp:attachment":[{"href":"https:\/\/palmaequipmentrental.com\/de\/wp-json\/wp\/v2\/media?parent=6519"}],"wp:term":[{"taxonomy":"product_cat","embeddable":true,"href":"https:\/\/palmaequipmentrental.com\/de\/wp-json\/wp\/v2\/product_cat?post=6519"},{"taxonomy":"product_tag","embeddable":true,"href":"https:\/\/palmaequipmentrental.com\/de\/wp-json\/wp\/v2\/product_tag?post=6519"}],"curies":[{"name":"wp","href":"https:\/\/api.w.org\/{rel}","templated":true}]}}