{"id":6550,"date":"2022-02-04T09:54:23","date_gmt":"2022-02-04T09:54:23","guid":{"rendered":"https:\/\/www.palmaequipmentrental.com\/?post_type=product&#038;p=6550"},"modified":"2023-03-09T13:59:06","modified_gmt":"2023-03-09T13:59:06","slug":"pro-clear-pyrex-100mm","status":"publish","type":"product","link":"https:\/\/palmaequipmentrental.com\/de\/photo-video-equipment-mallorca\/pro-clear-pyrex-100mm\/","title":{"rendered":"Pro Clear Pyrex 100mm"},"content":{"rendered":"<p><strong>Pro Klarglas Pyrex 100mm<\/strong><\/p>\n<p>Extra dicke und extra lange Klarglasabdeckung f\u00fcr den ProHead, ProTwin, Acute\/D4 Head und Acute\/D4 Twin.<\/p>\n<p>Durch die verl\u00e4ngerte L\u00e4nge von 100 mm passt sie auf K\u00f6pfe mit Einstelllampen bis zu 500 W.<br \/>\nDas klare Glas sorgt f\u00fcr einen h\u00e4rteren, sch\u00e4rferen Lichteffekt im Vergleich zu einer Standard-Mattglasabdeckung.<\/p>\n","protected":false},"excerpt":{"rendered":"<p>Pro Klarglas Pyrex 100mm Extra dicke und extra lange Klarglasabdeckung f\u00fcr den ProHead, ProTwin, Acute\/D4 Head und Acute\/D4 Twin. Durch die verl\u00e4ngerte L\u00e4nge von 100 mm passt sie auf K\u00f6pfe mit Einstelllampen bis zu 500 W. Das klare Glas sorgt f\u00fcr einen h\u00e4rteren, sch\u00e4rferen Lichteffekt im Vergleich zu einer Standard-Mattglasabdeckung.<\/p>\n","protected":false},"featured_media":12756,"template":"","meta":[],"product_cat":[118],"product_tag":[],"class_list":{"0":"post-6550","1":"product","2":"type-product","3":"status-publish","4":"has-post-thumbnail","6":"product_cat-blitzkopfe","8":"first","9":"instock","10":"shipping-taxable","11":"purchasable","12":"product-type-simple"},"_links":{"self":[{"href":"https:\/\/palmaequipmentrental.com\/de\/wp-json\/wp\/v2\/product\/6550","targetHints":{"allow":["GET"]}}],"collection":[{"href":"https:\/\/palmaequipmentrental.com\/de\/wp-json\/wp\/v2\/product"}],"about":[{"href":"https:\/\/palmaequipmentrental.com\/de\/wp-json\/wp\/v2\/types\/product"}],"wp:featuredmedia":[{"embeddable":true,"href":"https:\/\/palmaequipmentrental.com\/de\/wp-json\/wp\/v2\/media\/12756"}],"wp:attachment":[{"href":"https:\/\/palmaequipmentrental.com\/de\/wp-json\/wp\/v2\/media?parent=6550"}],"wp:term":[{"taxonomy":"product_cat","embeddable":true,"href":"https:\/\/palmaequipmentrental.com\/de\/wp-json\/wp\/v2\/product_cat?post=6550"},{"taxonomy":"product_tag","embeddable":true,"href":"https:\/\/palmaequipmentrental.com\/de\/wp-json\/wp\/v2\/product_tag?post=6550"}],"curies":[{"name":"wp","href":"https:\/\/api.w.org\/{rel}","templated":true}]}}