{"id":6559,"date":"2022-02-04T10:20:44","date_gmt":"2022-02-04T10:20:44","guid":{"rendered":"https:\/\/www.palmaequipmentrental.com\/?post_type=product&#038;p=6559"},"modified":"2024-01-16T18:19:46","modified_gmt":"2024-01-16T18:19:46","slug":"pro-b1-battery-charger","status":"publish","type":"product","link":"https:\/\/palmaequipmentrental.com\/de\/photo-video-equipment-mallorca\/pro-b1-battery-charger\/","title":{"rendered":"Profoto B1\/B1X Akkuladeger\u00e4t"},"content":{"rendered":"<p>Das Akkuladeger\u00e4t 2.8A ist ein Standardladeger\u00e4t, das den Akku des B1 in zwei Stunden, den Akku des B1X in wenig mehr als zwei Stunden und den Akku des B2 in einer Stunde aufl\u00e4dt.<\/p>\n<p>Im Lieferumfang all unserer Off-Camera-Blitzsysteme ist ein Ladeger\u00e4t enthalten. Diese sind aber auch separat erh\u00e4ltlich.<\/p>\n<h3 class=\"tab__content-subtitle\">Merkmale<\/h3>\n<ul>\n<li>L\u00e4dt den Li-Ion-Akku des B1 in zwei Stunden.<\/li>\n<li>L\u00e4dt den Li-Ion-Akku MKII des B1 und B1X in wenig mehr als zwei Stunden.<\/li>\n<li>L\u00e4dt den Li-Ion-Akku des B2 in einer Stunde.<\/li>\n<\/ul>\n","protected":false},"excerpt":{"rendered":"<p>Das Akkuladeger\u00e4t 2.8A ist ein Standardladeger\u00e4t, das den Akku des B1 in zwei Stunden, den Akku des B1X in wenig mehr als zwei Stunden und den Akku des B2 in einer Stunde aufl\u00e4dt. Im Lieferumfang all unserer Off-Camera-Blitzsysteme ist ein Ladeger\u00e4t enthalten. Diese sind aber auch separat erh\u00e4ltlich. Merkmale L\u00e4dt den Li-Ion-Akku des B1 in zwei Stunden. L\u00e4dt den Li-Ion-Akku [&hellip;]<\/p>\n","protected":false},"featured_media":6629,"template":"","meta":[],"product_cat":[388],"product_tag":[],"class_list":{"0":"post-6559","1":"product","2":"type-product","3":"status-publish","4":"has-post-thumbnail","6":"product_cat-batterien-ladegeraete","8":"first","9":"instock","10":"shipping-taxable","11":"purchasable","12":"product-type-simple"},"_links":{"self":[{"href":"https:\/\/palmaequipmentrental.com\/de\/wp-json\/wp\/v2\/product\/6559","targetHints":{"allow":["GET"]}}],"collection":[{"href":"https:\/\/palmaequipmentrental.com\/de\/wp-json\/wp\/v2\/product"}],"about":[{"href":"https:\/\/palmaequipmentrental.com\/de\/wp-json\/wp\/v2\/types\/product"}],"wp:featuredmedia":[{"embeddable":true,"href":"https:\/\/palmaequipmentrental.com\/de\/wp-json\/wp\/v2\/media\/6629"}],"wp:attachment":[{"href":"https:\/\/palmaequipmentrental.com\/de\/wp-json\/wp\/v2\/media?parent=6559"}],"wp:term":[{"taxonomy":"product_cat","embeddable":true,"href":"https:\/\/palmaequipmentrental.com\/de\/wp-json\/wp\/v2\/product_cat?post=6559"},{"taxonomy":"product_tag","embeddable":true,"href":"https:\/\/palmaequipmentrental.com\/de\/wp-json\/wp\/v2\/product_tag?post=6559"}],"curies":[{"name":"wp","href":"https:\/\/api.w.org\/{rel}","templated":true}]}}