{"id":6570,"date":"2022-02-07T15:51:44","date_gmt":"2022-02-07T15:51:44","guid":{"rendered":"https:\/\/www.palmaequipmentrental.com\/?post_type=product&#038;p=6570"},"modified":"2022-08-17T07:24:42","modified_gmt":"2022-08-17T07:24:42","slug":"pro-b10x-plus-500w-air-ttl","status":"publish","type":"product","link":"https:\/\/palmaequipmentrental.com\/de\/photo-video-equipment-mallorca\/pro-b10x-plus-500w-air-ttl\/","title":{"rendered":"Pro-B10X Plus 500w Air TTL"},"content":{"rendered":"<p><span class=\"short-info-title\" role=\"heading\">Profoto B10X Plus<\/span><\/p>\n<div class=\"text-area\">\n<p><span class=\"TextRun SCXW150370731 BCX0\" lang=\"EN-GB\" xml:lang=\"EN-GB\" data-contrast=\"none\"><span class=\"NormalTextRun SCXW150370731 BCX0\" data-ccp-parastyle=\"Normal (Web)\">Er bietet zehnmal so viel Leistung wie ein Aufsteckblitz, ist dabei aber nicht gr\u00f6\u00dfer als ein gro\u00dfes Kameraobjektiv.<\/span><\/span><\/p>\n<\/div>\n<p>Die B10X Reihe ist durchgehend vielseitig. Das bedeutet: Ganz egal, ob Sie Videos drehen oder fotografieren, der B10X und der B10X Plus sind der Aufgabe voll und ganz gewachsen. Sie verf\u00fcgen dar\u00fcber hinaus \u00fcber n\u00fctzliche Funktionen wie den verbesserten Dauerlicht-Output, gesteigert von 2.500\u00a0Lumen auf 3.250\u00a0Lumen verglichen mit dem B10 und B10\u00a0Plus. Das entspricht einer Verbesserung von 30\u00a0%. Und sowohl der B10X als auch der B10X Plus verzeichnen schnellere Blitzfolgezeiten als ihre Vorg\u00e4nger.<\/p>\n<p>Die B10X Blitze sind mit ihrem klaren und nutzerfreundlichen Interface beide extrem einfach in der Inbetriebnahme und Handhabung. Das bedeutet: Sie k\u00f6nnen all Ihre Aufmerksamkeit auf das Erstellen beeindruckender Aufnahmen konzentrieren, anstatt lange mit den Einstellungen herumzuspielen. Und die Profoto-App l\u00e4sst Sie alle Einstellungen per Tastendruck anzeigen und steuern sowie in Sekundenschnelle neue Updates installieren.<\/p>\n<p>Beide Blitze verf\u00fcgen zudem \u00fcber Profotos AirX Bluetooth-Technologie. So k\u00f6nnen Sie die volle Leistung des B10X und des B10X Plus entfesseln, auch wenn Sie mit Ihrem Smartphone fotografieren, und so mit demselben Ger\u00e4t fotografieren, editieren und ver\u00f6ffentlichen. Dadurch verzeichnen Sie vom kreativen Konzept bis zum ver\u00f6ffentlichten Bild erhebliche Zeitersparnisse.<\/p>\n<p>Mit der leichten und einfach zu verwendenden OCF-Lichtformer-Reihe und 120 anderen Lichtformern aus dem Profoto-Angebot steht Ihnen dar\u00fcber hinaus eine umfassende Auswahl an Lichtformern zur Verf\u00fcgung.<\/p>\n<h3 class=\"tab__content-subtitle\">Eigenschaften<\/h3>\n<div class=\"text-area\">\n<ul>\n<li><span class=\"TextRun SCXW150370731 BCX0\" lang=\"EN-GB\" xml:lang=\"EN-GB\" data-contrast=\"none\"><span class=\"NormalTextRun SCXW150370731 BCX0\" data-ccp-parastyle=\"Normal (Web)\"><strong>Blitzleistung:<\/strong> 500 Ws<br \/>\n<strong>Dauerlicht:<\/strong> 3250 Lumen<\/span><span class=\"NormalTextRun SCXW150370731 BCX0\" data-ccp-parastyle=\"Normal (Web)\"><br \/>\n<\/span><span class=\"NormalTextRun SCXW150370731 BCX0\" data-ccp-parastyle=\"Normal (Web)\"><strong>Blitzfolgezeit:<\/strong> 0,05-2,2 Sekunden<\/span><span class=\"NormalTextRun SCXW150370731 BCX0\" data-ccp-parastyle=\"Normal (Web)\"><br \/>\n<\/span><span class=\"NormalTextRun SCXW150370731 BCX0\" data-ccp-parastyle=\"Normal (Web)\"><strong>Akkuleistung:<\/strong> 200\u00a0Blitze bei voller Leistung<\/span><br \/>\n<\/span><\/li>\n<\/ul>\n<\/div>\n<ul>\n<li>Gr\u00f6\u00dfe und Form eines Kameraobjektivs<\/li>\n<li>Leicht und kabellos<\/li>\n<li>Optional mit der Blitzleistung von 10\u00a0Aufsteckblitzen (B10X Plus) oder 5\u00a0Aufsteckblitzen (B10X)<\/li>\n<li>Dauerlicht mit einstellbarer Helligkeit und Farbtemperatur<\/li>\n<li>Flexible Einrichtung auf Kamera- oder Blitzstativen<\/li>\n<li>Kompatibel mit \u00fcber 120\u00a0Profoto-Lichtformern, einschlie\u00dflich der OCF-Reihe.<\/li>\n<li>Kompatibel mit allen Profoto Air-Funkfernbedienungen, einschlie\u00dflich der Profoto\u00a0A-Serie.<\/li>\n<li>Integriertes AirX (Profoto Bluetooth-Technologie).<\/li>\n<li>Intelligente Konnektivit\u00e4t mit der Profoto-App.<\/li>\n<\/ul>\n<div class=\"text-area\">\n<p>&nbsp;<\/p>\n<p><span class=\"TextRun SCXW150370731 BCX0\" lang=\"EN-GB\" xml:lang=\"EN-GB\" data-contrast=\"none\"><span class=\"NormalTextRun SCXW150370731 BCX0\" data-ccp-parastyle=\"Normal (Web)\"><br \/>\n<\/span><br \/>\n<\/span><\/p>\n<\/div>\n","protected":false},"excerpt":{"rendered":"<p>Profoto B10X Plus Er bietet zehnmal so viel Leistung wie ein Aufsteckblitz, ist dabei aber nicht gr\u00f6\u00dfer als ein gro\u00dfes Kameraobjektiv. Die B10X Reihe ist durchgehend vielseitig. Das bedeutet: Ganz egal, ob Sie Videos drehen oder fotografieren, der B10X und der B10X Plus sind der Aufgabe voll und ganz gewachsen. Sie verf\u00fcgen dar\u00fcber hinaus \u00fcber n\u00fctzliche Funktionen wie den verbesserten [&hellip;]<\/p>\n","protected":false},"featured_media":6639,"template":"","meta":[],"product_cat":[394],"product_tag":[],"class_list":{"0":"post-6570","1":"product","2":"type-product","3":"status-publish","4":"has-post-thumbnail","6":"product_cat-monoblock","8":"first","9":"instock","10":"shipping-taxable","11":"purchasable","12":"product-type-simple"},"_links":{"self":[{"href":"https:\/\/palmaequipmentrental.com\/de\/wp-json\/wp\/v2\/product\/6570","targetHints":{"allow":["GET"]}}],"collection":[{"href":"https:\/\/palmaequipmentrental.com\/de\/wp-json\/wp\/v2\/product"}],"about":[{"href":"https:\/\/palmaequipmentrental.com\/de\/wp-json\/wp\/v2\/types\/product"}],"wp:featuredmedia":[{"embeddable":true,"href":"https:\/\/palmaequipmentrental.com\/de\/wp-json\/wp\/v2\/media\/6639"}],"wp:attachment":[{"href":"https:\/\/palmaequipmentrental.com\/de\/wp-json\/wp\/v2\/media?parent=6570"}],"wp:term":[{"taxonomy":"product_cat","embeddable":true,"href":"https:\/\/palmaequipmentrental.com\/de\/wp-json\/wp\/v2\/product_cat?post=6570"},{"taxonomy":"product_tag","embeddable":true,"href":"https:\/\/palmaequipmentrental.com\/de\/wp-json\/wp\/v2\/product_tag?post=6570"}],"curies":[{"name":"wp","href":"https:\/\/api.w.org\/{rel}","templated":true}]}}