{"id":6574,"date":"2022-02-07T16:06:21","date_gmt":"2022-02-07T16:06:21","guid":{"rendered":"https:\/\/www.palmaequipmentrental.com\/?post_type=product&#038;p=6574"},"modified":"2023-10-09T13:58:04","modified_gmt":"2023-10-09T13:58:04","slug":"pro-a1x-air-ttl-nikon","status":"publish","type":"product","link":"https:\/\/palmaequipmentrental.com\/de\/photo-video-equipment-mallorca\/pro-a1x-air-ttl-nikon\/","title":{"rendered":"Profoto A1X Nikon"},"content":{"rendered":"<p>Der A1X ist durch und durch ein Profoto-Blitz\u00a0\u2013 nur kleiner. Sein runder Blitzkopf liefert ein ebenso nat\u00fcrliches wie wundersch\u00f6nes Licht mit sanftem Lichtabfall. Dabei ist er nicht nur unglaublich einfach in der Handhabung: Mit seiner superschnellen Blitzfolgezeit und seinem langlebigen Akku wird Ihnen keine Aufnahme mehr entgehen. Genie\u00dfen Sie Lichtgestaltung par excellence\u00a0\u2013 immer und \u00fcberall, ob an der Kamera oder als Off-Camera-System.<\/p>\n<p>Der Profoto A1X bringt Lichtgestaltungsf\u00e4higkeiten mit. Sein einzigartiger runder Blitzkopf macht es mit seinem sanften Lichtabfall leicht, nat\u00fcrliches und wundersch\u00f6nes Licht zu erzeugen. Er verf\u00fcgt zudem \u00fcber eine intelligente Magnethalterung und speziell f\u00fcr ihn konzipierte Lichtformer, die sich schnell und einfach anbringen lassen. Sie k\u00f6nnen \u00fcbereinander angebracht werden und erweitern damit Ihre kreativen M\u00f6glichkeiten. Das integrierte LED-Einstelllicht des A1X vereinfacht die Positionierung des Lichts und sorgt daf\u00fcr, dass Sie besser erkennen, wie Licht und Schatten zusammenwirken.<\/p>\n<p>Ein weiterer Pluspunkt ist die extrem einfache Handhabung. Das gro\u00dfe Bedienfeld ist klar und deutlich strukturiert. Wie alle anderen Produkte von Profoto ist es intuitiv bedienbar, und Sie m\u00fcssen nicht erst lange in der Bedienungsanleitung lesen, um die Funktionsweise zu verstehen. Auch AirTTL Remote ist in den A1X integriert. Mit AirTTL und HSS erhalten Sie schnell und einfach professionelle Ergebnisse, und mit der Funkfernbedienung k\u00f6nnen Sie problemlos eine Verbindung zu anderen Profoto-Blitzen herstellen und sie ganz einfach vom A1X aus steuern.<\/p>\n<p>Der Profoto A1X ist nicht nur ein On-Camera-Blitzsystem, sondern auch als eigenst\u00e4ndiger Off-Camera-Blitz h\u00f6chst effektiv. Der A1X verf\u00fcgt \u00fcber einen austauschbaren Li-Ion-Hochleistungsakku, der viermal l\u00e4nger h\u00e4lt als herk\u00f6mmliche AA-Batterien, ohne dass die Leistung abf\u00e4llt. Der Akku l\u00e4sst sich zudem schnell wieder aufladen. Damit sind Sie selbst bei l\u00e4ngeren Shootings auf der sicheren Seite. Auch in Sachen Geschwindigkeit kann der A1X mithalten. Seine Blitzfolgezeit ist viermal schneller als die anderer On-Camera-L\u00f6sungen\u00a0\u2013 mit 1\u00a0Sekunde bei voller Leistung. Einfach gesagt: Sie verpassen keine Aufnahme mehr.<\/p>\n<h3 class=\"tab__content-subtitle\">Eigenschaften<\/h3>\n<ul>\n<li>Runder Blitzkopf mit einem gleichm\u00e4\u00dfigen, weichen und nat\u00fcrlichen Lichtabfall.<\/li>\n<li>AirTTL und HSS f\u00fcr wundersch\u00f6ne, professionelle Bilder im Handumdrehen.<\/li>\n<li>Intelligente (zum Patent angemeldete) Magnethalterung f\u00fcr A1X-Lichtformer.<\/li>\n<li>Lichtformer speziell f\u00fcr den A1X verf\u00fcgbar.<\/li>\n<li>Integriertes LED-Einstelllicht.<\/li>\n<li>Integrierte Air-Funkfernbedienung.<\/li>\n<li>Austauschbarer Li-Ion-Akku.<\/li>\n<li>450\u00a0Blitze bei voller Leistung.<\/li>\n<li>Blitzfolgezeit von 1\u00a0Sekunde.<\/li>\n<li>Umschaltung zwischen TTL\/MAN.<\/li>\n<li>Integrierter Motorzoom mit manueller Steuerung<\/li>\n<li>Autofokus (AF)-Assistent.<\/li>\n<\/ul>\n","protected":false},"excerpt":{"rendered":"<p>Der A1X ist durch und durch ein Profoto-Blitz\u00a0\u2013 nur kleiner. Sein runder Blitzkopf liefert ein ebenso nat\u00fcrliches wie wundersch\u00f6nes Licht mit sanftem Lichtabfall. Dabei ist er nicht nur unglaublich einfach in der Handhabung: Mit seiner superschnellen Blitzfolgezeit und seinem langlebigen Akku wird Ihnen keine Aufnahme mehr entgehen. Genie\u00dfen Sie Lichtgestaltung par excellence\u00a0\u2013 immer und \u00fcberall, ob an der Kamera oder [&hellip;]<\/p>\n","protected":false},"featured_media":5843,"template":"","meta":[],"product_cat":[385],"product_tag":[],"class_list":{"0":"post-6574","1":"product","2":"type-product","3":"status-publish","4":"has-post-thumbnail","6":"product_cat-kamera-blitz","8":"first","9":"instock","10":"shipping-taxable","11":"purchasable","12":"product-type-simple"},"_links":{"self":[{"href":"https:\/\/palmaequipmentrental.com\/de\/wp-json\/wp\/v2\/product\/6574","targetHints":{"allow":["GET"]}}],"collection":[{"href":"https:\/\/palmaequipmentrental.com\/de\/wp-json\/wp\/v2\/product"}],"about":[{"href":"https:\/\/palmaequipmentrental.com\/de\/wp-json\/wp\/v2\/types\/product"}],"wp:featuredmedia":[{"embeddable":true,"href":"https:\/\/palmaequipmentrental.com\/de\/wp-json\/wp\/v2\/media\/5843"}],"wp:attachment":[{"href":"https:\/\/palmaequipmentrental.com\/de\/wp-json\/wp\/v2\/media?parent=6574"}],"wp:term":[{"taxonomy":"product_cat","embeddable":true,"href":"https:\/\/palmaequipmentrental.com\/de\/wp-json\/wp\/v2\/product_cat?post=6574"},{"taxonomy":"product_tag","embeddable":true,"href":"https:\/\/palmaequipmentrental.com\/de\/wp-json\/wp\/v2\/product_tag?post=6574"}],"curies":[{"name":"wp","href":"https:\/\/api.w.org\/{rel}","templated":true}]}}