{"id":6594,"date":"2022-02-22T09:30:38","date_gmt":"2022-02-22T09:30:38","guid":{"rendered":"https:\/\/www.palmaequipmentrental.com\/?post_type=product&#038;p=6594"},"modified":"2025-08-21T09:44:08","modified_gmt":"2025-08-21T09:44:08","slug":"pro-air-remote-ttl-f","status":"publish","type":"product","link":"https:\/\/palmaequipmentrental.com\/de\/photo-video-equipment-mallorca\/pro-air-remote-ttl-f\/","title":{"rendered":"Profoto Air Remote TTL-F"},"content":{"rendered":"<p>Nie war die perfekte Belichtung einfacher zu erzielen. Stellen Sie eine kabellose Verbindung zwischen Ihrem Profoto AirTTL-Blitz und Ihrer Kamera her, indem Sie die Fernbedienung an den Zubeh\u00f6rschuh Ihrer Kamera anschlie\u00dfen. Wenn Sie dann im TTL-Modus auf den Ausl\u00f6ser dr\u00fccken, kommuniziert die Air Remote TTL mit dem Blitz. Sie erhalten die perfekte Belichtung. Ganz automatisch.<\/p>\n<p>Wenn Sie Profoto AirTTL nutzen, k\u00f6nnen Sie Ihren Blitzbelichtungsmesser guten Gewissens zu Hause lassen und sparen Zeit. F\u00fcr eine pr\u00e4zisiere Steuerung fotografieren Sie zuerst im TTL-Modus, um die perfekte Belichtung zu bestimmen. Dann schalten Sie in den manuellen Modus um, behalten jedoch die gemessenen Werte bei. Nun ist Ihre Kreativit\u00e4t gefragt, denn bei der Feinabstimmung k\u00f6nnen Sie das Licht pr\u00e4zise Ihren W\u00fcnschen anpassen.<\/p>\n<p>AirTTL-Funkfernbedienungen sind mit Profoto High-Speed Sync (HSS) ausgestattet. Diese Funktion erm\u00f6glicht Ihnen Blitzaufnahmen bei Verschlusszeiten von bis zu 1\/8.000\u00a0Sekunde. HSS sorgt daf\u00fcr, dass Sie das Licht bei hellem Tageslicht steuern und gestalten k\u00f6nnen und gestochen scharfe Bilder ohne Bewegungsunsch\u00e4rfe erzeugen, wenn Sie Blitzlicht mit Umgebungslicht mischen.<\/p>\n<h3 class=\"tab__content-subtitle\">Eigenschaften<\/h3>\n<ul>\n<li>Schlie\u00dfen Sie sie an den Zubeh\u00f6rschuh Ihrer Kamera an, um Kamera und AirTTL-Blitz drahtlos miteinander zu verbinden.<\/li>\n<li>Fotografieren Sie im TTL-Modus \u2013 einfach auf den Ausl\u00f6ser dr\u00fccken und fertig.<\/li>\n<li>Fotografieren Sie f\u00fcr Lichtgestaltung bei hellem Tageslicht im HSS-Modus.<\/li>\n<li>Schalten Sie vom TTL-Modus in den manuellen Modus um\u00a0und behalten Sie automatisch den gespeicherten TTL-Messwert bei \u2013 eine deutliche Zeitersparnis.<\/li>\n<li>Sie k\u00f6nnen jeden Profoto Blitz, der mit Air kompatibel ist, synchronisieren und manuell steuern.<\/li>\n<li>Intuitive und einfache Bedienung.<\/li>\n<li>Gro\u00dfe Reichweite von bis zu 300\u00a0m.<\/li>\n<li>8\u00a0digitale Kan\u00e4le.<\/li>\n<li>Steuert bis zu 3\u00a0Lichtgruppen pro Kanal.<\/li>\n<li>USB-Port f\u00fcr Firmware-Upgrades.<\/li>\n<li>Weltweit zugelassen.<\/li>\n<\/ul>\n<p>&nbsp;<\/p>\n<p><a href=\"https:\/\/youtu.be\/poZip-ryIZY\">Check out our video!<\/a><\/p>\n","protected":false},"excerpt":{"rendered":"<p>Nie war die perfekte Belichtung einfacher zu erzielen. Stellen Sie eine kabellose Verbindung zwischen Ihrem Profoto AirTTL-Blitz und Ihrer Kamera her, indem Sie die Fernbedienung an den Zubeh\u00f6rschuh Ihrer Kamera anschlie\u00dfen. Wenn Sie dann im TTL-Modus auf den Ausl\u00f6ser dr\u00fccken, kommuniziert die Air Remote TTL mit dem Blitz. Sie erhalten die perfekte Belichtung. Ganz automatisch. Wenn Sie Profoto AirTTL nutzen, [&hellip;]<\/p>\n","protected":false},"featured_media":5527,"template":"","meta":[],"product_cat":[122],"product_tag":[],"class_list":{"0":"post-6594","1":"product","2":"type-product","3":"status-publish","4":"has-post-thumbnail","6":"product_cat-sync-de","8":"first","9":"instock","10":"shipping-taxable","11":"purchasable","12":"product-type-simple"},"_links":{"self":[{"href":"https:\/\/palmaequipmentrental.com\/de\/wp-json\/wp\/v2\/product\/6594","targetHints":{"allow":["GET"]}}],"collection":[{"href":"https:\/\/palmaequipmentrental.com\/de\/wp-json\/wp\/v2\/product"}],"about":[{"href":"https:\/\/palmaequipmentrental.com\/de\/wp-json\/wp\/v2\/types\/product"}],"wp:featuredmedia":[{"embeddable":true,"href":"https:\/\/palmaequipmentrental.com\/de\/wp-json\/wp\/v2\/media\/5527"}],"wp:attachment":[{"href":"https:\/\/palmaequipmentrental.com\/de\/wp-json\/wp\/v2\/media?parent=6594"}],"wp:term":[{"taxonomy":"product_cat","embeddable":true,"href":"https:\/\/palmaequipmentrental.com\/de\/wp-json\/wp\/v2\/product_cat?post=6594"},{"taxonomy":"product_tag","embeddable":true,"href":"https:\/\/palmaequipmentrental.com\/de\/wp-json\/wp\/v2\/product_tag?post=6594"}],"curies":[{"name":"wp","href":"https:\/\/api.w.org\/{rel}","templated":true}]}}