{"id":6649,"date":"2022-03-10T18:19:04","date_gmt":"2022-03-10T18:19:04","guid":{"rendered":"https:\/\/www.palmaequipmentrental.com\/?post_type=product&#038;p=6649"},"modified":"2023-11-08T18:30:50","modified_gmt":"2023-11-08T18:30:50","slug":"ecoflow-river-pro-600","status":"publish","type":"product","link":"https:\/\/palmaequipmentrental.com\/de\/photo-video-equipment-mallorca\/ecoflow-river-pro-600\/","title":{"rendered":"EcoFlow River Pro 600"},"content":{"rendered":"<p><strong>Tragbare EcoFlow River Pro 600 Powerstation<\/strong><\/p>\n<p>Steigern Sie die Qualit\u00e4t Ihrer Au\u00dfendrehs mit der kompakten, aber leistungsstarken EcoFlow River Pro 600. Ausgew\u00e4hlt von Palma Equipment Rental f\u00fcr Fotografen und Filmemacher in Palma de Mallorca und auf den gesamten Balearen, ist diese tragbare Powerstation ein Muss f\u00fcr jeden schnelllebigen Set. Ihre zuverl\u00e4ssige Leistung und benutzerfreundliche Bedienung gew\u00e4hrleisten, dass die Energiebed\u00fcrfnisse Ihrer Produktion m\u00fchelos erf\u00fcllt werden, selbst an den entlegensten Orten Spaniens.<\/p>\n<p><strong>Technische Spezifikationen:<\/strong><\/p>\n<ul>\n<li>Kapazit\u00e4t: 720Wh<\/li>\n<li>Leistung: 600W (Spitzenleistung 1200W)<\/li>\n<li>Wechselstromausg\u00e4nge: 3 EU-Anschl\u00fcsse<\/li>\n<li>Wechselstromeingang: X-Boost-Schnellladung<\/li>\n<li>USB-A-Ausgang: 2 Ports<\/li>\n<li>USB-C-Ausgang: 1 Port, maximal 100W<\/li>\n<li>Gewicht: 7,6kg<\/li>\n<\/ul>\n<p>Mit Palma Equipment Rental erleben Sie nahtlose Kreativit\u00e4t mit Werkzeugen, die mit Ihrer Vision Schritt halten. Neben rund um die Uhr verf\u00fcgbarem technischen Support und einem Inventar mit Namen wie Profoto, Arri und Manfrotto steht die EcoFlow River Pro 600 bereit, Ihre Shootings mit anhaltender Kraft und Vielseitigkeit zu beleuchten und zu beleben. Vertrauen Sie darauf, dass wir Ihre Geschichte Bild f\u00fcr Bild mit Energie versorgen.<\/p>\n","protected":false},"excerpt":{"rendered":"<p>Tragbare EcoFlow River Pro 600 Powerstation Steigern Sie die Qualit\u00e4t Ihrer Au\u00dfendrehs mit der kompakten, aber leistungsstarken EcoFlow River Pro 600. Ausgew\u00e4hlt von Palma Equipment Rental f\u00fcr Fotografen und Filmemacher in Palma de Mallorca und auf den gesamten Balearen, ist diese tragbare Powerstation ein Muss f\u00fcr jeden schnelllebigen Set. Ihre zuverl\u00e4ssige Leistung und benutzerfreundliche Bedienung gew\u00e4hrleisten, dass die Energiebed\u00fcrfnisse Ihrer [&hellip;]<\/p>\n","protected":false},"featured_media":6722,"template":"","meta":[],"product_cat":[745,746,129],"product_tag":[],"class_list":{"0":"post-6649","1":"product","2":"type-product","3":"status-publish","4":"has-post-thumbnail","6":"product_cat-tragbare-powerstationen","7":"product_cat-tragbare-powerstationen-de","8":"product_cat-batterien","10":"first","11":"instock","12":"shipping-taxable","13":"purchasable","14":"product-type-simple"},"_links":{"self":[{"href":"https:\/\/palmaequipmentrental.com\/de\/wp-json\/wp\/v2\/product\/6649","targetHints":{"allow":["GET"]}}],"collection":[{"href":"https:\/\/palmaequipmentrental.com\/de\/wp-json\/wp\/v2\/product"}],"about":[{"href":"https:\/\/palmaequipmentrental.com\/de\/wp-json\/wp\/v2\/types\/product"}],"wp:featuredmedia":[{"embeddable":true,"href":"https:\/\/palmaequipmentrental.com\/de\/wp-json\/wp\/v2\/media\/6722"}],"wp:attachment":[{"href":"https:\/\/palmaequipmentrental.com\/de\/wp-json\/wp\/v2\/media?parent=6649"}],"wp:term":[{"taxonomy":"product_cat","embeddable":true,"href":"https:\/\/palmaequipmentrental.com\/de\/wp-json\/wp\/v2\/product_cat?post=6649"},{"taxonomy":"product_tag","embeddable":true,"href":"https:\/\/palmaequipmentrental.com\/de\/wp-json\/wp\/v2\/product_tag?post=6649"}],"curies":[{"name":"wp","href":"https:\/\/api.w.org\/{rel}","templated":true}]}}