{"id":6754,"date":"2022-03-19T13:23:02","date_gmt":"2022-03-19T13:23:02","guid":{"rendered":"https:\/\/www.palmaequipmentrental.com\/?post_type=product&#038;p=6754"},"modified":"2022-08-05T11:37:46","modified_gmt":"2022-08-05T11:37:46","slug":"pro-d2-1000w-air-ttl","status":"publish","type":"product","link":"https:\/\/palmaequipmentrental.com\/de\/photo-video-equipment-mallorca\/pro-d2-1000w-air-ttl\/","title":{"rendered":"Pro D2 1000w Air TTL"},"content":{"rendered":"<div class=\"row\">\n<div class=\"col-12 col-md-6\">\n<p class=\"tab__content-title section--max-width\">Der schnellste Kompaktblitz der Welt mit TTL.<\/p>\n<p>Der kompakte Profoto\u00a0D2 ist der perfekte Blitz f\u00fcr jede Art von Fotografie. Ob Portr\u00e4t, Sport, Food oder Mode, nichts ist dem D2 zu schnell oder zu schwierig. Frieren Sie Bewegungen gestochen scharf ein und fotografieren Sie mit ultraschnellen Blitzfolgen. Dank TTL brauchen Sie nur noch auf den Ausl\u00f6ser zu dr\u00fccken, w\u00e4hrend Sie mit HSS auch helles Tageslicht in den Griff bekommen.<\/p>\n<p>Der D2 ist ein echtes Kraftpaket. Neben hoher Leistung und einfacher Bedienung garantiert er Ihnen h\u00f6chste Zuverl\u00e4ssigkeit und Farbtreue. Mit einer riesigen Auswahl von mehr als 120\u00a0Lichtformern bietet der D2 anspruchsvollen Fotografen, die nur das Beste f\u00fcr ihre Lichtgestaltung wollen, ein ultraschnelles, vielseitiges Paket.<\/p>\n<h3 class=\"tab__content-subtitle\">Eigenschaften<\/h3>\n<ul>\n<li>Kompakt und leicht.<\/li>\n<li>Frieren Sie k\u00fcrzeste Augenblicke ein mit Leuchtzeiten von bis zu 1\/63.000\u00a0s.<\/li>\n<li>Halten Sie rasante Action mit superschnellen Blitzfolgen von bis zu 20\u00a0Blitzen pro Sekunde fest.<\/li>\n<li>Fotografieren Sie mit AirTTL oder im manuellen Modus und stellen Sie eine Funkverbindung zu anderen Profoto\u00a0Air-Blitzen her.<\/li>\n<li>Genie\u00dfen Sie h\u00f6chste Pr\u00e4zision und Regelbarkeit \u00fcber einen Bereich von 10\u00a0Blenden, verf\u00fcgbar in einer 500\u00a0Ws- und einer 1.000\u00a0Ws-Version.<\/li>\n<li>Kontrollieren Sie das Umgebungslicht mit HSS und erzeugen Sie gestochen scharfe Bilder ohne Bewegungsunsch\u00e4rfe bei Verschlusszeiten von bis zu 1\/8.000\u00a0s.<\/li>\n<li>Der D2 \u00fcberzeugt durch erstklassige Regelbarkeit und Lichtqualit\u00e4t mit seinem integrierten Reflektor und 300\u00a0W starken Halogen-Einstelllicht.<\/li>\n<li>Fernsteuerbar aus bis zu 300\u00a0Metern Entfernung mit einer optionalen Air-Funkfernbedienung.<\/li>\n<li>Einfache, intuitive Bedienung mit gro\u00dfem, hochaufl\u00f6sendem Display.<\/li>\n<li>Optional erh\u00e4ltliche Quartz-Blitzr\u00f6hre f\u00fcr Packshot-Aufnahmen im Dauereinsatz.<\/li>\n<li>Kompatibel mit \u00fcber 120\u00a0Profoto-Lichtformern.<\/li>\n<\/ul>\n<\/div>\n<\/div>\n<p><span style=\"line-height: normal;\">\u00a0<\/span><\/p>\n<div class=\"field-items\" style=\"border-image: initial; font-family: 'Helvetica Neue', Arial, Helvetica, sans-serif; vertical-align: baseline; color: #4a4849; line-height: 18px; padding: 0px; margin: 0px; border: 0px initial initial;\"><\/div>\n","protected":false},"excerpt":{"rendered":"<p>Der schnellste Kompaktblitz der Welt mit TTL. Der kompakte Profoto\u00a0D2 ist der perfekte Blitz f\u00fcr jede Art von Fotografie. Ob Portr\u00e4t, Sport, Food oder Mode, nichts ist dem D2 zu schnell oder zu schwierig. Frieren Sie Bewegungen gestochen scharf ein und fotografieren Sie mit ultraschnellen Blitzfolgen. Dank TTL brauchen Sie nur noch auf den Ausl\u00f6ser zu dr\u00fccken, w\u00e4hrend Sie mit [&hellip;]<\/p>\n","protected":false},"featured_media":6948,"template":"","meta":[],"product_cat":[394],"product_tag":[],"class_list":{"0":"post-6754","1":"product","2":"type-product","3":"status-publish","4":"has-post-thumbnail","6":"product_cat-monoblock","8":"first","9":"instock","10":"shipping-taxable","11":"purchasable","12":"product-type-simple"},"_links":{"self":[{"href":"https:\/\/palmaequipmentrental.com\/de\/wp-json\/wp\/v2\/product\/6754","targetHints":{"allow":["GET"]}}],"collection":[{"href":"https:\/\/palmaequipmentrental.com\/de\/wp-json\/wp\/v2\/product"}],"about":[{"href":"https:\/\/palmaequipmentrental.com\/de\/wp-json\/wp\/v2\/types\/product"}],"wp:featuredmedia":[{"embeddable":true,"href":"https:\/\/palmaequipmentrental.com\/de\/wp-json\/wp\/v2\/media\/6948"}],"wp:attachment":[{"href":"https:\/\/palmaequipmentrental.com\/de\/wp-json\/wp\/v2\/media?parent=6754"}],"wp:term":[{"taxonomy":"product_cat","embeddable":true,"href":"https:\/\/palmaequipmentrental.com\/de\/wp-json\/wp\/v2\/product_cat?post=6754"},{"taxonomy":"product_tag","embeddable":true,"href":"https:\/\/palmaequipmentrental.com\/de\/wp-json\/wp\/v2\/product_tag?post=6754"}],"curies":[{"name":"wp","href":"https:\/\/api.w.org\/{rel}","templated":true}]}}