{"id":6761,"date":"2022-03-19T13:41:58","date_gmt":"2022-03-19T13:41:58","guid":{"rendered":"https:\/\/www.palmaequipmentrental.com\/?post_type=product&#038;p=6761"},"modified":"2022-08-05T11:37:45","modified_gmt":"2022-08-05T11:37:45","slug":"d-tap-adapter-to-usb-c","status":"publish","type":"product","link":"https:\/\/palmaequipmentrental.com\/de\/photo-video-equipment-mallorca\/d-tap-adapter-to-usb-c\/","title":{"rendered":"D-Tap Adapter auf USB-C"},"content":{"rendered":"<p><strong>D-Tap Adapter auf USB-C<\/strong><\/p>\n<p>Perfekte L\u00f6sung f\u00fcr Aufnahmen vor Ort; Mit diesem Adapter k\u00f6nnen Sie V-Lock\/V-mount-Akkus mit D-Tap-Anschluss verwenden, um Ihre Ger\u00e4te mit USB-C-Anschluss wie Laptops, Tablets, Mobiltelefone und Kameraakkus am Set aufzuladen.<\/p>\n","protected":false},"excerpt":{"rendered":"<p>D-Tap Adapter auf USB-C Perfekte L\u00f6sung f\u00fcr Aufnahmen vor Ort; Mit diesem Adapter k\u00f6nnen Sie V-Lock\/V-mount-Akkus mit D-Tap-Anschluss verwenden, um Ihre Ger\u00e4te mit USB-C-Anschluss wie Laptops, Tablets, Mobiltelefone und Kameraakkus am Set aufzuladen.<\/p>\n","protected":false},"featured_media":6939,"template":"","meta":[],"product_cat":[129],"product_tag":[],"class_list":{"0":"post-6761","1":"product","2":"type-product","3":"status-publish","4":"has-post-thumbnail","6":"product_cat-batterien","8":"first","9":"instock","10":"shipping-taxable","11":"purchasable","12":"product-type-simple"},"_links":{"self":[{"href":"https:\/\/palmaequipmentrental.com\/de\/wp-json\/wp\/v2\/product\/6761","targetHints":{"allow":["GET"]}}],"collection":[{"href":"https:\/\/palmaequipmentrental.com\/de\/wp-json\/wp\/v2\/product"}],"about":[{"href":"https:\/\/palmaequipmentrental.com\/de\/wp-json\/wp\/v2\/types\/product"}],"wp:featuredmedia":[{"embeddable":true,"href":"https:\/\/palmaequipmentrental.com\/de\/wp-json\/wp\/v2\/media\/6939"}],"wp:attachment":[{"href":"https:\/\/palmaequipmentrental.com\/de\/wp-json\/wp\/v2\/media?parent=6761"}],"wp:term":[{"taxonomy":"product_cat","embeddable":true,"href":"https:\/\/palmaequipmentrental.com\/de\/wp-json\/wp\/v2\/product_cat?post=6761"},{"taxonomy":"product_tag","embeddable":true,"href":"https:\/\/palmaequipmentrental.com\/de\/wp-json\/wp\/v2\/product_tag?post=6761"}],"curies":[{"name":"wp","href":"https:\/\/api.w.org\/{rel}","templated":true}]}}