{"id":6772,"date":"2022-03-20T09:55:25","date_gmt":"2022-03-20T09:55:25","guid":{"rendered":"https:\/\/www.palmaequipmentrental.com\/?post_type=product&#038;p=6772"},"modified":"2022-10-14T09:17:58","modified_gmt":"2022-10-14T09:17:58","slug":"tetherpro-usb-c-core-controller-extension","status":"publish","type":"product","link":"https:\/\/palmaequipmentrental.com\/de\/photo-video-equipment-mallorca\/tetherpro-usb-c-core-controller-extension\/","title":{"rendered":"TetherPro USB-C Verl\u00e4ngerungskabel"},"content":{"rendered":"<p><strong>TetherPro USB-C Verl\u00e4ngerungskabel<\/strong><\/p>\n<p>Das TetherBoost Pro USB-C Core Controller-Verl\u00e4ngerungskabel verl\u00e4ngert und verst\u00e4rkt das Typ-C-Signal um weitere 5 m.<\/p>\n","protected":false},"excerpt":{"rendered":"<p>TetherPro USB-C Verl\u00e4ngerungskabel Das TetherBoost Pro USB-C Core Controller-Verl\u00e4ngerungskabel verl\u00e4ngert und verst\u00e4rkt das Typ-C-Signal um weitere 5 m.<\/p>\n","protected":false},"featured_media":6924,"template":"","meta":[],"product_cat":[407],"product_tag":[],"class_list":{"0":"post-6772","1":"product","2":"type-product","3":"status-publish","4":"has-post-thumbnail","6":"product_cat-tethering-kabel","8":"first","9":"instock","10":"shipping-taxable","11":"purchasable","12":"product-type-simple"},"_links":{"self":[{"href":"https:\/\/palmaequipmentrental.com\/de\/wp-json\/wp\/v2\/product\/6772","targetHints":{"allow":["GET"]}}],"collection":[{"href":"https:\/\/palmaequipmentrental.com\/de\/wp-json\/wp\/v2\/product"}],"about":[{"href":"https:\/\/palmaequipmentrental.com\/de\/wp-json\/wp\/v2\/types\/product"}],"wp:featuredmedia":[{"embeddable":true,"href":"https:\/\/palmaequipmentrental.com\/de\/wp-json\/wp\/v2\/media\/6924"}],"wp:attachment":[{"href":"https:\/\/palmaequipmentrental.com\/de\/wp-json\/wp\/v2\/media?parent=6772"}],"wp:term":[{"taxonomy":"product_cat","embeddable":true,"href":"https:\/\/palmaequipmentrental.com\/de\/wp-json\/wp\/v2\/product_cat?post=6772"},{"taxonomy":"product_tag","embeddable":true,"href":"https:\/\/palmaequipmentrental.com\/de\/wp-json\/wp\/v2\/product_tag?post=6772"}],"curies":[{"name":"wp","href":"https:\/\/api.w.org\/{rel}","templated":true}]}}