{"id":6783,"date":"2022-03-20T11:55:48","date_gmt":"2022-03-20T11:55:48","guid":{"rendered":"https:\/\/www.palmaequipmentrental.com\/?post_type=product&#038;p=6783"},"modified":"2023-02-17T09:03:35","modified_gmt":"2023-02-17T09:03:35","slug":"aputure-ls-300x","status":"publish","type":"product","link":"https:\/\/palmaequipmentrental.com\/de\/photo-video-equipment-mallorca\/aputure-ls-300x\/","title":{"rendered":"Aputure LS 300X"},"content":{"rendered":"<p>Unsere <strong>Aputure LS 300X LED Leuchte<\/strong> beinhaltet:<\/p>\n<ul>\n<li>LS 300X LED-Leuchte<\/li>\n<li>LS 300X Leistungsregelung<\/li>\n<li>Aputure Standard-Reflektor<\/li>\n<li>Aputure Fernbedienung<\/li>\n<li>Aputure Blitzklemme<\/li>\n<\/ul>\n<p>Die <strong>Light Storm LS300X LED-Lampe von Aputure<\/strong> ist die erste Aputure-Lampe, die \u00fcber die traditionelle zweifarbige Beleuchtung hinausgeht, indem sie den erweiterten Vari-White CCT-Bereich von 2700-6500K nutzt, der w\u00e4rmere Tungsten-T\u00f6ne und k\u00fchleres Wei\u00df als Tageslicht bietet.<br \/>\nDer 300x Bowens Mount macht sie kompatibel mit Aputure&#8217;s Lichtmodifikatoren wie dem F10 Fresnel, Light Dome II und Lantern 90.<\/p>\n<p><strong>Spezifikationen:<\/strong><\/p>\n<ul>\n<li><strong>350W Led-Leistung<\/strong> Vergleichbar mit einem 575W HMI<\/li>\n<li>Can be powered with<strong>\u00a0V-lock batteries<\/strong><\/li>\n<li><strong>Farbtemperatur einstellbar<\/strong>: 2700-6500K<\/li>\n<li>0-100% Dimmen, flimmerfrei<\/li>\n<li>CRI: 96, TLCI: 96, CQS: 95<\/li>\n<li>Bowens-S-Typ Reflektorhalterung<\/li>\n<\/ul>\n","protected":false},"excerpt":{"rendered":"<p>Unsere Aputure LS 300X LED Leuchte beinhaltet: LS 300X LED-Leuchte LS 300X Leistungsregelung Aputure Standard-Reflektor Aputure Fernbedienung Aputure Blitzklemme Die Light Storm LS300X LED-Lampe von Aputure ist die erste Aputure-Lampe, die \u00fcber die traditionelle zweifarbige Beleuchtung hinausgeht, indem sie den erweiterten Vari-White CCT-Bereich von 2700-6500K nutzt, der w\u00e4rmere Tungsten-T\u00f6ne und k\u00fchleres Wei\u00df als Tageslicht bietet. Der 300x Bowens Mount macht [&hellip;]<\/p>\n","protected":false},"featured_media":11108,"template":"","meta":[],"product_cat":[777,779],"product_tag":[],"class_list":{"0":"post-6783","1":"product","2":"type-product","3":"status-publish","4":"has-post-thumbnail","6":"product_cat-aputure-beleuchtung-v","7":"product_cat-aputure-beleuchtung","9":"first","10":"instock","11":"shipping-taxable","12":"purchasable","13":"product-type-simple"},"_links":{"self":[{"href":"https:\/\/palmaequipmentrental.com\/de\/wp-json\/wp\/v2\/product\/6783","targetHints":{"allow":["GET"]}}],"collection":[{"href":"https:\/\/palmaequipmentrental.com\/de\/wp-json\/wp\/v2\/product"}],"about":[{"href":"https:\/\/palmaequipmentrental.com\/de\/wp-json\/wp\/v2\/types\/product"}],"wp:featuredmedia":[{"embeddable":true,"href":"https:\/\/palmaequipmentrental.com\/de\/wp-json\/wp\/v2\/media\/11108"}],"wp:attachment":[{"href":"https:\/\/palmaequipmentrental.com\/de\/wp-json\/wp\/v2\/media?parent=6783"}],"wp:term":[{"taxonomy":"product_cat","embeddable":true,"href":"https:\/\/palmaequipmentrental.com\/de\/wp-json\/wp\/v2\/product_cat?post=6783"},{"taxonomy":"product_tag","embeddable":true,"href":"https:\/\/palmaequipmentrental.com\/de\/wp-json\/wp\/v2\/product_tag?post=6783"}],"curies":[{"name":"wp","href":"https:\/\/api.w.org\/{rel}","templated":true}]}}