{"id":6798,"date":"2022-03-20T13:27:18","date_gmt":"2022-03-20T13:27:18","guid":{"rendered":"https:\/\/www.palmaequipmentrental.com\/?post_type=product&#038;p=6798"},"modified":"2023-04-21T14:24:48","modified_gmt":"2023-04-21T14:24:48","slug":"aputure-lantern-90","status":"publish","type":"product","link":"https:\/\/palmaequipmentrental.com\/de\/photo-video-equipment-mallorca\/aputure-lantern-90\/","title":{"rendered":"Aputure Lantern 90"},"content":{"rendered":"<p><strong>Aputure Lantern 90<\/strong> Omnidirektionaler Soft Light Modifier<\/p>\n<p>Erzeugt ein weiches Licht von nahezu 360\u00b0, das sich gleichm\u00e4\u00dfig \u00fcber einen gro\u00dfen Bereich ausbreitet, um das Umgebungslicht zu erh\u00f6hen und Schatten aufzuhellen.<br \/>\nDurch die Verwendung der mitgelieferten Sch\u00fcrze an allen vier Seiten wird der Lichtstrahl auf einen Pool aus weichem Licht begrenzt, w\u00e4hrend die Abdeckung einer Seite das Licht lenkt oder ein Hell-Dunkel-Verh\u00e4ltnis erzeugt, um Dimensionen hinzuzuf\u00fcgen.<\/p>\n<p><strong>Merkmale:<\/strong><\/p>\n<ul>\n<li>1-Stop Wei\u00df Transluzent<\/li>\n<li>90cm (3&#8242;) Durchmesser<\/li>\n<li>Eingebauter Bowens Speed Ring<\/li>\n<li>Mitgelieferte Lichtsteuerungssch\u00fcrze.<\/li>\n<li>Nahezu 360\u00b0 Abstrahlwinkel<\/li>\n<\/ul>\n","protected":false},"excerpt":{"rendered":"<p>Aputure Lantern 90 Omnidirektionaler Soft Light Modifier Erzeugt ein weiches Licht von nahezu 360\u00b0, das sich gleichm\u00e4\u00dfig \u00fcber einen gro\u00dfen Bereich ausbreitet, um das Umgebungslicht zu erh\u00f6hen und Schatten aufzuhellen. Durch die Verwendung der mitgelieferten Sch\u00fcrze an allen vier Seiten wird der Lichtstrahl auf einen Pool aus weichem Licht begrenzt, w\u00e4hrend die Abdeckung einer Seite das Licht lenkt oder ein [&hellip;]<\/p>\n","protected":false},"featured_media":6816,"template":"","meta":[],"product_cat":[773,775],"product_tag":[],"class_list":{"0":"post-6798","1":"product","2":"type-product","3":"status-publish","4":"has-post-thumbnail","6":"product_cat-aputure-lichtformer-v","7":"product_cat-aputure-lichtformer","9":"first","10":"instock","11":"shipping-taxable","12":"purchasable","13":"product-type-simple"},"_links":{"self":[{"href":"https:\/\/palmaequipmentrental.com\/de\/wp-json\/wp\/v2\/product\/6798","targetHints":{"allow":["GET"]}}],"collection":[{"href":"https:\/\/palmaequipmentrental.com\/de\/wp-json\/wp\/v2\/product"}],"about":[{"href":"https:\/\/palmaequipmentrental.com\/de\/wp-json\/wp\/v2\/types\/product"}],"wp:featuredmedia":[{"embeddable":true,"href":"https:\/\/palmaequipmentrental.com\/de\/wp-json\/wp\/v2\/media\/6816"}],"wp:attachment":[{"href":"https:\/\/palmaequipmentrental.com\/de\/wp-json\/wp\/v2\/media?parent=6798"}],"wp:term":[{"taxonomy":"product_cat","embeddable":true,"href":"https:\/\/palmaequipmentrental.com\/de\/wp-json\/wp\/v2\/product_cat?post=6798"},{"taxonomy":"product_tag","embeddable":true,"href":"https:\/\/palmaequipmentrental.com\/de\/wp-json\/wp\/v2\/product_tag?post=6798"}],"curies":[{"name":"wp","href":"https:\/\/api.w.org\/{rel}","templated":true}]}}