{"id":6803,"date":"2022-03-20T13:37:26","date_gmt":"2022-03-20T13:37:26","guid":{"rendered":"https:\/\/www.palmaequipmentrental.com\/?post_type=product&#038;p=6803"},"modified":"2024-02-05T15:30:43","modified_gmt":"2024-02-05T15:30:43","slug":"skypanel-snapbag-s60","status":"publish","type":"product","link":"https:\/\/palmaequipmentrental.com\/de\/photo-video-equipment-mallorca\/skypanel-snapbag-s60\/","title":{"rendered":"DoPchoice SnapBag Skypanel S60"},"content":{"rendered":"<p>Der SnapBag f\u00fcr das SkyPanel S60 von DoPchoice wird direkt an der Vorderseite des SkyPanels befestigt und schafft eine gr\u00f6\u00dfere Blende mit sch\u00f6nem weichem Licht.<\/p>\n<p><strong>Eigenschaften:<\/strong><\/p>\n<ul>\n<li>Ideal f\u00fcr Nahaufnahmen<\/li>\n<li>Kein Werkzeug f\u00fcr die Befestigung erforderlich<\/li>\n<li>Frontdiffusor l\u00e4sst sich entfernen<\/li>\n<li>1\/2 Gitter Stoffdiffusor im Lieferumfang enthalten<\/li>\n<li>Leichter Transport da zusammenfaltbar<\/li>\n<\/ul>\n<p><strong>SnapGrid 40 f\u00fcr SnapBag ist enthalten<\/strong><\/p>\n","protected":false},"excerpt":{"rendered":"<p>Der SnapBag f\u00fcr das SkyPanel S60 von DoPchoice wird direkt an der Vorderseite des SkyPanels befestigt und schafft eine gr\u00f6\u00dfere Blende mit sch\u00f6nem weichem Licht. Eigenschaften: Ideal f\u00fcr Nahaufnahmen Kein Werkzeug f\u00fcr die Befestigung erforderlich Frontdiffusor l\u00e4sst sich entfernen 1\/2 Gitter Stoffdiffusor im Lieferumfang enthalten Leichter Transport da zusammenfaltbar SnapGrid 40 f\u00fcr SnapBag ist enthalten<\/p>\n","protected":false},"featured_media":14001,"template":"","meta":[],"product_cat":[398,439],"product_tag":[],"class_list":{"0":"post-6803","1":"product","2":"type-product","3":"status-publish","4":"has-post-thumbnail","6":"product_cat-softboxen-de","7":"product_cat-softboxen-de-2","9":"first","10":"instock","11":"shipping-taxable","12":"purchasable","13":"product-type-simple"},"_links":{"self":[{"href":"https:\/\/palmaequipmentrental.com\/de\/wp-json\/wp\/v2\/product\/6803","targetHints":{"allow":["GET"]}}],"collection":[{"href":"https:\/\/palmaequipmentrental.com\/de\/wp-json\/wp\/v2\/product"}],"about":[{"href":"https:\/\/palmaequipmentrental.com\/de\/wp-json\/wp\/v2\/types\/product"}],"wp:featuredmedia":[{"embeddable":true,"href":"https:\/\/palmaequipmentrental.com\/de\/wp-json\/wp\/v2\/media\/14001"}],"wp:attachment":[{"href":"https:\/\/palmaequipmentrental.com\/de\/wp-json\/wp\/v2\/media?parent=6803"}],"wp:term":[{"taxonomy":"product_cat","embeddable":true,"href":"https:\/\/palmaequipmentrental.com\/de\/wp-json\/wp\/v2\/product_cat?post=6803"},{"taxonomy":"product_tag","embeddable":true,"href":"https:\/\/palmaequipmentrental.com\/de\/wp-json\/wp\/v2\/product_tag?post=6803"}],"curies":[{"name":"wp","href":"https:\/\/api.w.org\/{rel}","templated":true}]}}