{"id":6809,"date":"2022-03-20T13:54:49","date_gmt":"2022-03-20T13:54:49","guid":{"rendered":"https:\/\/www.palmaequipmentrental.com\/?post_type=product&#038;p=6809"},"modified":"2024-02-05T15:34:38","modified_gmt":"2024-02-05T15:34:38","slug":"dopchoice-snapgrid-s60","status":"publish","type":"product","link":"https:\/\/palmaequipmentrental.com\/de\/photo-video-equipment-mallorca\/dopchoice-snapgrid-s60\/","title":{"rendered":"DoPchoice SnapGrid f\u00fcr Skypanel S60"},"content":{"rendered":"<p><strong>DoPchoice SNAPGRID 40\u00b0 f\u00fcr S60 Skypanel<\/strong><\/p>\n<p>Mit dem DoPchoice SnapGrid von ARRI k\u00f6nnen Sie die Lichtverteilung Ihres Skypanel S60 LED-Softlights einschr\u00e4nken. <strong>Es kann direkt auf die S60-Leuchte montiert werden.<\/strong><\/p>\n","protected":false},"excerpt":{"rendered":"<p>DoPchoice SNAPGRID 40\u00b0 f\u00fcr S60 Skypanel Mit dem DoPchoice SnapGrid von ARRI k\u00f6nnen Sie die Lichtverteilung Ihres Skypanel S60 LED-Softlights einschr\u00e4nken. Es kann direkt auf die S60-Leuchte montiert werden.<\/p>\n","protected":false},"featured_media":11564,"template":"","meta":[],"product_cat":[439,398],"product_tag":[],"class_list":{"0":"post-6809","1":"product","2":"type-product","3":"status-publish","4":"has-post-thumbnail","6":"product_cat-softboxen-de-2","7":"product_cat-softboxen-de","9":"first","10":"instock","11":"shipping-taxable","12":"purchasable","13":"product-type-simple"},"_links":{"self":[{"href":"https:\/\/palmaequipmentrental.com\/de\/wp-json\/wp\/v2\/product\/6809","targetHints":{"allow":["GET"]}}],"collection":[{"href":"https:\/\/palmaequipmentrental.com\/de\/wp-json\/wp\/v2\/product"}],"about":[{"href":"https:\/\/palmaequipmentrental.com\/de\/wp-json\/wp\/v2\/types\/product"}],"wp:featuredmedia":[{"embeddable":true,"href":"https:\/\/palmaequipmentrental.com\/de\/wp-json\/wp\/v2\/media\/11564"}],"wp:attachment":[{"href":"https:\/\/palmaequipmentrental.com\/de\/wp-json\/wp\/v2\/media?parent=6809"}],"wp:term":[{"taxonomy":"product_cat","embeddable":true,"href":"https:\/\/palmaequipmentrental.com\/de\/wp-json\/wp\/v2\/product_cat?post=6809"},{"taxonomy":"product_tag","embeddable":true,"href":"https:\/\/palmaequipmentrental.com\/de\/wp-json\/wp\/v2\/product_tag?post=6809"}],"curies":[{"name":"wp","href":"https:\/\/api.w.org\/{rel}","templated":true}]}}