{"id":6974,"date":"2022-03-23T08:15:15","date_gmt":"2022-03-23T08:15:15","guid":{"rendered":"https:\/\/www.palmaequipmentrental.com\/product\/lastolite-5-in-1-reflector-copy\/"},"modified":"2025-06-17T13:02:51","modified_gmt":"2025-06-17T13:02:51","slug":"lastolite-5-in-1-reflector-100-cm","status":"publish","type":"product","link":"https:\/\/palmaequipmentrental.com\/de\/photo-video-equipment-mallorca\/lastolite-5-in-1-reflector-100-cm\/","title":{"rendered":"Lastolite 5-in-1 Reflektor 100cm"},"content":{"rendered":"<p><strong>Lastolite 5-in-1 Bottletop Zusammenklappbarer Reflektor 100cm<\/strong><\/p>\n<p>Der 5-in-1 Pop Out Reflektor ist umkehrbar und auf ein Drittel der urspr\u00fcnglichen Gr\u00f6\u00dfe zusammenklappbar.<\/p>\n<p>Er bietet f\u00fcnf verschiedene Stoffoberfl\u00e4chen in nur einem kreisf\u00f6rmigen Reflektor:<\/p>\n<ul>\n<li>Gold\/Wei\u00df<\/li>\n<li>Sunfire\/Silber<\/li>\n<li>Transluzent<\/li>\n<\/ul>\n","protected":false},"excerpt":{"rendered":"<p>Lastolite 5-in-1 Bottletop Zusammenklappbarer Reflektor 100cm Der 5-in-1 Pop Out Reflektor ist umkehrbar und auf ein Drittel der urspr\u00fcnglichen Gr\u00f6\u00dfe zusammenklappbar. Er bietet f\u00fcnf verschiedene Stoffoberfl\u00e4chen in nur einem kreisf\u00f6rmigen Reflektor: Gold\/Wei\u00df Sunfire\/Silber Transluzent<\/p>\n","protected":false},"featured_media":6970,"template":"","meta":[],"product_cat":[869,871,725,164],"product_tag":[],"class_list":{"0":"post-6974","1":"product","2":"type-product","3":"status-publish","4":"has-post-thumbnail","6":"product_cat-lastolite-de","7":"product_cat-lastolite-v-de","8":"product_cat-reflektoren-de-2","9":"product_cat-reflektoren-de","11":"first","12":"instock","13":"shipping-taxable","14":"purchasable","15":"product-type-simple"},"_links":{"self":[{"href":"https:\/\/palmaequipmentrental.com\/de\/wp-json\/wp\/v2\/product\/6974","targetHints":{"allow":["GET"]}}],"collection":[{"href":"https:\/\/palmaequipmentrental.com\/de\/wp-json\/wp\/v2\/product"}],"about":[{"href":"https:\/\/palmaequipmentrental.com\/de\/wp-json\/wp\/v2\/types\/product"}],"wp:featuredmedia":[{"embeddable":true,"href":"https:\/\/palmaequipmentrental.com\/de\/wp-json\/wp\/v2\/media\/6970"}],"wp:attachment":[{"href":"https:\/\/palmaequipmentrental.com\/de\/wp-json\/wp\/v2\/media?parent=6974"}],"wp:term":[{"taxonomy":"product_cat","embeddable":true,"href":"https:\/\/palmaequipmentrental.com\/de\/wp-json\/wp\/v2\/product_cat?post=6974"},{"taxonomy":"product_tag","embeddable":true,"href":"https:\/\/palmaequipmentrental.com\/de\/wp-json\/wp\/v2\/product_tag?post=6974"}],"curies":[{"name":"wp","href":"https:\/\/api.w.org\/{rel}","templated":true}]}}