{"id":6982,"date":"2022-03-23T09:00:30","date_gmt":"2022-03-23T09:00:30","guid":{"rendered":"https:\/\/www.palmaequipmentrental.com\/?post_type=product&#038;p=6982"},"modified":"2022-08-05T11:37:14","modified_gmt":"2022-08-05T11:37:14","slug":"nikon-d850","status":"publish","type":"product","link":"https:\/\/palmaequipmentrental.com\/de\/photo-video-equipment-mallorca\/nikon-d850\/","title":{"rendered":"Nikon D850 Kamera"},"content":{"rendered":"<p>Unser Nikon D850 Kamera-Kitbeinhaltet:<\/p>\n<p>&lt;1x Nikon D850 Geh\u00e4use,<br \/>\n&lt;1x Nikon Batteriegriff MB-D18,<br \/>\n&lt;2x EN-EL15 Akkus,<br \/>\n&lt;1x MH-25 Akkuladeger\u00e4t,<br \/>\n&lt;2x 64GB XQD-Speicherkarten Sony 440MBS<br \/>\n&lt;1x XQD-Kartenleser,<br \/>\n&lt;1x Lock Block Port Protector<\/p>\n<p>Erfassen Sie mit dieser einzigartigen Kombination aus Leistung und Ausdauer entscheidende Sekunden. Die D850 nimmt bis zu 7\u00a0Bilder\/s auf. Mit dem optionalen Multifunktionshandgriff MB-D18 und eingesetztem Akku der EN-EL18 Serie\u00a0(wie in\u00a0D4, D4s,\u00a0D5) sind sogar 9\u00a0Bilder\/s m\u00f6glich. Dies gilt f\u00fcr Bilder in voller Aufl\u00f6sung, auch im RAW-Format (NEF). Mit dem\u00a0Standardakku EN-EL15a\u00a0sind bei einer Ladung 1840\u00a0Bilder m\u00f6glich (in der Aufnahmebetriebsart \u00bbEinzelbild\u00ab, nach CIPA-Standards). Ein spezieller AF-Prozessor sorgt f\u00fcr eine ph\u00e4nomenale Motiverkennung bei schnellen Aufnahmeserien: Auch bei schwierigen Lichtverh\u00e4ltnissen k\u00f6nnen Sie sogar sich schnell bewegende kleine Motive mit einer bemerkenswerten Pr\u00e4zision verfolgen. Das Autofokussystem mit 153 Messfeldern inkl. 99 Kreuzsensoren (wie in der D5) arbeitet mit einzigartiger Pr\u00e4zision und hoher Lichtempfindlichkeit bis -3 LW in allen Fokusmessfeldern. Das mittlere Messfeld bietet sogar eine Empfindlichkeit bis -4 LW (ISO 100, 20 \u00b0C).<\/p>\n<p>Bildsensor CMOS-Sensor, 35,9\u00a0mm x 23,9\u00a0mm (FX-Format)<\/p>\n<p>Effektive Aufl\u00f6sung 45,7 Millionen Pixel<\/p>\n<p>Datenspeicherung \u2013 Speichermedien XQD, SD, SDHC (UHS-II-kompatibel), SDXC (UHS-II-kompatibel)<\/p>\n<p>ISO-Empfindlichkeit\u00a0ISO 64 bis 25.600, Schrittweite: 1\/3, 1\/2 oder 1 LW. Einstellung auf ca. 0,3, 0,5, 0,7 oder 1\u00a0LW (entspricht ISO\u00a032) unter ISO\u00a064 oder auf ca. 0,3, 0,5, 0,7, 1 oder 2\u00a0LW (entspricht ISO\u00a0102.400) \u00fcber ISO 25.600 m\u00f6glich; ISO-Automatik einstellbar<\/p>\n","protected":false},"excerpt":{"rendered":"<p>Unser Nikon D850 Kamera-Kitbeinhaltet: &lt;1x Nikon D850 Geh\u00e4use, &lt;1x Nikon Batteriegriff MB-D18, &lt;2x EN-EL15 Akkus, &lt;1x MH-25 Akkuladeger\u00e4t, &lt;2x 64GB XQD-Speicherkarten Sony 440MBS &lt;1x XQD-Kartenleser, &lt;1x Lock Block Port Protector Erfassen Sie mit dieser einzigartigen Kombination aus Leistung und Ausdauer entscheidende Sekunden. Die D850 nimmt bis zu 7\u00a0Bilder\/s auf. Mit dem optionalen Multifunktionshandgriff MB-D18 und eingesetztem Akku der EN-EL18 Serie\u00a0(wie [&hellip;]<\/p>\n","protected":false},"featured_media":6993,"template":"","meta":[],"product_cat":[142,169],"product_tag":[],"class_list":{"0":"post-6982","1":"product","2":"type-product","3":"status-publish","4":"has-post-thumbnail","6":"product_cat-kamera-body","7":"product_cat-kamera-body-de","9":"first","10":"instock","11":"shipping-taxable","12":"purchasable","13":"product-type-simple"},"_links":{"self":[{"href":"https:\/\/palmaequipmentrental.com\/de\/wp-json\/wp\/v2\/product\/6982","targetHints":{"allow":["GET"]}}],"collection":[{"href":"https:\/\/palmaequipmentrental.com\/de\/wp-json\/wp\/v2\/product"}],"about":[{"href":"https:\/\/palmaequipmentrental.com\/de\/wp-json\/wp\/v2\/types\/product"}],"wp:featuredmedia":[{"embeddable":true,"href":"https:\/\/palmaequipmentrental.com\/de\/wp-json\/wp\/v2\/media\/6993"}],"wp:attachment":[{"href":"https:\/\/palmaequipmentrental.com\/de\/wp-json\/wp\/v2\/media?parent=6982"}],"wp:term":[{"taxonomy":"product_cat","embeddable":true,"href":"https:\/\/palmaequipmentrental.com\/de\/wp-json\/wp\/v2\/product_cat?post=6982"},{"taxonomy":"product_tag","embeddable":true,"href":"https:\/\/palmaequipmentrental.com\/de\/wp-json\/wp\/v2\/product_tag?post=6982"}],"curies":[{"name":"wp","href":"https:\/\/api.w.org\/{rel}","templated":true}]}}