{"id":7015,"date":"2022-03-23T11:00:53","date_gmt":"2022-03-23T11:00:53","guid":{"rendered":"https:\/\/www.palmaequipmentrental.com\/product\/nikon-d850-battery-grip-mb-d18\/"},"modified":"2022-08-05T11:37:13","modified_gmt":"2022-08-05T11:37:13","slug":"nikon-d850-battery-grip-mb-d18","status":"publish","type":"product","link":"https:\/\/palmaequipmentrental.com\/de\/photo-video-equipment-mallorca\/nikon-d850-battery-grip-mb-d18\/","title":{"rendered":"Nikon D850 Akkugrif MB-D18"},"content":{"rendered":"<p>Der Nikon MB-D18 Multifunktionshandgriff kann entweder mit sechs AA-Batterien (Alkaline, Ni-MH oder Lithium), EN-EL15 oder EN-EL18 wiederaufladbaren Li-Ionen-Akkus betrieben werden.<\/p>\n<p>Wenn Sie die optionale Batteriefachabdeckung BL-5 verwenden, die an die EN-EL18\/EN-EL18 angeschlossen und in ein MB-D18 Multi Battery Power Pack eingesetzt ist, k\u00f6nnen Sie mit der D850 Serienaufnahmen mit bis zu 9 Bildern pro Sekunde machen.<\/p>\n<p>Der MB-D18 ist mit einem Ausl\u00f6ser, einer AE\/AF-Sperrtaste, einem Multifunktionsw\u00e4hler sowie einem Haupt- und einem Nebensteuerrad ausgestattet, um die Bedienung beim Fotografieren im Hochformat zu verbessern.<br \/>\nMit einer einzigen Ladung des Akkus k\u00f6nnen bis zu 5140 Bilder und bis zu 210 Minuten Video aufgezeichnet werden.<\/p>\n<p>Der MB-D18 erm\u00f6glicht au\u00dferdem eine stabilere Handhabung der Kamera bei Aufnahmen im Hochformat. Ein alternativer Ausl\u00f6ser und Tasten f\u00fcr Multifunktionsw\u00e4hler und AF-Start erleichtern Hochformataufnahmen. Der Funktionshandgriff verf\u00fcgt au\u00dferdem \u00fcber sekund\u00e4re vordere und hintere Einstellr\u00e4der.<\/p>\n","protected":false},"excerpt":{"rendered":"<p>Der Nikon MB-D18 Multifunktionshandgriff kann entweder mit sechs AA-Batterien (Alkaline, Ni-MH oder Lithium), EN-EL15 oder EN-EL18 wiederaufladbaren Li-Ionen-Akkus betrieben werden. Wenn Sie die optionale Batteriefachabdeckung BL-5 verwenden, die an die EN-EL18\/EN-EL18 angeschlossen und in ein MB-D18 Multi Battery Power Pack eingesetzt ist, k\u00f6nnen Sie mit der D850 Serienaufnahmen mit bis zu 9 Bildern pro Sekunde machen. Der MB-D18 ist mit [&hellip;]<\/p>\n","protected":false},"featured_media":9492,"template":"","meta":[],"product_cat":[441,391],"product_tag":[],"class_list":{"0":"post-7015","1":"product","2":"type-product","3":"status-publish","4":"has-post-thumbnail","6":"product_cat-batterien-ladegeraet","7":"product_cat-batteries-ladegeraete","9":"first","10":"instock","11":"shipping-taxable","12":"purchasable","13":"product-type-simple"},"_links":{"self":[{"href":"https:\/\/palmaequipmentrental.com\/de\/wp-json\/wp\/v2\/product\/7015","targetHints":{"allow":["GET"]}}],"collection":[{"href":"https:\/\/palmaequipmentrental.com\/de\/wp-json\/wp\/v2\/product"}],"about":[{"href":"https:\/\/palmaequipmentrental.com\/de\/wp-json\/wp\/v2\/types\/product"}],"wp:featuredmedia":[{"embeddable":true,"href":"https:\/\/palmaequipmentrental.com\/de\/wp-json\/wp\/v2\/media\/9492"}],"wp:attachment":[{"href":"https:\/\/palmaequipmentrental.com\/de\/wp-json\/wp\/v2\/media?parent=7015"}],"wp:term":[{"taxonomy":"product_cat","embeddable":true,"href":"https:\/\/palmaequipmentrental.com\/de\/wp-json\/wp\/v2\/product_cat?post=7015"},{"taxonomy":"product_tag","embeddable":true,"href":"https:\/\/palmaequipmentrental.com\/de\/wp-json\/wp\/v2\/product_tag?post=7015"}],"curies":[{"name":"wp","href":"https:\/\/api.w.org\/{rel}","templated":true}]}}