{"id":7022,"date":"2022-03-23T11:16:42","date_gmt":"2022-03-23T11:16:42","guid":{"rendered":"https:\/\/www.palmaequipmentrental.com\/product\/nikon-battery-en-el15\/"},"modified":"2022-08-05T11:37:13","modified_gmt":"2022-08-05T11:37:13","slug":"nikon-battery-en-el15","status":"publish","type":"product","link":"https:\/\/palmaequipmentrental.com\/de\/photo-video-equipment-mallorca\/nikon-battery-en-el15\/","title":{"rendered":"Nikon EN-EL15 Akku"},"content":{"rendered":"<p><strong>Der Nikon EN-EL15 Lithium-Ionen-Akku<\/strong><\/p>\n<p>Kompakter Lithium-Ionen-Akku mit hoher Kapazit\u00e4t f\u00fcr lange Betriebszeit. Der Akku eignet sich f\u00fcr Nikon-Kameras. Er kann in der Kamera geladen werden, wenn er mit einer Nikon-Kamera verwendet wird, die Laden in der Kamera unterst\u00fctzt.<\/p>\n<p>Diese Akku verwendet das Ladeger\u00e4t MH-25.<\/p>\n","protected":false},"excerpt":{"rendered":"<p>Der Nikon EN-EL15 Lithium-Ionen-Akku Kompakter Lithium-Ionen-Akku mit hoher Kapazit\u00e4t f\u00fcr lange Betriebszeit. Der Akku eignet sich f\u00fcr Nikon-Kameras. Er kann in der Kamera geladen werden, wenn er mit einer Nikon-Kamera verwendet wird, die Laden in der Kamera unterst\u00fctzt. Diese Akku verwendet das Ladeger\u00e4t MH-25.<\/p>\n","protected":false},"featured_media":7027,"template":"","meta":[],"product_cat":[441,391],"product_tag":[],"class_list":{"0":"post-7022","1":"product","2":"type-product","3":"status-publish","4":"has-post-thumbnail","6":"product_cat-batterien-ladegeraet","7":"product_cat-batteries-ladegeraete","9":"first","10":"instock","11":"shipping-taxable","12":"purchasable","13":"product-type-simple"},"_links":{"self":[{"href":"https:\/\/palmaequipmentrental.com\/de\/wp-json\/wp\/v2\/product\/7022","targetHints":{"allow":["GET"]}}],"collection":[{"href":"https:\/\/palmaequipmentrental.com\/de\/wp-json\/wp\/v2\/product"}],"about":[{"href":"https:\/\/palmaequipmentrental.com\/de\/wp-json\/wp\/v2\/types\/product"}],"wp:featuredmedia":[{"embeddable":true,"href":"https:\/\/palmaequipmentrental.com\/de\/wp-json\/wp\/v2\/media\/7027"}],"wp:attachment":[{"href":"https:\/\/palmaequipmentrental.com\/de\/wp-json\/wp\/v2\/media?parent=7022"}],"wp:term":[{"taxonomy":"product_cat","embeddable":true,"href":"https:\/\/palmaequipmentrental.com\/de\/wp-json\/wp\/v2\/product_cat?post=7022"},{"taxonomy":"product_tag","embeddable":true,"href":"https:\/\/palmaequipmentrental.com\/de\/wp-json\/wp\/v2\/product_tag?post=7022"}],"curies":[{"name":"wp","href":"https:\/\/api.w.org\/{rel}","templated":true}]}}