{"id":7034,"date":"2022-03-23T11:33:13","date_gmt":"2022-03-23T11:33:13","guid":{"rendered":"https:\/\/www.palmaequipmentrental.com\/?post_type=product&#038;p=7034"},"modified":"2022-08-05T11:37:13","modified_gmt":"2022-08-05T11:37:13","slug":"nikon-battery-charger-mh-25","status":"publish","type":"product","link":"https:\/\/palmaequipmentrental.com\/de\/photo-video-equipment-mallorca\/nikon-battery-charger-mh-25\/","title":{"rendered":"Nikon MH-25 Ladeger\u00e4t"},"content":{"rendered":"<p>Nikon MH-25 Ladeger\u00e4t f\u00fcr den Lithium-Ionen-Akku EN-EL15 von Nikon.<\/p>\n","protected":false},"excerpt":{"rendered":"<p>Nikon MH-25 Ladeger\u00e4t f\u00fcr den Lithium-Ionen-Akku EN-EL15 von Nikon.<\/p>\n","protected":false},"featured_media":7032,"template":"","meta":[],"product_cat":[441,391],"product_tag":[],"class_list":{"0":"post-7034","1":"product","2":"type-product","3":"status-publish","4":"has-post-thumbnail","6":"product_cat-batterien-ladegeraet","7":"product_cat-batteries-ladegeraete","9":"first","10":"instock","11":"shipping-taxable","12":"purchasable","13":"product-type-simple"},"_links":{"self":[{"href":"https:\/\/palmaequipmentrental.com\/de\/wp-json\/wp\/v2\/product\/7034","targetHints":{"allow":["GET"]}}],"collection":[{"href":"https:\/\/palmaequipmentrental.com\/de\/wp-json\/wp\/v2\/product"}],"about":[{"href":"https:\/\/palmaequipmentrental.com\/de\/wp-json\/wp\/v2\/types\/product"}],"wp:featuredmedia":[{"embeddable":true,"href":"https:\/\/palmaequipmentrental.com\/de\/wp-json\/wp\/v2\/media\/7032"}],"wp:attachment":[{"href":"https:\/\/palmaequipmentrental.com\/de\/wp-json\/wp\/v2\/media?parent=7034"}],"wp:term":[{"taxonomy":"product_cat","embeddable":true,"href":"https:\/\/palmaequipmentrental.com\/de\/wp-json\/wp\/v2\/product_cat?post=7034"},{"taxonomy":"product_tag","embeddable":true,"href":"https:\/\/palmaequipmentrental.com\/de\/wp-json\/wp\/v2\/product_tag?post=7034"}],"curies":[{"name":"wp","href":"https:\/\/api.w.org\/{rel}","templated":true}]}}