{"id":7040,"date":"2022-03-23T11:55:41","date_gmt":"2022-03-23T11:55:41","guid":{"rendered":"https:\/\/www.palmaequipmentrental.com\/?post_type=product&#038;p=7040"},"modified":"2024-01-09T11:21:20","modified_gmt":"2024-01-09T11:21:20","slug":"nikon-af-s-nikkor-50mm-f-1-4g","status":"publish","type":"product","link":"https:\/\/palmaequipmentrental.com\/de\/photo-video-equipment-mallorca\/nikon-af-s-nikkor-50mm-f-1-4g\/","title":{"rendered":"Nikon AF-S 50mm f\/1.4G"},"content":{"rendered":"<p><strong>Nikon AF-S FX NIKKOR 50mm f\/1.4G Objektiv<\/strong> mit Autofokus f\u00fcr Nikon DSLR-Kameras<\/p>\n<p>50-mm-Standardobjektiv mit gro\u00dfer Blenden\u00f6ffnung, hochwertiger Optik und Nikons exklusivem Silent-Wave-Motor (SWM) f\u00fcr fl\u00fcsterleisen Betrieb. Die gro\u00dfe maximale Blenden\u00f6ffnung von f\/1,4 sorgt f\u00fcr ein helles Sucherbild und ist ideal f\u00fcr Aufnahmen bei wenig Licht oder wenn eine geringe Sch\u00e4rfentiefe gew\u00fcnscht ist.<\/p>\n<p><strong>Merkmale<\/strong><\/p>\n<ul>\n<li>Maximale Blenden\u00f6ffnung F1,4; Mindestblende F16<\/li>\n<li>Ultraschall-AF-Motor mit manueller Vollzeitfokussierung, 58-mm-Filter<\/li>\n<li>Minimale Fokusentfernung: 0,45m\/17,72 Zoll. Gegenlichtblende: HB-47<\/li>\n<li>Nikon F-Anschluss f\u00fcr FX- und DX-DSLRs. Un\u00fcbertroffene Autofokus-Leistung.Anschlussart: Nikon F-Bajonett<\/li>\n<\/ul>\n","protected":false},"excerpt":{"rendered":"<p>Nikon AF-S FX NIKKOR 50mm f\/1.4G Objektiv mit Autofokus f\u00fcr Nikon DSLR-Kameras 50-mm-Standardobjektiv mit gro\u00dfer Blenden\u00f6ffnung, hochwertiger Optik und Nikons exklusivem Silent-Wave-Motor (SWM) f\u00fcr fl\u00fcsterleisen Betrieb. Die gro\u00dfe maximale Blenden\u00f6ffnung von f\/1,4 sorgt f\u00fcr ein helles Sucherbild und ist ideal f\u00fcr Aufnahmen bei wenig Licht oder wenn eine geringe Sch\u00e4rfentiefe gew\u00fcnscht ist. Merkmale Maximale Blenden\u00f6ffnung F1,4; Mindestblende F16 Ultraschall-AF-Motor mit [&hellip;]<\/p>\n","protected":false},"featured_media":9703,"template":"","meta":[],"product_cat":[401,447],"product_tag":[],"class_list":{"0":"post-7040","1":"product","2":"type-product","3":"status-publish","4":"has-post-thumbnail","6":"product_cat-objektive-nikon","7":"product_cat-objektive-nikon-de","9":"first","10":"instock","11":"shipping-taxable","12":"purchasable","13":"product-type-simple"},"_links":{"self":[{"href":"https:\/\/palmaequipmentrental.com\/de\/wp-json\/wp\/v2\/product\/7040","targetHints":{"allow":["GET"]}}],"collection":[{"href":"https:\/\/palmaequipmentrental.com\/de\/wp-json\/wp\/v2\/product"}],"about":[{"href":"https:\/\/palmaequipmentrental.com\/de\/wp-json\/wp\/v2\/types\/product"}],"wp:featuredmedia":[{"embeddable":true,"href":"https:\/\/palmaequipmentrental.com\/de\/wp-json\/wp\/v2\/media\/9703"}],"wp:attachment":[{"href":"https:\/\/palmaequipmentrental.com\/de\/wp-json\/wp\/v2\/media?parent=7040"}],"wp:term":[{"taxonomy":"product_cat","embeddable":true,"href":"https:\/\/palmaequipmentrental.com\/de\/wp-json\/wp\/v2\/product_cat?post=7040"},{"taxonomy":"product_tag","embeddable":true,"href":"https:\/\/palmaequipmentrental.com\/de\/wp-json\/wp\/v2\/product_tag?post=7040"}],"curies":[{"name":"wp","href":"https:\/\/api.w.org\/{rel}","templated":true}]}}