{"id":7053,"date":"2022-03-23T12:18:07","date_gmt":"2022-03-23T12:18:07","guid":{"rendered":"https:\/\/www.palmaequipmentrental.com\/product\/nikon-nikkor-70-200mm-f-2-8e-fl-ed-vr\/"},"modified":"2024-01-09T11:19:33","modified_gmt":"2024-01-09T11:19:33","slug":"nikon-nikkor-70-200mm-f-2-8e-fl-ed-vr","status":"publish","type":"product","link":"https:\/\/palmaequipmentrental.com\/de\/photo-video-equipment-mallorca\/nikon-nikkor-70-200mm-f-2-8e-fl-ed-vr\/","title":{"rendered":"Nikon AF-S 70-200mm f\/2.8E"},"content":{"rendered":"<p><strong>Nikon AF-S Nikkor 70-200mm f\/2.8E FL ED VR Objektiv<\/strong> mit Autofokus f\u00fcr Nikon DSLR-Kameras<\/p>\n<p>Die Brennweite von 70 bis 200 mm deckt die meisten klassischen Telemotive ab. Die hohe Lichtst\u00e4rke von 1:2,8 bietet hervorragende Leistung bei schwachem Licht und eine gleichbleibende Belichtung \u00fcber den gesamten Zoombereich. Die Naheinstellgrenze liegt nun bei 1,1 m und der maximale Abbildungsma\u00dfstab wurde von 1:9,1 auf 1:4,8 gesteigert.<\/p>\n<p><strong>Merkmale<\/strong><\/p>\n<ul>\n<li>Anschlussart Nikon F-Bajonett<\/li>\n<li>Brennweitenbereich 70 &#8211; 200 mm<\/li>\n<li>Zoom-Verh\u00e4ltnis 2,9x<\/li>\n<li>Maximale Blende f\/ 2,8<\/li>\n<li>Minimale Blenden\u00f6ffnung f\/ 22<\/li>\n<li>Format FX\/35mm<\/li>\n<li>VR (Vibration Reduction) Bildstabilisierung<\/li>\n<li>Minimale Fokusentfernung 1,1 m (3,6 ft.)<\/li>\n<li>Filtergr\u00f6\u00dfe 77mm<\/li>\n<\/ul>\n","protected":false},"excerpt":{"rendered":"<p>Nikon AF-S Nikkor 70-200mm f\/2.8E FL ED VR Objektiv mit Autofokus f\u00fcr Nikon DSLR-Kameras Die Brennweite von 70 bis 200 mm deckt die meisten klassischen Telemotive ab. Die hohe Lichtst\u00e4rke von 1:2,8 bietet hervorragende Leistung bei schwachem Licht und eine gleichbleibende Belichtung \u00fcber den gesamten Zoombereich. Die Naheinstellgrenze liegt nun bei 1,1 m und der maximale Abbildungsma\u00dfstab wurde von 1:9,1 [&hellip;]<\/p>\n","protected":false},"featured_media":7051,"template":"","meta":[],"product_cat":[401,447],"product_tag":[],"class_list":{"0":"post-7053","1":"product","2":"type-product","3":"status-publish","4":"has-post-thumbnail","6":"product_cat-objektive-nikon","7":"product_cat-objektive-nikon-de","9":"first","10":"instock","11":"shipping-taxable","12":"purchasable","13":"product-type-simple"},"_links":{"self":[{"href":"https:\/\/palmaequipmentrental.com\/de\/wp-json\/wp\/v2\/product\/7053","targetHints":{"allow":["GET"]}}],"collection":[{"href":"https:\/\/palmaequipmentrental.com\/de\/wp-json\/wp\/v2\/product"}],"about":[{"href":"https:\/\/palmaequipmentrental.com\/de\/wp-json\/wp\/v2\/types\/product"}],"wp:featuredmedia":[{"embeddable":true,"href":"https:\/\/palmaequipmentrental.com\/de\/wp-json\/wp\/v2\/media\/7051"}],"wp:attachment":[{"href":"https:\/\/palmaequipmentrental.com\/de\/wp-json\/wp\/v2\/media?parent=7053"}],"wp:term":[{"taxonomy":"product_cat","embeddable":true,"href":"https:\/\/palmaequipmentrental.com\/de\/wp-json\/wp\/v2\/product_cat?post=7053"},{"taxonomy":"product_tag","embeddable":true,"href":"https:\/\/palmaequipmentrental.com\/de\/wp-json\/wp\/v2\/product_tag?post=7053"}],"curies":[{"name":"wp","href":"https:\/\/api.w.org\/{rel}","templated":true}]}}