{"id":7061,"date":"2022-03-23T13:15:43","date_gmt":"2022-03-23T13:15:43","guid":{"rendered":"https:\/\/www.palmaequipmentrental.com\/product\/canon-rf-24-70mm-28-l-is-usm\/"},"modified":"2022-10-17T14:34:58","modified_gmt":"2022-10-17T14:34:58","slug":"canon-rf-24-70mm-28-l-is-usm","status":"publish","type":"product","link":"https:\/\/palmaequipmentrental.com\/de\/photo-video-equipment-mallorca\/canon-rf-24-70mm-28-l-is-usm\/","title":{"rendered":"Canon RF 24-70mm\/2,8 L IS II USM"},"content":{"rendered":"<p><strong>Canon RF 24-70mm\/2,8 L IS USM Objektiv<\/strong><\/p>\n<p>Hervorragende optische Technik, eine lichtstarke Blende von 2,8 und eine Bildstabilisierung mit 5 Blendenstufen.<\/p>\n<p><strong>Wichtige Spezifikationen<\/strong><\/p>\n<ul>\n<li>F2,8 f\u00fcr niedrige Lichtst\u00e4rke und geringe Sch\u00e4rfentiefe<\/li>\n<li>Bildstabilisator. 5-stufige Stabilisierung f\u00fcr verwacklungsfreie Bilder<\/li>\n<li>Asph\u00e4rische und UD-Elemente. F\u00fcr au\u00dfergew\u00f6hnlich scharfe Bilder<\/li>\n<li>Nano USM-Motor. F\u00fcr einen reibungslosen, schnellen und leisen Betrieb<\/li>\n<li>ASC (Air Sphere-Beschichtung). Zur Vermeidung von Streulicht und Geisterbildern<\/li>\n<li>Objektiv-Steuerring. F\u00fcr zus\u00e4tzliche Kontrolle \u00fcber ISO, Blende und Verschlusszeit<\/li>\n<\/ul>\n","protected":false},"excerpt":{"rendered":"<p>Canon RF 24-70mm\/2,8 L IS USM Objektiv Hervorragende optische Technik, eine lichtstarke Blende von 2,8 und eine Bildstabilisierung mit 5 Blendenstufen. Wichtige Spezifikationen F2,8 f\u00fcr niedrige Lichtst\u00e4rke und geringe Sch\u00e4rfentiefe Bildstabilisator. 5-stufige Stabilisierung f\u00fcr verwacklungsfreie Bilder Asph\u00e4rische und UD-Elemente. F\u00fcr au\u00dfergew\u00f6hnlich scharfe Bilder Nano USM-Motor. F\u00fcr einen reibungslosen, schnellen und leisen Betrieb ASC (Air Sphere-Beschichtung). Zur Vermeidung von Streulicht und [&hellip;]<\/p>\n","protected":false},"featured_media":7059,"template":"","meta":[],"product_cat":[792,798],"product_tag":[],"class_list":{"0":"post-7061","1":"product","2":"type-product","3":"status-publish","4":"has-post-thumbnail","6":"product_cat-rf-objektive","7":"product_cat-rf-objektive-v","9":"first","10":"instock","11":"shipping-taxable","12":"purchasable","13":"product-type-simple"},"_links":{"self":[{"href":"https:\/\/palmaequipmentrental.com\/de\/wp-json\/wp\/v2\/product\/7061","targetHints":{"allow":["GET"]}}],"collection":[{"href":"https:\/\/palmaequipmentrental.com\/de\/wp-json\/wp\/v2\/product"}],"about":[{"href":"https:\/\/palmaequipmentrental.com\/de\/wp-json\/wp\/v2\/types\/product"}],"wp:featuredmedia":[{"embeddable":true,"href":"https:\/\/palmaequipmentrental.com\/de\/wp-json\/wp\/v2\/media\/7059"}],"wp:attachment":[{"href":"https:\/\/palmaequipmentrental.com\/de\/wp-json\/wp\/v2\/media?parent=7061"}],"wp:term":[{"taxonomy":"product_cat","embeddable":true,"href":"https:\/\/palmaequipmentrental.com\/de\/wp-json\/wp\/v2\/product_cat?post=7061"},{"taxonomy":"product_tag","embeddable":true,"href":"https:\/\/palmaequipmentrental.com\/de\/wp-json\/wp\/v2\/product_tag?post=7061"}],"curies":[{"name":"wp","href":"https:\/\/api.w.org\/{rel}","templated":true}]}}