{"id":7135,"date":"2022-03-24T11:25:54","date_gmt":"2022-03-24T11:25:54","guid":{"rendered":"https:\/\/www.palmaequipmentrental.com\/?post_type=product&#038;p=7135"},"modified":"2022-10-17T13:36:10","modified_gmt":"2022-10-17T13:36:10","slug":"xqd-card-reader","status":"publish","type":"product","link":"https:\/\/palmaequipmentrental.com\/de\/photo-video-equipment-mallorca\/xqd-card-reader\/","title":{"rendered":"XQD Kartenleseger\u00e4t"},"content":{"rendered":"<p>Mit dem <strong>XQD \/ SD USB 3.0-Kartenleser<\/strong> k\u00f6nnen Sie m\u00fchelos gro\u00dfe Mengen von 4K-Videos und RAW-Bildern von XQD-Kartenleser auf Ihre Laptops und Computer \u00fcber die USB 3.0-Schnittstelle \u00fcbertragen.<br \/>\nUnterst\u00fctzt XQD-Karte und SD-Karte gleichzeitig<\/p>\n","protected":false},"excerpt":{"rendered":"<p>Mit dem XQD \/ SD USB 3.0-Kartenleser k\u00f6nnen Sie m\u00fchelos gro\u00dfe Mengen von 4K-Videos und RAW-Bildern von XQD-Kartenleser auf Ihre Laptops und Computer \u00fcber die USB 3.0-Schnittstelle \u00fcbertragen. Unterst\u00fctzt XQD-Karte und SD-Karte gleichzeitig<\/p>\n","protected":false},"featured_media":7133,"template":"","meta":[],"product_cat":[410,443],"product_tag":[],"class_list":{"0":"post-7135","1":"product","2":"type-product","3":"status-publish","4":"has-post-thumbnail","6":"product_cat-speicherkarten","7":"product_cat-speicherkarten-lesegeraete","9":"first","10":"instock","11":"shipping-taxable","12":"purchasable","13":"product-type-simple"},"_links":{"self":[{"href":"https:\/\/palmaequipmentrental.com\/de\/wp-json\/wp\/v2\/product\/7135","targetHints":{"allow":["GET"]}}],"collection":[{"href":"https:\/\/palmaequipmentrental.com\/de\/wp-json\/wp\/v2\/product"}],"about":[{"href":"https:\/\/palmaequipmentrental.com\/de\/wp-json\/wp\/v2\/types\/product"}],"wp:featuredmedia":[{"embeddable":true,"href":"https:\/\/palmaequipmentrental.com\/de\/wp-json\/wp\/v2\/media\/7133"}],"wp:attachment":[{"href":"https:\/\/palmaequipmentrental.com\/de\/wp-json\/wp\/v2\/media?parent=7135"}],"wp:term":[{"taxonomy":"product_cat","embeddable":true,"href":"https:\/\/palmaequipmentrental.com\/de\/wp-json\/wp\/v2\/product_cat?post=7135"},{"taxonomy":"product_tag","embeddable":true,"href":"https:\/\/palmaequipmentrental.com\/de\/wp-json\/wp\/v2\/product_tag?post=7135"}],"curies":[{"name":"wp","href":"https:\/\/api.w.org\/{rel}","templated":true}]}}