{"id":7145,"date":"2022-03-24T11:53:54","date_gmt":"2022-03-24T11:53:54","guid":{"rendered":"https:\/\/www.palmaequipmentrental.com\/product\/manfrotto-055cxpro4-carbon-fibre-tripod\/"},"modified":"2023-10-05T14:25:57","modified_gmt":"2023-10-05T14:25:57","slug":"manfrotto-055cxpro4-carbon-fibre-tripod","status":"publish","type":"product","link":"https:\/\/palmaequipmentrental.com\/de\/photo-video-equipment-mallorca\/manfrotto-055cxpro4-carbon-fibre-tripod\/","title":{"rendered":"Manfrotto 055CXPRO4 Carbon Stativ"},"content":{"rendered":"<p><strong>Manfrotto 055CXPRO4 Carbon Kamera Stativ<\/strong><\/p>\n<p>F\u00fcgen Sie einen Kopf Ihrer Wahl hinzu:<\/p>\n<ul>\n<li>Manfrotto 229 3-Wege Kopf.<\/li>\n<li>Manfrotto 808RC4 3-Wege Kopf.<\/li>\n<li>Manfrotto Kugelkopf.<\/li>\n<li>Manfrotto 405 Getriebeneiger.<\/li>\n<\/ul>\n<p>Ein Produkt mit \u00e4u\u00dferst geringem Gewicht, bei dem keine Kompromisse in Bezug auf die Stabilit\u00e4t eingegangen werden. Das 055XPRO4 Stativ verf\u00fcgt \u00fcber einen flexiblen 90\u00b0 Mittels\u00e4ulenmechanismus und wird von Manfrotto in Italien aus strapazierf\u00e4higem Carbon gefertigt.<\/p>\n<ul>\n<li>Gewicht\u00a02.1 kg<\/li>\n<li>Ausz\u00fcge\u00a04<\/li>\n<li>Maximalh\u00f6he\u00a0170 cm<\/li>\n<li>Min H\u00f6he\u00a09 cm<\/li>\n<li>Sicherheitszuladung\u00a09 kg<\/li>\n<\/ul>\n","protected":false},"excerpt":{"rendered":"<p>Manfrotto 055CXPRO4 Carbon Kamera Stativ F\u00fcgen Sie einen Kopf Ihrer Wahl hinzu: Manfrotto 229 3-Wege Kopf. Manfrotto 808RC4 3-Wege Kopf. Manfrotto Kugelkopf. Manfrotto 405 Getriebeneiger. Ein Produkt mit \u00e4u\u00dferst geringem Gewicht, bei dem keine Kompromisse in Bezug auf die Stabilit\u00e4t eingegangen werden. Das 055XPRO4 Stativ verf\u00fcgt \u00fcber einen flexiblen 90\u00b0 Mittels\u00e4ulenmechanismus und wird von Manfrotto in Italien aus strapazierf\u00e4higem Carbon [&hellip;]<\/p>\n","protected":false},"featured_media":7142,"template":"","meta":[],"product_cat":[754,144],"product_tag":[],"class_list":{"0":"post-7145","1":"product","2":"type-product","3":"status-publish","4":"has-post-thumbnail","6":"product_cat-digitaler-workstation","7":"product_cat-kamerastative","9":"first","10":"instock","11":"shipping-taxable","12":"purchasable","13":"product-type-simple"},"_links":{"self":[{"href":"https:\/\/palmaequipmentrental.com\/de\/wp-json\/wp\/v2\/product\/7145","targetHints":{"allow":["GET"]}}],"collection":[{"href":"https:\/\/palmaequipmentrental.com\/de\/wp-json\/wp\/v2\/product"}],"about":[{"href":"https:\/\/palmaequipmentrental.com\/de\/wp-json\/wp\/v2\/types\/product"}],"wp:featuredmedia":[{"embeddable":true,"href":"https:\/\/palmaequipmentrental.com\/de\/wp-json\/wp\/v2\/media\/7142"}],"wp:attachment":[{"href":"https:\/\/palmaequipmentrental.com\/de\/wp-json\/wp\/v2\/media?parent=7145"}],"wp:term":[{"taxonomy":"product_cat","embeddable":true,"href":"https:\/\/palmaequipmentrental.com\/de\/wp-json\/wp\/v2\/product_cat?post=7145"},{"taxonomy":"product_tag","embeddable":true,"href":"https:\/\/palmaequipmentrental.com\/de\/wp-json\/wp\/v2\/product_tag?post=7145"}],"curies":[{"name":"wp","href":"https:\/\/api.w.org\/{rel}","templated":true}]}}