{"id":7178,"date":"2022-03-25T08:45:40","date_gmt":"2022-03-25T08:45:40","guid":{"rendered":"https:\/\/www.palmaequipmentrental.com\/product\/canon-battery-lp-e6\/"},"modified":"2022-08-05T11:37:09","modified_gmt":"2022-08-05T11:37:09","slug":"canon-battery-lp-e6","status":"publish","type":"product","link":"https:\/\/palmaequipmentrental.com\/de\/photo-video-equipment-mallorca\/canon-battery-lp-e6\/","title":{"rendered":"Canon LP-E6 Akku"},"content":{"rendered":"<p>Ein original<strong> Canon\u00a0LP-E6<\/strong> Ersatzakku f\u00fcr deine kompatible Kamera<\/p>\n<ul>\n<li class=\"basic-list--item p-5\">Passend f\u00fcr das Akkuladeger\u00e4t LC-E6E<\/li>\n<li class=\"basic-list--item p-5\"><i class=\"icon-dot list-dot list-dot__style-2\"><\/i>Lithium-Ionen-Technologie<\/li>\n<\/ul>\n","protected":false},"excerpt":{"rendered":"<p>Ein original Canon\u00a0LP-E6 Ersatzakku f\u00fcr deine kompatible Kamera Passend f\u00fcr das Akkuladeger\u00e4t LC-E6E Lithium-Ionen-Technologie<\/p>\n","protected":false},"featured_media":7176,"template":"","meta":[],"product_cat":[441,391],"product_tag":[],"class_list":{"0":"post-7178","1":"product","2":"type-product","3":"status-publish","4":"has-post-thumbnail","6":"product_cat-batterien-ladegeraet","7":"product_cat-batteries-ladegeraete","9":"first","10":"instock","11":"shipping-taxable","12":"purchasable","13":"product-type-simple"},"_links":{"self":[{"href":"https:\/\/palmaequipmentrental.com\/de\/wp-json\/wp\/v2\/product\/7178","targetHints":{"allow":["GET"]}}],"collection":[{"href":"https:\/\/palmaequipmentrental.com\/de\/wp-json\/wp\/v2\/product"}],"about":[{"href":"https:\/\/palmaequipmentrental.com\/de\/wp-json\/wp\/v2\/types\/product"}],"wp:featuredmedia":[{"embeddable":true,"href":"https:\/\/palmaequipmentrental.com\/de\/wp-json\/wp\/v2\/media\/7176"}],"wp:attachment":[{"href":"https:\/\/palmaequipmentrental.com\/de\/wp-json\/wp\/v2\/media?parent=7178"}],"wp:term":[{"taxonomy":"product_cat","embeddable":true,"href":"https:\/\/palmaequipmentrental.com\/de\/wp-json\/wp\/v2\/product_cat?post=7178"},{"taxonomy":"product_tag","embeddable":true,"href":"https:\/\/palmaequipmentrental.com\/de\/wp-json\/wp\/v2\/product_tag?post=7178"}],"curies":[{"name":"wp","href":"https:\/\/api.w.org\/{rel}","templated":true}]}}