{"id":7216,"date":"2022-03-25T09:58:14","date_gmt":"2022-03-25T09:58:14","guid":{"rendered":"https:\/\/www.palmaequipmentrental.com\/?post_type=product&#038;p=7216"},"modified":"2022-08-05T11:37:08","modified_gmt":"2022-08-05T11:37:08","slug":"canon-ra-n3-remote-cable","status":"publish","type":"product","link":"https:\/\/palmaequipmentrental.com\/de\/photo-video-equipment-mallorca\/canon-ra-n3-remote-cable\/","title":{"rendered":"Canon RA-N3 Adapter f\u00fcr Fernausl\u00f6ser"},"content":{"rendered":"<p><strong>Canon RA-N3 Adapter f\u00fcr Fernausl\u00f6ser<\/strong><\/p>\n<p>Der praktische Adapter f\u00fcr Fernausl\u00f6ser, um an deine Kamera kompatibles Zubeh\u00f6r anzuschlie\u00dfen<\/p>\n<ul>\n<li>T3-Schnittstelle<\/li>\n<li>N3-Schnittstelle<\/li>\n<\/ul>\n","protected":false},"excerpt":{"rendered":"<p>Canon RA-N3 Adapter f\u00fcr Fernausl\u00f6ser Der praktische Adapter f\u00fcr Fernausl\u00f6ser, um an deine Kamera kompatibles Zubeh\u00f6r anzuschlie\u00dfen T3-Schnittstelle N3-Schnittstelle<\/p>\n","protected":false},"featured_media":7219,"template":"","meta":[],"product_cat":[121,172],"product_tag":[],"class_list":{"0":"post-7216","1":"product","2":"type-product","3":"status-publish","4":"has-post-thumbnail","6":"product_cat-kamera-zubehor","7":"product_cat-kamera-zubehor-de","9":"first","10":"instock","11":"shipping-taxable","12":"purchasable","13":"product-type-simple"},"_links":{"self":[{"href":"https:\/\/palmaequipmentrental.com\/de\/wp-json\/wp\/v2\/product\/7216","targetHints":{"allow":["GET"]}}],"collection":[{"href":"https:\/\/palmaequipmentrental.com\/de\/wp-json\/wp\/v2\/product"}],"about":[{"href":"https:\/\/palmaequipmentrental.com\/de\/wp-json\/wp\/v2\/types\/product"}],"wp:featuredmedia":[{"embeddable":true,"href":"https:\/\/palmaequipmentrental.com\/de\/wp-json\/wp\/v2\/media\/7219"}],"wp:attachment":[{"href":"https:\/\/palmaequipmentrental.com\/de\/wp-json\/wp\/v2\/media?parent=7216"}],"wp:term":[{"taxonomy":"product_cat","embeddable":true,"href":"https:\/\/palmaequipmentrental.com\/de\/wp-json\/wp\/v2\/product_cat?post=7216"},{"taxonomy":"product_tag","embeddable":true,"href":"https:\/\/palmaequipmentrental.com\/de\/wp-json\/wp\/v2\/product_tag?post=7216"}],"curies":[{"name":"wp","href":"https:\/\/api.w.org\/{rel}","templated":true}]}}