{"id":7229,"date":"2022-03-25T10:21:44","date_gmt":"2022-03-25T10:21:44","guid":{"rendered":"https:\/\/www.palmaequipmentrental.com\/?post_type=product&#038;p=7229"},"modified":"2022-08-05T11:37:08","modified_gmt":"2022-08-05T11:37:08","slug":"canon-remote-switch-rs-80n3","status":"publish","type":"product","link":"https:\/\/palmaequipmentrental.com\/de\/photo-video-equipment-mallorca\/canon-remote-switch-rs-80n3\/","title":{"rendered":"Canon RS-80N3 Fernausl\u00f6ser"},"content":{"rendered":"<p><strong>Canon RS-80N3 Fernausl\u00f6ser<\/strong><br \/>\nAusl\u00f6sen, ohne die Kamera dabei zu bedienen.<\/p>\n<ul>\n<li>N3-Schnittstelle<\/li>\n<li>Die Kabell\u00e4nge betr\u00e4gt 80 cm<\/li>\n<\/ul>\n<p><strong>Garantierte Kompatibilit\u00e4t mit:<\/strong><\/p>\n<ul>\n<li>EOS-1D X Mark II<\/li>\n<li>EOS 5DS<\/li>\n<li>EOS 5DS R<\/li>\n<li>EOS 5D Mark IV<\/li>\n<li>EOS 6D<\/li>\n<\/ul>\n","protected":false},"excerpt":{"rendered":"<p>Canon RS-80N3 Fernausl\u00f6ser Ausl\u00f6sen, ohne die Kamera dabei zu bedienen. N3-Schnittstelle Die Kabell\u00e4nge betr\u00e4gt 80 cm Garantierte Kompatibilit\u00e4t mit: EOS-1D X Mark II EOS 5DS EOS 5DS R EOS 5D Mark IV EOS 6D<\/p>\n","protected":false},"featured_media":7227,"template":"","meta":[],"product_cat":[121,172],"product_tag":[],"class_list":{"0":"post-7229","1":"product","2":"type-product","3":"status-publish","4":"has-post-thumbnail","6":"product_cat-kamera-zubehor","7":"product_cat-kamera-zubehor-de","9":"first","10":"instock","11":"shipping-taxable","12":"purchasable","13":"product-type-simple"},"_links":{"self":[{"href":"https:\/\/palmaequipmentrental.com\/de\/wp-json\/wp\/v2\/product\/7229","targetHints":{"allow":["GET"]}}],"collection":[{"href":"https:\/\/palmaequipmentrental.com\/de\/wp-json\/wp\/v2\/product"}],"about":[{"href":"https:\/\/palmaequipmentrental.com\/de\/wp-json\/wp\/v2\/types\/product"}],"wp:featuredmedia":[{"embeddable":true,"href":"https:\/\/palmaequipmentrental.com\/de\/wp-json\/wp\/v2\/media\/7227"}],"wp:attachment":[{"href":"https:\/\/palmaequipmentrental.com\/de\/wp-json\/wp\/v2\/media?parent=7229"}],"wp:term":[{"taxonomy":"product_cat","embeddable":true,"href":"https:\/\/palmaequipmentrental.com\/de\/wp-json\/wp\/v2\/product_cat?post=7229"},{"taxonomy":"product_tag","embeddable":true,"href":"https:\/\/palmaequipmentrental.com\/de\/wp-json\/wp\/v2\/product_tag?post=7229"}],"curies":[{"name":"wp","href":"https:\/\/api.w.org\/{rel}","templated":true}]}}