{"id":7246,"date":"2022-03-25T10:59:56","date_gmt":"2022-03-25T10:59:56","guid":{"rendered":"https:\/\/www.palmaequipmentrental.com\/?post_type=product&#038;p=7246"},"modified":"2025-06-18T15:51:10","modified_gmt":"2025-06-18T15:51:10","slug":"nikon-lock-block-beschutzen","status":"publish","type":"product","link":"https:\/\/palmaequipmentrental.com\/de\/photo-video-equipment-mallorca\/nikon-lock-block-beschutzen\/","title":{"rendered":"Nikon Lock Block Besch\u00fctzen"},"content":{"rendered":"<p><strong>Nikon Lock Block Besch\u00fctzen<\/strong><br \/>\nLockBlocks sch\u00fctzen Ihre Kamera vor USB-Verbindungsfehlern und physischen Sch\u00e4den, die durch Reibung zwischen dem Kabel und dem Stecker w\u00e4hrend des Anbindens verursacht werden.<\/p>\n","protected":false},"excerpt":{"rendered":"<p>Nikon Lock Block Besch\u00fctzen LockBlocks sch\u00fctzen Ihre Kamera vor USB-Verbindungsfehlern und physischen Sch\u00e4den, die durch Reibung zwischen dem Kabel und dem Stecker w\u00e4hrend des Anbindens verursacht werden.<\/p>\n","protected":false},"featured_media":7244,"template":"","meta":[],"product_cat":[407],"product_tag":[],"class_list":{"0":"post-7246","1":"product","2":"type-product","3":"status-publish","4":"has-post-thumbnail","6":"product_cat-tethering-kabel","8":"first","9":"instock","10":"shipping-taxable","11":"purchasable","12":"product-type-simple"},"_links":{"self":[{"href":"https:\/\/palmaequipmentrental.com\/de\/wp-json\/wp\/v2\/product\/7246","targetHints":{"allow":["GET"]}}],"collection":[{"href":"https:\/\/palmaequipmentrental.com\/de\/wp-json\/wp\/v2\/product"}],"about":[{"href":"https:\/\/palmaequipmentrental.com\/de\/wp-json\/wp\/v2\/types\/product"}],"wp:featuredmedia":[{"embeddable":true,"href":"https:\/\/palmaequipmentrental.com\/de\/wp-json\/wp\/v2\/media\/7244"}],"wp:attachment":[{"href":"https:\/\/palmaequipmentrental.com\/de\/wp-json\/wp\/v2\/media?parent=7246"}],"wp:term":[{"taxonomy":"product_cat","embeddable":true,"href":"https:\/\/palmaequipmentrental.com\/de\/wp-json\/wp\/v2\/product_cat?post=7246"},{"taxonomy":"product_tag","embeddable":true,"href":"https:\/\/palmaequipmentrental.com\/de\/wp-json\/wp\/v2\/product_tag?post=7246"}],"curies":[{"name":"wp","href":"https:\/\/api.w.org\/{rel}","templated":true}]}}