{"id":7296,"date":"2022-03-25T12:35:17","date_gmt":"2022-03-25T12:35:17","guid":{"rendered":"https:\/\/www.palmaequipmentrental.com\/?post_type=product&#038;p=7296"},"modified":"2022-09-05T10:50:05","modified_gmt":"2022-09-05T10:50:05","slug":"aputure-barn-doors-f10","status":"publish","type":"product","link":"https:\/\/palmaequipmentrental.com\/de\/photo-video-equipment-mallorca\/aputure-barn-doors-f10\/","title":{"rendered":"Aputure Fl\u00fcgeltor F10"},"content":{"rendered":"<p>Die <strong>F10 Barn Doors<\/strong> wurden f\u00fcr den <strong>F10 Fresnel<\/strong> entwickelt und lassen sich in den standardm\u00e4\u00dfigen 13,1-Zoll (333 mm) Drop-In Accessory Slot einschieben. Wie bei traditionellen Fresnel-Scheinwerfern sind die Fl\u00fcgel der F10 Barn Doors gro\u00df genug, um den Output eines standardm\u00e4\u00dfigen 10-Zoll-Fresnels richtig zu formen und zu steuern.<\/p>\n<ul>\n<li>Kompatibel mit Aputure <strong>F10 Fresnel<\/strong> oder Bowens Mount Scheinwerfern<\/li>\n<li>8 Barndoors individuell einstellbar<\/li>\n<\/ul>\n","protected":false},"excerpt":{"rendered":"<p>Die F10 Barn Doors wurden f\u00fcr den F10 Fresnel entwickelt und lassen sich in den standardm\u00e4\u00dfigen 13,1-Zoll (333 mm) Drop-In Accessory Slot einschieben. Wie bei traditionellen Fresnel-Scheinwerfern sind die Fl\u00fcgel der F10 Barn Doors gro\u00df genug, um den Output eines standardm\u00e4\u00dfigen 10-Zoll-Fresnels richtig zu formen und zu steuern. Kompatibel mit Aputure F10 Fresnel oder Bowens Mount Scheinwerfern 8 Barndoors individuell [&hellip;]<\/p>\n","protected":false},"featured_media":11095,"template":"","meta":[],"product_cat":[773,775],"product_tag":[],"class_list":{"0":"post-7296","1":"product","2":"type-product","3":"status-publish","4":"has-post-thumbnail","6":"product_cat-aputure-lichtformer-v","7":"product_cat-aputure-lichtformer","9":"first","10":"instock","11":"shipping-taxable","12":"purchasable","13":"product-type-simple"},"_links":{"self":[{"href":"https:\/\/palmaequipmentrental.com\/de\/wp-json\/wp\/v2\/product\/7296","targetHints":{"allow":["GET"]}}],"collection":[{"href":"https:\/\/palmaequipmentrental.com\/de\/wp-json\/wp\/v2\/product"}],"about":[{"href":"https:\/\/palmaequipmentrental.com\/de\/wp-json\/wp\/v2\/types\/product"}],"wp:featuredmedia":[{"embeddable":true,"href":"https:\/\/palmaequipmentrental.com\/de\/wp-json\/wp\/v2\/media\/11095"}],"wp:attachment":[{"href":"https:\/\/palmaequipmentrental.com\/de\/wp-json\/wp\/v2\/media?parent=7296"}],"wp:term":[{"taxonomy":"product_cat","embeddable":true,"href":"https:\/\/palmaequipmentrental.com\/de\/wp-json\/wp\/v2\/product_cat?post=7296"},{"taxonomy":"product_tag","embeddable":true,"href":"https:\/\/palmaequipmentrental.com\/de\/wp-json\/wp\/v2\/product_tag?post=7296"}],"curies":[{"name":"wp","href":"https:\/\/api.w.org\/{rel}","templated":true}]}}