{"id":7305,"date":"2022-03-25T12:55:04","date_gmt":"2022-03-25T12:55:04","guid":{"rendered":"https:\/\/www.palmaequipmentrental.com\/?post_type=product&#038;p=7305"},"modified":"2022-09-12T12:09:41","modified_gmt":"2022-09-12T12:09:41","slug":"aputure-fresnel-f10","status":"publish","type":"product","link":"https:\/\/palmaequipmentrental.com\/de\/photo-video-equipment-mallorca\/aputure-fresnel-f10\/","title":{"rendered":"Aputure F10 Fresnel"},"content":{"rendered":"<p>Der Aputure F10 Fresnel-Aufsatz f\u00fcr die LS 600d LED-Leuchte von Aputure erm\u00f6glicht eine stufenlose Fokussierung des Lichtkegels von 15\u00b0 bis 45\u00b0 Medium Flood. Die Oberfl\u00e4che der vorderen Fresnel ist \u00e4hnlic hwie traditionelle gro\u00dfe Fresnellinsen wie Tungsten 5Ks.<\/p>\n<p><strong>Eigenschaften\u00a0<\/strong><\/p>\n<ul>\n<li>Kompatibel mit den F10-Toren<\/li>\n<li>Bowens-Montage<\/li>\n<li>Bis zu 200.000 Lux 3,28&#8242; mit der Aputure LS 600d<\/li>\n<li>15 bis 45\u00b0 variabler Abstrahlwinkel<\/li>\n<li>10&#8243; Glas-Fresnel-Linse<\/li>\n<li>Optisches Design mit zwei Linsen<\/li>\n<li>340% zus\u00e4tzliche Lichtleistung im Flood-Modus.<\/li>\n<\/ul>\n","protected":false},"excerpt":{"rendered":"<p>Der Aputure F10 Fresnel-Aufsatz f\u00fcr die LS 600d LED-Leuchte von Aputure erm\u00f6glicht eine stufenlose Fokussierung des Lichtkegels von 15\u00b0 bis 45\u00b0 Medium Flood. Die Oberfl\u00e4che der vorderen Fresnel ist \u00e4hnlic hwie traditionelle gro\u00dfe Fresnellinsen wie Tungsten 5Ks. Eigenschaften\u00a0 Kompatibel mit den F10-Toren Bowens-Montage Bis zu 200.000 Lux 3,28&#8242; mit der Aputure LS 600d 15 bis 45\u00b0 variabler Abstrahlwinkel 10&#8243; Glas-Fresnel-Linse [&hellip;]<\/p>\n","protected":false},"featured_media":11092,"template":"","meta":[],"product_cat":[773,775],"product_tag":[],"class_list":{"0":"post-7305","1":"product","2":"type-product","3":"status-publish","4":"has-post-thumbnail","6":"product_cat-aputure-lichtformer-v","7":"product_cat-aputure-lichtformer","9":"first","10":"instock","11":"shipping-taxable","12":"purchasable","13":"product-type-simple"},"_links":{"self":[{"href":"https:\/\/palmaequipmentrental.com\/de\/wp-json\/wp\/v2\/product\/7305","targetHints":{"allow":["GET"]}}],"collection":[{"href":"https:\/\/palmaequipmentrental.com\/de\/wp-json\/wp\/v2\/product"}],"about":[{"href":"https:\/\/palmaequipmentrental.com\/de\/wp-json\/wp\/v2\/types\/product"}],"wp:featuredmedia":[{"embeddable":true,"href":"https:\/\/palmaequipmentrental.com\/de\/wp-json\/wp\/v2\/media\/11092"}],"wp:attachment":[{"href":"https:\/\/palmaequipmentrental.com\/de\/wp-json\/wp\/v2\/media?parent=7305"}],"wp:term":[{"taxonomy":"product_cat","embeddable":true,"href":"https:\/\/palmaequipmentrental.com\/de\/wp-json\/wp\/v2\/product_cat?post=7305"},{"taxonomy":"product_tag","embeddable":true,"href":"https:\/\/palmaequipmentrental.com\/de\/wp-json\/wp\/v2\/product_tag?post=7305"}],"curies":[{"name":"wp","href":"https:\/\/api.w.org\/{rel}","templated":true}]}}