{"id":7314,"date":"2022-03-25T13:20:01","date_gmt":"2022-03-25T13:20:01","guid":{"rendered":"https:\/\/www.palmaequipmentrental.com\/?post_type=product&#038;p=7314"},"modified":"2022-11-25T09:43:33","modified_gmt":"2022-11-25T09:43:33","slug":"skypanel-center-mount-yoke","status":"publish","type":"product","link":"https:\/\/palmaequipmentrental.com\/de\/photo-video-equipment-mallorca\/skypanel-center-mount-yoke\/","title":{"rendered":"Skypanel Center Mount Joch"},"content":{"rendered":"<p><strong>SkyPanel Center Mount Handling Kit<\/strong><\/p>\n<ul>\n<li>Beinhaltet mittig montiertes Joch und seitliche SkyPanel-Griffe Gro\u00dfartig, um die.<\/li>\n<li>Handhabungsm\u00f6glichkeiten zu erweitern.<\/li>\n<li>F\u00fcr SkyPanel S30, S60 und S120.<\/li>\n<\/ul>\n","protected":false},"excerpt":{"rendered":"<p>SkyPanel Center Mount Handling Kit Beinhaltet mittig montiertes Joch und seitliche SkyPanel-Griffe Gro\u00dfartig, um die. Handhabungsm\u00f6glichkeiten zu erweitern. F\u00fcr SkyPanel S30, S60 und S120.<\/p>\n","protected":false},"featured_media":7312,"template":"","meta":[],"product_cat":[763,766],"product_tag":[],"class_list":{"0":"post-7314","1":"product","2":"type-product","3":"status-publish","4":"has-post-thumbnail","6":"product_cat-skypanel-de","7":"product_cat-skypanel-v-de","9":"first","10":"instock","11":"shipping-taxable","12":"purchasable","13":"product-type-simple"},"_links":{"self":[{"href":"https:\/\/palmaequipmentrental.com\/de\/wp-json\/wp\/v2\/product\/7314","targetHints":{"allow":["GET"]}}],"collection":[{"href":"https:\/\/palmaequipmentrental.com\/de\/wp-json\/wp\/v2\/product"}],"about":[{"href":"https:\/\/palmaequipmentrental.com\/de\/wp-json\/wp\/v2\/types\/product"}],"wp:featuredmedia":[{"embeddable":true,"href":"https:\/\/palmaequipmentrental.com\/de\/wp-json\/wp\/v2\/media\/7312"}],"wp:attachment":[{"href":"https:\/\/palmaequipmentrental.com\/de\/wp-json\/wp\/v2\/media?parent=7314"}],"wp:term":[{"taxonomy":"product_cat","embeddable":true,"href":"https:\/\/palmaequipmentrental.com\/de\/wp-json\/wp\/v2\/product_cat?post=7314"},{"taxonomy":"product_tag","embeddable":true,"href":"https:\/\/palmaequipmentrental.com\/de\/wp-json\/wp\/v2\/product_tag?post=7314"}],"curies":[{"name":"wp","href":"https:\/\/api.w.org\/{rel}","templated":true}]}}