{"id":7347,"date":"2022-03-28T07:03:17","date_gmt":"2022-03-28T07:03:17","guid":{"rendered":"https:\/\/www.palmaequipmentrental.com\/?post_type=product&#038;p=7347"},"modified":"2022-08-05T11:37:05","modified_gmt":"2022-08-05T11:37:05","slug":"vari-nd-82mm","status":"publish","type":"product","link":"https:\/\/palmaequipmentrental.com\/de\/photo-video-equipment-mallorca\/vari-nd-82mm\/","title":{"rendered":"VARIOGRAUFILTER vari ND 82mm"},"content":{"rendered":"<p>Der <strong>Heliopan 82mm Variable Gray ND Filter<\/strong> ist ein solider, variabler Neutraldichtefilter, der eine Reduktion von etwa 1 bis 6 Blendenstufen bietet. Die Dichte von 0,3 bis 1,8 bewirkt eine Abdunkelung des gesamten Bildes, so dass Sie mit einer gr\u00f6\u00dferen Blende oder einer l\u00e4ngeren Verschlusszeit als normalerweise erforderlich fotografieren k\u00f6nnen. Der Grad der Dichte l\u00e4sst sich durch Drehen des vorderen Filters leicht einstellen.<\/p>\n<p><strong>Merkmale<\/strong><\/p>\n<ul>\n<li>Variabler Neutraldichtefilter 0,3-1,8<\/li>\n<li>Erh\u00f6ht die Belichtung um 1 bis 6 Blendenstufen<\/li>\n<li>Messingring-Konstruktion<\/li>\n<li>Hochwertiges Schott-Glas<\/li>\n<\/ul>\n","protected":false},"excerpt":{"rendered":"<p>Der Heliopan 82mm Variable Gray ND Filter ist ein solider, variabler Neutraldichtefilter, der eine Reduktion von etwa 1 bis 6 Blendenstufen bietet. Die Dichte von 0,3 bis 1,8 bewirkt eine Abdunkelung des gesamten Bildes, so dass Sie mit einer gr\u00f6\u00dferen Blende oder einer l\u00e4ngeren Verschlusszeit als normalerweise erforderlich fotografieren k\u00f6nnen. Der Grad der Dichte l\u00e4sst sich durch Drehen des vorderen [&hellip;]<\/p>\n","protected":false},"featured_media":9705,"template":"","meta":[],"product_cat":[445,404],"product_tag":[],"class_list":{"0":"post-7347","1":"product","2":"type-product","3":"status-publish","4":"has-post-thumbnail","6":"product_cat-filter-adapter-ringe","7":"product_cat-filter","9":"first","10":"instock","11":"shipping-taxable","12":"purchasable","13":"product-type-simple"},"_links":{"self":[{"href":"https:\/\/palmaequipmentrental.com\/de\/wp-json\/wp\/v2\/product\/7347","targetHints":{"allow":["GET"]}}],"collection":[{"href":"https:\/\/palmaequipmentrental.com\/de\/wp-json\/wp\/v2\/product"}],"about":[{"href":"https:\/\/palmaequipmentrental.com\/de\/wp-json\/wp\/v2\/types\/product"}],"wp:featuredmedia":[{"embeddable":true,"href":"https:\/\/palmaequipmentrental.com\/de\/wp-json\/wp\/v2\/media\/9705"}],"wp:attachment":[{"href":"https:\/\/palmaequipmentrental.com\/de\/wp-json\/wp\/v2\/media?parent=7347"}],"wp:term":[{"taxonomy":"product_cat","embeddable":true,"href":"https:\/\/palmaequipmentrental.com\/de\/wp-json\/wp\/v2\/product_cat?post=7347"},{"taxonomy":"product_tag","embeddable":true,"href":"https:\/\/palmaequipmentrental.com\/de\/wp-json\/wp\/v2\/product_tag?post=7347"}],"curies":[{"name":"wp","href":"https:\/\/api.w.org\/{rel}","templated":true}]}}