{"id":7407,"date":"2022-03-28T11:18:32","date_gmt":"2022-03-28T11:18:32","guid":{"rendered":"https:\/\/www.palmaequipmentrental.com\/?post_type=product&#038;p=7407"},"modified":"2023-01-24T13:46:25","modified_gmt":"2023-01-24T13:46:25","slug":"netgear-nighthawk-5g-portable-hotspot","status":"publish","type":"product","link":"https:\/\/palmaequipmentrental.com\/de\/photo-video-equipment-mallorca\/netgear-nighthawk-5g-portable-hotspot\/","title":{"rendered":"Netgear Nighthawk Mobiler 5G Hotspot"},"content":{"rendered":"<p><strong>Nighthawk M5 Mobile Router Tragbarer Hotspot.<\/strong><\/p>\n<p>Wenn Sie sich in einem abgelegenen Gebiet ohne verf\u00fcgbare WiFi-Verbindung oder in einem \u00fcberlasteten Gebiet mit vielen umliegenden WiFi-Netzwerken befinden, h\u00e4lt der M5 bis zu 32 Ger\u00e4te mit 5G oder 4G \u00fcber WiFi verbunden.<\/p>\n","protected":false},"excerpt":{"rendered":"<p>Nighthawk M5 Mobile Router Tragbarer Hotspot. Wenn Sie sich in einem abgelegenen Gebiet ohne verf\u00fcgbare WiFi-Verbindung oder in einem \u00fcberlasteten Gebiet mit vielen umliegenden WiFi-Netzwerken befinden, h\u00e4lt der M5 bis zu 32 Ger\u00e4te mit 5G oder 4G \u00fcber WiFi verbunden.<\/p>\n","protected":false},"featured_media":7405,"template":"","meta":[],"product_cat":[125],"product_tag":[],"class_list":{"0":"post-7407","1":"product","2":"type-product","3":"status-publish","4":"has-post-thumbnail","6":"product_cat-produktion-de","8":"first","9":"instock","10":"shipping-taxable","11":"purchasable","12":"product-type-simple"},"_links":{"self":[{"href":"https:\/\/palmaequipmentrental.com\/de\/wp-json\/wp\/v2\/product\/7407","targetHints":{"allow":["GET"]}}],"collection":[{"href":"https:\/\/palmaequipmentrental.com\/de\/wp-json\/wp\/v2\/product"}],"about":[{"href":"https:\/\/palmaequipmentrental.com\/de\/wp-json\/wp\/v2\/types\/product"}],"wp:featuredmedia":[{"embeddable":true,"href":"https:\/\/palmaequipmentrental.com\/de\/wp-json\/wp\/v2\/media\/7405"}],"wp:attachment":[{"href":"https:\/\/palmaequipmentrental.com\/de\/wp-json\/wp\/v2\/media?parent=7407"}],"wp:term":[{"taxonomy":"product_cat","embeddable":true,"href":"https:\/\/palmaequipmentrental.com\/de\/wp-json\/wp\/v2\/product_cat?post=7407"},{"taxonomy":"product_tag","embeddable":true,"href":"https:\/\/palmaequipmentrental.com\/de\/wp-json\/wp\/v2\/product_tag?post=7407"}],"curies":[{"name":"wp","href":"https:\/\/api.w.org\/{rel}","templated":true}]}}