{"id":7419,"date":"2022-03-28T11:45:43","date_gmt":"2022-03-28T11:45:43","guid":{"rendered":"https:\/\/www.palmaequipmentrental.com\/product\/g1s-rgb-video-light\/"},"modified":"2022-10-17T13:02:20","modified_gmt":"2022-10-17T13:02:20","slug":"g1s-rgb-video-light","status":"publish","type":"product","link":"https:\/\/palmaequipmentrental.com\/de\/photo-video-equipment-mallorca\/g1s-rgb-video-light\/","title":{"rendered":"G1s RGB Videolicht"},"content":{"rendered":"<p>Die kompakte zweifarbige<strong> RGB-Videoleuchte Pixel G1s<\/strong> mit internem Akku bietet einen weiten Farbtemperaturbereich von 2500 bis 8500 K und erm\u00f6glicht die Auswahl aus der gesamten RGB-Farbskala und 12 integrierten Szeneneffekten.<\/p>\n<p><strong>Spezifikationen:<\/strong><\/p>\n<ul>\n<li>Leistung: 12W<\/li>\n<li>Gr\u00f6\u00dfe: 133x83x16mm<\/li>\n<li>Farbtemperatur: 2500~8500K<\/li>\n<li>W\u00e4hlbarer RGB-Farbbereich: 0 ~ 360 \u00b0 voll Farbton Farbe<\/li>\n<li>Volle Leistung Nutzungszeit: 150min<\/li>\n<li>TLCI: &gt;96<\/li>\n<li>Batteriekapazit\u00e4t: 7.4V 3200mAh<\/li>\n<li>12 integrierte Szeneneffekte.<\/li>\n<li>1\/4&#8243;-20 Schuh-Montage-Adapter<\/li>\n<li>Inklusive Mini-Kugelkopf<\/li>\n<\/ul>\n","protected":false},"excerpt":{"rendered":"<p>Die kompakte zweifarbige RGB-Videoleuchte Pixel G1s mit internem Akku bietet einen weiten Farbtemperaturbereich von 2500 bis 8500 K und erm\u00f6glicht die Auswahl aus der gesamten RGB-Farbskala und 12 integrierten Szeneneffekten. Spezifikationen: Leistung: 12W Gr\u00f6\u00dfe: 133x83x16mm Farbtemperatur: 2500~8500K W\u00e4hlbarer RGB-Farbbereich: 0 ~ 360 \u00b0 voll Farbton Farbe Volle Leistung Nutzungszeit: 150min TLCI: &gt;96 Batteriekapazit\u00e4t: 7.4V 3200mAh 12 integrierte Szeneneffekte. 1\/4&#8243;-20 Schuh-Montage-Adapter [&hellip;]<\/p>\n","protected":false},"featured_media":9500,"template":"","meta":[],"product_cat":[237,121,160],"product_tag":[],"class_list":{"0":"post-7419","1":"product","2":"type-product","3":"status-publish","4":"has-post-thumbnail","6":"product_cat-led-de-2","7":"product_cat-kamera-zubehor","8":"product_cat-led-de","10":"first","11":"instock","12":"shipping-taxable","13":"purchasable","14":"product-type-simple"},"_links":{"self":[{"href":"https:\/\/palmaequipmentrental.com\/de\/wp-json\/wp\/v2\/product\/7419","targetHints":{"allow":["GET"]}}],"collection":[{"href":"https:\/\/palmaequipmentrental.com\/de\/wp-json\/wp\/v2\/product"}],"about":[{"href":"https:\/\/palmaequipmentrental.com\/de\/wp-json\/wp\/v2\/types\/product"}],"wp:featuredmedia":[{"embeddable":true,"href":"https:\/\/palmaequipmentrental.com\/de\/wp-json\/wp\/v2\/media\/9500"}],"wp:attachment":[{"href":"https:\/\/palmaequipmentrental.com\/de\/wp-json\/wp\/v2\/media?parent=7419"}],"wp:term":[{"taxonomy":"product_cat","embeddable":true,"href":"https:\/\/palmaequipmentrental.com\/de\/wp-json\/wp\/v2\/product_cat?post=7419"},{"taxonomy":"product_tag","embeddable":true,"href":"https:\/\/palmaequipmentrental.com\/de\/wp-json\/wp\/v2\/product_tag?post=7419"}],"curies":[{"name":"wp","href":"https:\/\/api.w.org\/{rel}","templated":true}]}}