{"id":7693,"date":"2021-08-18T09:51:40","date_gmt":"2021-08-18T09:51:40","guid":{"rendered":"https:\/\/www.palmaequipmentrental.com\/product\/eizo-cg279x-monitor\/"},"modified":"2022-08-05T11:37:52","modified_gmt":"2022-08-05T11:37:52","slug":"eizo-cg279x-monitor","status":"publish","type":"product","link":"https:\/\/palmaequipmentrental.com\/de\/photo-video-equipment-mallorca\/eizo-cg279x-monitor\/","title":{"rendered":"Eizo CG279X Monitor"},"content":{"rendered":"<p>Unser <strong>Eizo ColorEdge CG279X<\/strong> 27&#8243; Farbkalibrierter Monitor<br \/>\nEin professioneller Monitor mit 2560 x 1440 Pixeln, ausgestattet mit der neuesten Farbmanagement-Hardware und -Software, HLG und der PQ-Gammakurve f\u00fcr die Bearbeitung von HDR-Videoinhalten sowie einem gro\u00dfen Farbraum f\u00fcr die Darstellung lebendiger Bilder<\/p>\n<p>Mit unserem Monitoraufsatz kann er auch auf einem St\u00e4nder montiert werden.<\/p>\n<p><strong>Merkmale<\/strong><\/p>\n<ul>\n<li>Native Aufl\u00f6sung 2560 x 1440 (Seitenverh\u00e4ltnis 16:9)<\/li>\n<li>Gr\u00f6\u00dfe: 27&#8243; \/ 68,4 cm<\/li>\n<li>Sichtbare Bildgr\u00f6\u00dfe von 596,7 x 335,7 mm<\/li>\n<li>Abmessungen (Querformat, B x H x T) 638 x 415,9 &#8211; 570,9 x 265 mm<\/li>\n<li>Nettogewicht (ohne Standfu\u00df) 6,6 kg \/ 14,6 lbs<\/li>\n<\/ul>\n<p><strong>Eingangsanschl\u00fcsse<\/strong><\/p>\n<ul>\n<li>USB Typ-C (DisplayPort Alt Mode, HDCP 1.3),<\/li>\n<li>DisplayPort (HDCP 1.3),<\/li>\n<li>HDMI (Deep Color, HDCP 1.4),<\/li>\n<li>DVI-D (HDCP 1.4)<\/li>\n<\/ul>\n","protected":false},"excerpt":{"rendered":"<p>Unser Eizo ColorEdge CG279X 27&#8243; Farbkalibrierter Monitor Ein professioneller Monitor mit 2560 x 1440 Pixeln, ausgestattet mit der neuesten Farbmanagement-Hardware und -Software, HLG und der PQ-Gammakurve f\u00fcr die Bearbeitung von HDR-Videoinhalten sowie einem gro\u00dfen Farbraum f\u00fcr die Darstellung lebendiger Bilder Mit unserem Monitoraufsatz kann er auch auf einem St\u00e4nder montiert werden. Merkmale Native Aufl\u00f6sung 2560 x 1440 (Seitenverh\u00e4ltnis 16:9) Gr\u00f6\u00dfe: [&hellip;]<\/p>\n","protected":false},"featured_media":10060,"template":"","meta":[],"product_cat":[132],"product_tag":[],"class_list":{"0":"post-7693","1":"product","2":"type-product","3":"status-publish","4":"has-post-thumbnail","6":"product_cat-monitore","8":"first","9":"instock","10":"shipping-taxable","11":"purchasable","12":"product-type-simple"},"_links":{"self":[{"href":"https:\/\/palmaequipmentrental.com\/de\/wp-json\/wp\/v2\/product\/7693","targetHints":{"allow":["GET"]}}],"collection":[{"href":"https:\/\/palmaequipmentrental.com\/de\/wp-json\/wp\/v2\/product"}],"about":[{"href":"https:\/\/palmaequipmentrental.com\/de\/wp-json\/wp\/v2\/types\/product"}],"wp:featuredmedia":[{"embeddable":true,"href":"https:\/\/palmaequipmentrental.com\/de\/wp-json\/wp\/v2\/media\/10060"}],"wp:attachment":[{"href":"https:\/\/palmaequipmentrental.com\/de\/wp-json\/wp\/v2\/media?parent=7693"}],"wp:term":[{"taxonomy":"product_cat","embeddable":true,"href":"https:\/\/palmaequipmentrental.com\/de\/wp-json\/wp\/v2\/product_cat?post=7693"},{"taxonomy":"product_tag","embeddable":true,"href":"https:\/\/palmaequipmentrental.com\/de\/wp-json\/wp\/v2\/product_tag?post=7693"}],"curies":[{"name":"wp","href":"https:\/\/api.w.org\/{rel}","templated":true}]}}