{"id":8294,"date":"2022-04-20T10:41:12","date_gmt":"2022-04-20T10:41:12","guid":{"rendered":"https:\/\/www.palmaequipmentrental.com\/?post_type=product&#038;p=8294"},"modified":"2022-08-05T11:35:38","modified_gmt":"2022-08-05T11:35:38","slug":"owc-thunderbolt-3-dock","status":"publish","type":"product","link":"https:\/\/palmaequipmentrental.com\/de\/photo-video-equipment-mallorca\/owc-thunderbolt-3-dock\/","title":{"rendered":"OWC Thunderbolt 3 Dock"},"content":{"rendered":"<p><strong>OWC Thunderbolt 3-Dock<\/strong><\/p>\n<p>Unterst\u00fctzung f\u00fcr mehrere Bildschirme: Bis zu zwei 4K- oder ein 5K-Display, ein integrierter Mini-DisplayPort-Anschluss und die M\u00f6glichkeit, den sekund\u00e4ren Thunderbolt 3-Anschluss f\u00fcr ein Display zu verwenden, erm\u00f6glichen es dem Dock, zwei Displays mit einer Aufl\u00f6sung von bis zu 4K oder ein einzelnes 5K-Display zu unterst\u00fctzen<\/p>\n<p><strong>Anschlussm\u00f6glichkeiten:<\/strong><\/p>\n<ul>\n<li>USB 3.1 Gen 2 \/ Gen 1<\/li>\n<li>Thunderbolt 3<\/li>\n<li>microSD-Leser<\/li>\n<li>SD-Leser<\/li>\n<li>Mini-DisplayPort<\/li>\n<li>Gigabit-Ethernet<\/li>\n<li>S\/PDIF<\/li>\n<li>Combo-Audio-E\/A<\/li>\n<\/ul>\n","protected":false},"excerpt":{"rendered":"<p>OWC Thunderbolt 3-Dock Unterst\u00fctzung f\u00fcr mehrere Bildschirme: Bis zu zwei 4K- oder ein 5K-Display, ein integrierter Mini-DisplayPort-Anschluss und die M\u00f6glichkeit, den sekund\u00e4ren Thunderbolt 3-Anschluss f\u00fcr ein Display zu verwenden, erm\u00f6glichen es dem Dock, zwei Displays mit einer Aufl\u00f6sung von bis zu 4K oder ein einzelnes 5K-Display zu unterst\u00fctzen Anschlussm\u00f6glichkeiten: USB 3.1 Gen 2 \/ Gen 1 Thunderbolt 3 microSD-Leser SD-Leser [&hellip;]<\/p>\n","protected":false},"featured_media":8299,"template":"","meta":[],"product_cat":[131],"product_tag":[],"class_list":{"0":"post-8294","1":"product","2":"type-product","3":"status-publish","4":"has-post-thumbnail","6":"product_cat-digitale-zubehor","8":"first","9":"instock","10":"shipping-taxable","11":"purchasable","12":"product-type-simple"},"_links":{"self":[{"href":"https:\/\/palmaequipmentrental.com\/de\/wp-json\/wp\/v2\/product\/8294","targetHints":{"allow":["GET"]}}],"collection":[{"href":"https:\/\/palmaequipmentrental.com\/de\/wp-json\/wp\/v2\/product"}],"about":[{"href":"https:\/\/palmaequipmentrental.com\/de\/wp-json\/wp\/v2\/types\/product"}],"wp:featuredmedia":[{"embeddable":true,"href":"https:\/\/palmaequipmentrental.com\/de\/wp-json\/wp\/v2\/media\/8299"}],"wp:attachment":[{"href":"https:\/\/palmaequipmentrental.com\/de\/wp-json\/wp\/v2\/media?parent=8294"}],"wp:term":[{"taxonomy":"product_cat","embeddable":true,"href":"https:\/\/palmaequipmentrental.com\/de\/wp-json\/wp\/v2\/product_cat?post=8294"},{"taxonomy":"product_tag","embeddable":true,"href":"https:\/\/palmaequipmentrental.com\/de\/wp-json\/wp\/v2\/product_tag?post=8294"}],"curies":[{"name":"wp","href":"https:\/\/api.w.org\/{rel}","templated":true}]}}