{"id":8476,"date":"2022-04-26T10:29:15","date_gmt":"2022-04-26T10:29:15","guid":{"rendered":"https:\/\/www.palmaequipmentrental.com\/?post_type=product&#038;p=8476"},"modified":"2023-01-26T13:08:36","modified_gmt":"2023-01-26T13:08:36","slug":"bose-soundlink-3","status":"publish","type":"product","link":"https:\/\/palmaequipmentrental.com\/de\/photo-video-equipment-mallorca\/bose-soundlink-3\/","title":{"rendered":"Bose SoundLink 3"},"content":{"rendered":"<p><strong>Bose SoundLink III Bluetooth-Lautsprecher.<\/strong><\/p>\n<p>Dieser Lautsprecher verf\u00fcgt \u00fcber einen internen, wiederaufladbaren Akku, vier Treiber und zwei Passivradiatoren f\u00fcr einen dynamischen und klaren Stereoklang. Die integrierte Bluetooth 2.1-Konnektivit\u00e4t erm\u00f6glicht die drahtlose Kopplung mit anderen Bluetooth-f\u00e4higen Ger\u00e4ten. Eine kabelgebundene 3,5-mm-Audioschnittstelle ist ebenfalls an Bord und erm\u00f6glicht kabelgebundene Audioverbindungen.<\/p>\n<ul>\n<li>Bluetooth: 2.1<\/li>\n<li>Aux-Eingang: Stereo-Miniklinke 3,5 mm<\/li>\n<li>Abmessungen: 5,2&#8243; H x 10&#8243; B x 1,9&#8243; T (13,5 cm x 25,6 cm x 4,8 cm)<\/li>\n<li>Gewicht: 3,03 lb (1,37 kg)<\/li>\n<\/ul>\n","protected":false},"excerpt":{"rendered":"<p>Bose SoundLink III Bluetooth-Lautsprecher. Dieser Lautsprecher verf\u00fcgt \u00fcber einen internen, wiederaufladbaren Akku, vier Treiber und zwei Passivradiatoren f\u00fcr einen dynamischen und klaren Stereoklang. Die integrierte Bluetooth 2.1-Konnektivit\u00e4t erm\u00f6glicht die drahtlose Kopplung mit anderen Bluetooth-f\u00e4higen Ger\u00e4ten. Eine kabelgebundene 3,5-mm-Audioschnittstelle ist ebenfalls an Bord und erm\u00f6glicht kabelgebundene Audioverbindungen. Bluetooth: 2.1 Aux-Eingang: Stereo-Miniklinke 3,5 mm Abmessungen: 5,2&#8243; H x 10&#8243; B x 1,9&#8243; [&hellip;]<\/p>\n","protected":false},"featured_media":8470,"template":"","meta":[],"product_cat":[125],"product_tag":[],"class_list":{"0":"post-8476","1":"product","2":"type-product","3":"status-publish","4":"has-post-thumbnail","6":"product_cat-produktion-de","8":"first","9":"instock","10":"shipping-taxable","11":"purchasable","12":"product-type-simple"},"_links":{"self":[{"href":"https:\/\/palmaequipmentrental.com\/de\/wp-json\/wp\/v2\/product\/8476","targetHints":{"allow":["GET"]}}],"collection":[{"href":"https:\/\/palmaequipmentrental.com\/de\/wp-json\/wp\/v2\/product"}],"about":[{"href":"https:\/\/palmaequipmentrental.com\/de\/wp-json\/wp\/v2\/types\/product"}],"wp:featuredmedia":[{"embeddable":true,"href":"https:\/\/palmaequipmentrental.com\/de\/wp-json\/wp\/v2\/media\/8470"}],"wp:attachment":[{"href":"https:\/\/palmaequipmentrental.com\/de\/wp-json\/wp\/v2\/media?parent=8476"}],"wp:term":[{"taxonomy":"product_cat","embeddable":true,"href":"https:\/\/palmaequipmentrental.com\/de\/wp-json\/wp\/v2\/product_cat?post=8476"},{"taxonomy":"product_tag","embeddable":true,"href":"https:\/\/palmaequipmentrental.com\/de\/wp-json\/wp\/v2\/product_tag?post=8476"}],"curies":[{"name":"wp","href":"https:\/\/api.w.org\/{rel}","templated":true}]}}