{"id":8584,"date":"2022-04-28T08:09:59","date_gmt":"2022-04-28T08:09:59","guid":{"rendered":"https:\/\/www.palmaequipmentrental.com\/?post_type=product&#038;p=8584"},"modified":"2022-08-05T11:35:29","modified_gmt":"2022-08-05T11:35:29","slug":"polarizer-filter-72mm","status":"publish","type":"product","link":"https:\/\/palmaequipmentrental.com\/de\/photo-video-equipment-mallorca\/polarizer-filter-72mm\/","title":{"rendered":"Polarisationsfilter 72mm"},"content":{"rendered":"<p><strong>Zirkularer Polarisationsfilter mit hoher Transmission und 72mm Durchmesser<\/strong><\/p>\n<ul>\n<li>Macht einen blauen Himmel blauer<\/li>\n<li>Verbessert die Farbs\u00e4ttigung der Szene durch Unterdr\u00fcckung der Reflexionen auf der Oberfl\u00e4che<\/li>\n<li>Eliminiert Reflexionen in Glas oder auf Wasser<\/li>\n<li>Hebt Wolken hervor<\/li>\n<\/ul>\n","protected":false},"excerpt":{"rendered":"<p>Zirkularer Polarisationsfilter mit hoher Transmission und 72mm Durchmesser Macht einen blauen Himmel blauer Verbessert die Farbs\u00e4ttigung der Szene durch Unterdr\u00fcckung der Reflexionen auf der Oberfl\u00e4che Eliminiert Reflexionen in Glas oder auf Wasser Hebt Wolken hervor<\/p>\n","protected":false},"featured_media":9607,"template":"","meta":[],"product_cat":[445,404],"product_tag":[],"class_list":{"0":"post-8584","1":"product","2":"type-product","3":"status-publish","4":"has-post-thumbnail","6":"product_cat-filter-adapter-ringe","7":"product_cat-filter","9":"first","10":"instock","11":"shipping-taxable","12":"purchasable","13":"product-type-simple"},"_links":{"self":[{"href":"https:\/\/palmaequipmentrental.com\/de\/wp-json\/wp\/v2\/product\/8584","targetHints":{"allow":["GET"]}}],"collection":[{"href":"https:\/\/palmaequipmentrental.com\/de\/wp-json\/wp\/v2\/product"}],"about":[{"href":"https:\/\/palmaequipmentrental.com\/de\/wp-json\/wp\/v2\/types\/product"}],"wp:featuredmedia":[{"embeddable":true,"href":"https:\/\/palmaequipmentrental.com\/de\/wp-json\/wp\/v2\/media\/9607"}],"wp:attachment":[{"href":"https:\/\/palmaequipmentrental.com\/de\/wp-json\/wp\/v2\/media?parent=8584"}],"wp:term":[{"taxonomy":"product_cat","embeddable":true,"href":"https:\/\/palmaequipmentrental.com\/de\/wp-json\/wp\/v2\/product_cat?post=8584"},{"taxonomy":"product_tag","embeddable":true,"href":"https:\/\/palmaequipmentrental.com\/de\/wp-json\/wp\/v2\/product_tag?post=8584"}],"curies":[{"name":"wp","href":"https:\/\/api.w.org\/{rel}","templated":true}]}}